{"id":2525,"date":"2024-01-09T13:24:57","date_gmt":"2024-01-09T12:24:57","guid":{"rendered":"https:\/\/santa-giulia.net\/histoire-de-famille\/"},"modified":"2024-06-03T18:14:18","modified_gmt":"2024-06-03T16:14:18","slug":"familiengeschichte","status":"publish","type":"page","link":"https:\/\/santa-giulia.net\/de\/familiengeschichte\/","title":{"rendered":"Familiengeschichte"},"content":{"rendered":"<div class=\"wpb-content-wrapper\"><p>[vc_row full_width=&#8220;stretch_row_content_no_spaces&#8220; disable_element=&#8220;yes&#8220; type=&#8220;vc_default&#8220; css=&#8220;.vc_custom_1704812312106{margin-top: 0px !important;padding-top: 0px !important;background-position: center !important;background-repeat: no-repeat !important;background-size: cover !important;}&#8220;][vc_column css=&#8220;.vc_custom_1699523036787{padding-top: 0px !important;}&#8220;][vc_single_image image=&#8220;850&#8243; img_size=&#8220;full&#8220; alignment=&#8220;center&#8220; css=&#8220;.vc_custom_1704803043729{margin-top: 0px !important;margin-right: 0px !important;margin-bottom: 0px !important;margin-left: 0px !important;border-top-width: 0px !important;border-right-width: 0px !important;border-bottom-width: 0px !important;border-left-width: 0px !important;padding-top: 0px !important;padding-right: 0px !important;padding-bottom: 0px !important;padding-left: 0px !important;}&#8220;][\/vc_column][\/vc_row][vc_row][vc_column width=&#8220;1\/6&#8243;][\/vc_column][vc_column width=&#8220;2\/3&#8243;]<div class=\"ult-spacer spacer-69d14a5595be3\" data-id=\"69d14a5595be3\" data-height=\"100\" data-height-mobile=\"75\" data-height-tab=\"\" data-height-tab-portrait=\"\" data-height-mobile-landscape=\"\" style=\"clear:both;display:block;\"><\/div>[vc_custom_heading text=&#8220;EINE <i>VORAUSSCHAUENDE <\/i> Vision&#8220; font_container=&#8220;tag:h1|text_align:center&#8220; use_theme_fonts=&#8220;yes&#8220;][vc_column_text css=&#8220;.vc_custom_1715329483291{margin-bottom: 10px !important;}&#8220;]<\/p>\n<p style=\"text-align: center;\">Urspr\u00fcnglich beauftragten Antoine Cesari und seine Tochter Catherine Cesari den Architekten Pierre Puccinelli, Preistr\u00e4ger des Prix de Rome und Sch\u00fcler des weltber\u00fchmten Renzo Piano, damit, die nat\u00fcrliche Sch\u00f6nheit der Bucht von Santa Giulia einzufangen und sie den G\u00e4sten des Domaine Santa Giulia Palace zur\u00fcckzugeben.<\/p>\n<p style=\"text-align: center;\">So entstand 1988 eine schlichte und raffinierte Umgebung, die die R\u00fcckverbindung zu sich selbst und das Teilen einzigartiger Momente mit Familie und Freunden f\u00f6rdert.<\/p>\n<p>[\/vc_column_text]<div class=\"ult-spacer spacer-69d14a5595c11\" data-id=\"69d14a5595c11\" data-height=\"100\" data-height-mobile=\"75\" data-height-tab=\"\" data-height-tab-portrait=\"\" data-height-mobile-landscape=\"\" style=\"clear:both;display:block;\"><\/div>[\/vc_column][vc_column width=&#8220;1\/6&#8243;][\/vc_column][\/vc_row][vc_row][vc_column width=&#8220;1\/2&#8243;][vc_single_image image=&#8220;936&#8243; img_size=&#8220;full&#8220; css=&#8220;.vc_custom_1704811317234{margin-bottom: 0px !important;}&#8220;]<div class=\"ult-spacer spacer-69d14a5595c2b\" data-id=\"69d14a5595c2b\" data-height=\"100\" data-height-mobile=\"50\" data-height-tab=\"\" data-height-tab-portrait=\"\" data-height-mobile-landscape=\"\" style=\"clear:both;display:block;\"><\/div>[\/vc_column][vc_column width=&#8220;1\/2&#8243;]<div class=\"ult-spacer spacer-69d14a5595c40\" data-id=\"69d14a5595c40\" data-height=\"100\" data-height-mobile=\"0\" data-height-tab=\"\" data-height-tab-portrait=\"\" data-height-mobile-landscape=\"\" style=\"clear:both;display:block;\"><\/div>[vc_custom_heading text=&#8220;Eine <i>Familiengeschichte<\/i>&#8220; font_container=&#8220;tag:h1|text_align:left&#8220; use_theme_fonts=&#8220;yes&#8220;][vc_column_text css=&#8220;.vc_custom_1714732232150{margin-bottom: 10px !important;}&#8220;]&#8220;Das Domaine Santa Giulia Palace ist eine Ode an die pulsierende Geschichte unserer Familie, in der wir den Geist der Gastfreundschaft, die Authentizit\u00e4t der korsischen Kultur und des korsischen Know-hows vertiefen und gleichzeitig der Legende eine neue \u00c4ra hinzuf\u00fcgen, indem wir die Anlage versch\u00f6nern, die Dienstleistungen auf den neuesten Stand bringen und neue Erlebnisse schaffen, die man mit anderen teilen kann.<\/p>\n<p>Seit 2023 ist die Familiennachfolge durch Sarah Cesari gesichert, die die Leitung des Lokals an der Seite ihrer Mutter \u00fcbernommen hat.&#8220;[\/vc_column_text][\/vc_column][\/vc_row][vc_row][vc_column]<div class=\"ult-spacer spacer-69d14a5595c5c\" data-id=\"69d14a5595c5c\" data-height=\"100\" data-height-mobile=\"100\" data-height-tab=\"100\" data-height-tab-portrait=\"\" data-height-mobile-landscape=\"\" style=\"clear:both;display:block;\"><\/div>[\/vc_column][\/vc_row][vc_row full_width=&#8220;stretch_row_content_no_spaces&#8220; type=&#8220;vc_default&#8220; css=&#8220;.vc_custom_1699458741602{background-position: center !important;background-repeat: no-repeat !important;background-size: cover !important;}&#8220;][vc_column width=&#8220;1\/2&#8243; css=&#8220;.vc_custom_1699524849412{padding-top: 0px !important;}&#8220;][vc_single_image image=&#8220;869&#8243; img_size=&#8220;full&#8220; alignment=&#8220;center&#8220; css=&#8220;.vc_custom_1704806644587{margin-top: 0px !important;margin-right: 0px !important;margin-bottom: 0px !important;margin-left: 0px !important;border-top-width: 0px !important;border-right-width: 0px !important;border-bottom-width: 0px !important;border-left-width: 0px !important;padding-top: 0px !important;padding-right: 0px !important;padding-bottom: 0px !important;padding-left: 0px !important;}&#8220;][\/vc_column][vc_column width=&#8220;1\/2&#8243; css=&#8220;.vc_custom_1704806694209{padding-top: 0px !important;}&#8220;][vc_single_image image=&#8220;865&#8243; img_size=&#8220;full&#8220; alignment=&#8220;center&#8220; css=&#8220;.vc_custom_1704806628072{margin-top: 0px !important;margin-right: 0px !important;margin-bottom: 0px !important;margin-left: 0px !important;border-top-width: 0px !important;border-right-width: 0px !important;border-bottom-width: 0px !important;border-left-width: 0px !important;padding-top: 0px !important;padding-right: 0px !important;padding-bottom: 0px !important;padding-left: 0px !important;}&#8220;][\/vc_column][\/vc_row][vc_row][vc_column]<div class=\"ult-spacer spacer-69d14a5595c6e\" data-id=\"69d14a5595c6e\" data-height=\"200\" data-height-mobile=\"100\" data-height-tab=\"\" data-height-tab-portrait=\"\" data-height-mobile-landscape=\"\" style=\"clear:both;display:block;\"><\/div>[\/vc_column][\/vc_row][vc_row][vc_column width=&#8220;1\/2&#8243; css=&#8220;.vc_custom_1700587249894{padding-top: 0px !important;}&#8220;][vc_single_image image=&#8220;887&#8243; img_size=&#8220;full&#8220; css=&#8220;.vc_custom_1704807465022{margin-bottom: 0px !important;}&#8220;]<div class=\"ult-spacer spacer-69d14a5595c7f\" data-id=\"69d14a5595c7f\" data-height=\"100\" data-height-mobile=\"50\" data-height-tab=\"\" data-height-tab-portrait=\"\" data-height-mobile-landscape=\"\" style=\"clear:both;display:block;\"><\/div>[\/vc_column][vc_column width=&#8220;1\/2&#8243; css=&#8220;.vc_custom_1700587258531{padding-top: 0px !important;}&#8220;]<div class=\"ult-spacer spacer-69d14a5595c8e\" data-id=\"69d14a5595c8e\" data-height=\"100\" data-height-mobile=\"0\" data-height-tab=\"\" data-height-tab-portrait=\"\" data-height-mobile-landscape=\"\" style=\"clear:both;display:block;\"><\/div>[vc_custom_heading text=&#8220;Sich<i>GEMEINSAM <\/i> entwickeln&#8220; font_container=&#8220;tag:h1|text_align:left&#8220; use_theme_fonts=&#8220;yes&#8220;][vc_column_text css=&#8220;.vc_custom_1715329585441{margin-bottom: 10px !important;}&#8220;]Die Mitarbeiter sind eingeladen, zu wachsen, durch Intelligenz, Wissen, Austausch und Teilen. Im Santa Giulia Palace sind Freude, Vorbildfunktion, Teilen und Leistung die Werte, die uns jeden Tag leiten.<\/p>\n<p>Unser Ziel ist es, unseren G\u00e4sten ein au\u00dfergew\u00f6hnliches Erlebnis zu bieten, indem wir einen moralischen Vertrag schlie\u00dfen, der diesen Ort, der uns so kostbar ist, enth\u00fcllt und verherrlicht.<\/p>\n<p>Wir ermutigen Sie, sich zu entspannen und sich die Zeit zu nehmen, die Sie brauchen, um besser zu empfangen, zuzuh\u00f6ren, zu teilen und sich von den Kulturen der anderen zu ern\u00e4hren.<\/p>\n<p>Es geht darum, sich f\u00fcr alle zu \u00f6ffnen und sich in der Geschichte und Zukunft eines Landes, einer Gegend und eines Territoriums zu verankern, die f\u00fcr jeden, ob Nachbar oder Besucher aus der Ferne, dauerhaft und gerecht vorteilhaft sind.<\/p>\n<p>Es geht darum, harmonische, faire und respektvolle Beziehungen zum Leben, zum Rhythmus der Jahreszeiten, zu M\u00e4nnern und Frauen und zur gesamten Vielfalt der \u00d6kosysteme aufzubauen und alle Beteiligten bei der Bereitstellung von Mitteln zu vereinen, die es erm\u00f6glichen, Initiativen zu gr\u00fcnden und zu beschleunigen, die diese Vision tragen.<\/p>\n<p>Mit der K\u00fchnheit des gesunden Menschenverstands.[\/vc_column_text][\/vc_column][\/vc_row][vc_row][vc_column]<div class=\"ult-spacer spacer-69d14a5595c9d\" data-id=\"69d14a5595c9d\" data-height=\"100\" data-height-mobile=\"50\" data-height-tab=\"\" data-height-tab-portrait=\"\" data-height-mobile-landscape=\"\" style=\"clear:both;display:block;\"><\/div>[\/vc_column][\/vc_row][vc_row full_width=&#8220;stretch_row_content_no_spaces&#8220; type=&#8220;vc_default&#8220; css=&#8220;.vc_custom_1699458741602{background-position: center !important;background-repeat: no-repeat !important;background-size: cover !important;}&#8220;][vc_column width=&#8220;1\/3&#8243; css=&#8220;.vc_custom_1699524849412{padding-top: 0px !important;}&#8220;][vc_single_image image=&#8220;879&#8243; img_size=&#8220;full&#8220; alignment=&#8220;center&#8220; css=&#8220;.vc_custom_1704807227467{margin-top: 0px !important;margin-right: 0px !important;margin-bottom: 0px !important;margin-left: 0px !important;border-top-width: 0px !important;border-right-width: 0px !important;border-bottom-width: 0px !important;border-left-width: 0px !important;padding-top: 0px !important;padding-right: 0px !important;padding-bottom: 0px !important;padding-left: 0px !important;}&#8220;][\/vc_column][vc_column width=&#8220;1\/3&#8243; css=&#8220;.vc_custom_1704807299263{padding-top: 0px !important;}&#8220;][vc_single_image image=&#8220;875&#8243; img_size=&#8220;full&#8220; alignment=&#8220;center&#8220; css=&#8220;.vc_custom_1704807292251{margin-top: 0px !important;margin-right: 0px !important;margin-bottom: 0px !important;margin-left: 0px !important;border-top-width: 0px !important;border-right-width: 0px !important;border-bottom-width: 0px !important;border-left-width: 0px !important;padding-top: 0px !important;padding-right: 0px !important;padding-bottom: 0px !important;padding-left: 0px !important;}&#8220;][\/vc_column][vc_column width=&#8220;1\/3&#8243; css=&#8220;.vc_custom_1704807305764{padding-top: 0px !important;}&#8220;][vc_single_image image=&#8220;883&#8243; img_size=&#8220;full&#8220; alignment=&#8220;center&#8220; css=&#8220;.vc_custom_1704807258693{margin-top: 0px !important;margin-right: 0px !important;margin-bottom: 0px !important;margin-left: 0px !important;border-top-width: 0px !important;border-right-width: 0px !important;border-bottom-width: 0px !important;border-left-width: 0px !important;padding-top: 0px !important;padding-right: 0px !important;padding-bottom: 0px !important;padding-left: 0px !important;}&#8220;][\/vc_column][\/vc_row][vc_row][vc_column width=&#8220;1\/6&#8243;][\/vc_column][vc_column width=&#8220;2\/3&#8243;]<div class=\"ult-spacer spacer-69d14a5595cae\" data-id=\"69d14a5595cae\" data-height=\"100\" data-height-mobile=\"0\" data-height-tab=\"\" data-height-tab-portrait=\"\" data-height-mobile-landscape=\"\" style=\"clear:both;display:block;\"><\/div>[vc_custom_heading text=&#8220;Ein <i>Sinn <\/i> F\u00dcR VERANTWORTUNG&#8220; font_container=&#8220;tag:h1|text_align:center&#8220; use_theme_fonts=&#8220;yes&#8220;][vc_column_text css=&#8220;.vc_custom_1714732682901{margin-bottom: 10px !important;}&#8220;]<\/p>\n<p style=\"text-align: center;\">Im Domaine Santa Giulia Palace gibt es ein Thema, \u00fcber das man nicht diskutiert: den Erhalt der Umwelt. Wir integrieren den Schutz der Natur in jeden Schritt, sowohl in der Produktion als auch im Service, mit konkreten, allt\u00e4glichen und nicht nur ideologischen Handlungen. Mit Bescheidenheit, mit dem Gedanken, unsere Familie, unsere G\u00e4ste und dieses Korsika, dem wir alles verdanken, zu sch\u00fctzen.<\/p>\n<p>[\/vc_column_text]<style type=\"text\/css\" data-type=\"the7_shortcodes-inline-css\">#default-btn-bdf3b192855e7f621fdf8d3d6972f65a.ico-right-side > i {\n  margin-right: 0px;\n  margin-left: 8px;\n}\n#default-btn-bdf3b192855e7f621fdf8d3d6972f65a > i {\n  margin-right: 8px;\n}<\/style><div class=\"btn-align-center\"><a href=\"https:\/\/santa-giulia.net\/de\/eco-responsabilite\/\" class=\"default-btn-shortcode dt-btn dt-btn-m link-hover-off \" id=\"default-btn-bdf3b192855e7f621fdf8d3d6972f65a\"><span>Unsere Verpflichtungen<\/span><\/a><\/div><div class=\"ult-spacer spacer-69d14a5595dd6\" data-id=\"69d14a5595dd6\" data-height=\"150\" data-height-mobile=\"75\" data-height-tab=\"\" data-height-tab-portrait=\"\" data-height-mobile-landscape=\"\" style=\"clear:both;display:block;\"><\/div>[\/vc_column][vc_column width=&#8220;1\/6&#8243;][\/vc_column][\/vc_row]<\/p>\n<\/div>","protected":false},"excerpt":{"rendered":"<p>[vc_row full_width=&#8220;stretch_row_content_no_spaces&#8220; disable_element=&#8220;yes&#8220; type=&#8220;vc_default&#8220; css=&#8220;.vc_custom_1704812312106{margin-top: 0px !important;padding-top: 0px !important;background-position: center !important;background-repeat: no-repeat !important;background-size: cover !important;}&#8220;][vc_column css=&#8220;.vc_custom_1699523036787{padding-top: 0px !important;}&#8220;][vc_single_image image=&#8220;850&#8243; img_size=&#8220;full&#8220; alignment=&#8220;center&#8220; css=&#8220;.vc_custom_1704803043729{margin-top: 0px !important;margin-right: 0px !important;margin-bottom: 0px !important;margin-left: 0px !important;border-top-width: 0px !important;border-right-width: 0px !important;border-bottom-width: 0px !important;border-left-width: 0px !important;padding-top: 0px !important;padding-right: 0px !important;padding-bottom: 0px !important;padding-left: 0px !important;}&#8220;][\/vc_column][\/vc_row][vc_row][vc_column width=&#8220;1\/6&#8243;][\/vc_column][vc_column width=&#8220;2\/3&#8243;][vc_custom_heading text=&#8220;EINE VORAUSSCHAUENDE Vision&#8220; font_container=&#8220;tag:h1|text_align:center&#8220; use_theme_fonts=&#8220;yes&#8220;][vc_column_text css=&#8220;.vc_custom_1715329483291{margin-bottom: 10px&hellip;<\/p>\n","protected":false},"author":1,"featured_media":0,"parent":0,"menu_order":1,"comment_status":"closed","ping_status":"closed","template":"","meta":{"footnotes":""},"class_list":["post-2525","page","type-page","status-publish","hentry","description-off"],"yoast_head":"<!-- This site is optimized with the Yoast SEO plugin v27.3 - https:\/\/yoast.com\/product\/yoast-seo-wordpress\/ -->\n<title>Familiengeschichte Dom\u00e4ne Santa Giulia Palace - Luxusaufenthalt Korsika<\/title>\n<meta name=\"description\" content=\"Das Domaine Santa Giulia Palace ist eine Ode an unsere Familiengeschichte, in der wir den Geist der Gastfreundschaft und der korsischen Authentizit\u00e4t vertiefen.\" \/>\n<meta name=\"robots\" content=\"index, follow, max-snippet:-1, max-image-preview:large, max-video-preview:-1\" \/>\n<link rel=\"canonical\" href=\"https:\/\/santa-giulia.net\/de\/familiengeschichte\/\" \/>\n<meta property=\"og:locale\" content=\"de_DE\" \/>\n<meta property=\"og:type\" content=\"article\" \/>\n<meta property=\"og:title\" content=\"Familiengeschichte Dom\u00e4ne Santa Giulia Palace - Luxusaufenthalt Korsika\" \/>\n<meta property=\"og:description\" content=\"Das Domaine Santa Giulia Palace ist eine Ode an unsere Familiengeschichte, in der wir den Geist der Gastfreundschaft und der korsischen Authentizit\u00e4t vertiefen.\" \/>\n<meta property=\"og:url\" content=\"https:\/\/santa-giulia.net\/de\/familiengeschichte\/\" \/>\n<meta property=\"og:site_name\" content=\"Domaine Santa Giulia Palace - S\u00e9jour de luxe - Vue Mer en Corse\" \/>\n<meta property=\"article:publisher\" content=\"https:\/\/www.facebook.com\/ResidenceSantaGiuliaPalace\" \/>\n<meta property=\"article:modified_time\" content=\"2024-06-03T16:14:18+00:00\" \/>\n<meta name=\"twitter:card\" content=\"summary_large_image\" \/>\n<meta name=\"twitter:label1\" content=\"Gesch\u00e4tzte Lesezeit\" \/>\n\t<meta name=\"twitter:data1\" content=\"6\u00a0Minuten\" \/>\n<script type=\"application\/ld+json\" class=\"yoast-schema-graph\">{\"@context\":\"https:\\\/\\\/schema.org\",\"@graph\":[{\"@type\":\"WebPage\",\"@id\":\"https:\\\/\\\/santa-giulia.net\\\/de\\\/familiengeschichte\\\/\",\"url\":\"https:\\\/\\\/santa-giulia.net\\\/de\\\/familiengeschichte\\\/\",\"name\":\"Familiengeschichte Dom\u00e4ne Santa Giulia Palace - Luxusaufenthalt Korsika\",\"isPartOf\":{\"@id\":\"https:\\\/\\\/santa-giulia.net\\\/de\\\/#website\"},\"datePublished\":\"2024-01-09T12:24:57+00:00\",\"dateModified\":\"2024-06-03T16:14:18+00:00\",\"description\":\"Das Domaine Santa Giulia Palace ist eine Ode an unsere Familiengeschichte, in der wir den Geist der Gastfreundschaft und der korsischen Authentizit\u00e4t vertiefen.\",\"breadcrumb\":{\"@id\":\"https:\\\/\\\/santa-giulia.net\\\/de\\\/familiengeschichte\\\/#breadcrumb\"},\"inLanguage\":\"de\",\"potentialAction\":[{\"@type\":\"ReadAction\",\"target\":[\"https:\\\/\\\/santa-giulia.net\\\/de\\\/familiengeschichte\\\/\"]}]},{\"@type\":\"BreadcrumbList\",\"@id\":\"https:\\\/\\\/santa-giulia.net\\\/de\\\/familiengeschichte\\\/#breadcrumb\",\"itemListElement\":[{\"@type\":\"ListItem\",\"position\":1,\"name\":\"Accueil\",\"item\":\"https:\\\/\\\/santa-giulia.net\\\/de\\\/\"},{\"@type\":\"ListItem\",\"position\":2,\"name\":\"Familiengeschichte\"}]},{\"@type\":\"WebSite\",\"@id\":\"https:\\\/\\\/santa-giulia.net\\\/de\\\/#website\",\"url\":\"https:\\\/\\\/santa-giulia.net\\\/de\\\/\",\"name\":\"Domaine Santa Giulia Palace - S\u00e9jour de luxe - Vue Mer en Corse\",\"description\":\"Un Site d\u00e9velopp\u00e9 par PMT Hotels\",\"publisher\":{\"@id\":\"https:\\\/\\\/santa-giulia.net\\\/de\\\/#organization\"},\"potentialAction\":[{\"@type\":\"SearchAction\",\"target\":{\"@type\":\"EntryPoint\",\"urlTemplate\":\"https:\\\/\\\/santa-giulia.net\\\/de\\\/?s={search_term_string}\"},\"query-input\":{\"@type\":\"PropertyValueSpecification\",\"valueRequired\":true,\"valueName\":\"search_term_string\"}}],\"inLanguage\":\"de\"},{\"@type\":\"Organization\",\"@id\":\"https:\\\/\\\/santa-giulia.net\\\/de\\\/#organization\",\"name\":\"Domaine Santa Giulia Palace - S\u00e9jour de luxe - Vue Mer en Corse\",\"url\":\"https:\\\/\\\/santa-giulia.net\\\/de\\\/\",\"logo\":{\"@type\":\"ImageObject\",\"inLanguage\":\"de\",\"@id\":\"https:\\\/\\\/santa-giulia.net\\\/de\\\/#\\\/schema\\\/logo\\\/image\\\/\",\"url\":\"https:\\\/\\\/santagiulia.net\\\/wp-content\\\/uploads\\\/2023\\\/06\\\/Logo-Domaine-Santa-Giulia-Palace-600.png\",\"contentUrl\":\"https:\\\/\\\/santagiulia.net\\\/wp-content\\\/uploads\\\/2023\\\/06\\\/Logo-Domaine-Santa-Giulia-Palace-600.png\",\"width\":600,\"height\":438,\"caption\":\"Domaine Santa Giulia Palace - S\u00e9jour de luxe - Vue Mer en Corse\"},\"image\":{\"@id\":\"https:\\\/\\\/santa-giulia.net\\\/de\\\/#\\\/schema\\\/logo\\\/image\\\/\"},\"sameAs\":[\"https:\\\/\\\/www.facebook.com\\\/ResidenceSantaGiuliaPalace\",\"https:\\\/\\\/www.instagram.com\\\/santagiuliapalace\\\/\"]}]}<\/script>\n<!-- \/ Yoast SEO plugin. -->","yoast_head_json":{"title":"Familiengeschichte Dom\u00e4ne Santa Giulia Palace - Luxusaufenthalt Korsika","description":"Das Domaine Santa Giulia Palace ist eine Ode an unsere Familiengeschichte, in der wir den Geist der Gastfreundschaft und der korsischen Authentizit\u00e4t vertiefen.","robots":{"index":"index","follow":"follow","max-snippet":"max-snippet:-1","max-image-preview":"max-image-preview:large","max-video-preview":"max-video-preview:-1"},"canonical":"https:\/\/santa-giulia.net\/de\/familiengeschichte\/","og_locale":"de_DE","og_type":"article","og_title":"Familiengeschichte Dom\u00e4ne Santa Giulia Palace - Luxusaufenthalt Korsika","og_description":"Das Domaine Santa Giulia Palace ist eine Ode an unsere Familiengeschichte, in der wir den Geist der Gastfreundschaft und der korsischen Authentizit\u00e4t vertiefen.","og_url":"https:\/\/santa-giulia.net\/de\/familiengeschichte\/","og_site_name":"Domaine Santa Giulia Palace - S\u00e9jour de luxe - Vue Mer en Corse","article_publisher":"https:\/\/www.facebook.com\/ResidenceSantaGiuliaPalace","article_modified_time":"2024-06-03T16:14:18+00:00","twitter_card":"summary_large_image","twitter_misc":{"Gesch\u00e4tzte Lesezeit":"6\u00a0Minuten"},"schema":{"@context":"https:\/\/schema.org","@graph":[{"@type":"WebPage","@id":"https:\/\/santa-giulia.net\/de\/familiengeschichte\/","url":"https:\/\/santa-giulia.net\/de\/familiengeschichte\/","name":"Familiengeschichte Dom\u00e4ne Santa Giulia Palace - Luxusaufenthalt Korsika","isPartOf":{"@id":"https:\/\/santa-giulia.net\/de\/#website"},"datePublished":"2024-01-09T12:24:57+00:00","dateModified":"2024-06-03T16:14:18+00:00","description":"Das Domaine Santa Giulia Palace ist eine Ode an unsere Familiengeschichte, in der wir den Geist der Gastfreundschaft und der korsischen Authentizit\u00e4t vertiefen.","breadcrumb":{"@id":"https:\/\/santa-giulia.net\/de\/familiengeschichte\/#breadcrumb"},"inLanguage":"de","potentialAction":[{"@type":"ReadAction","target":["https:\/\/santa-giulia.net\/de\/familiengeschichte\/"]}]},{"@type":"BreadcrumbList","@id":"https:\/\/santa-giulia.net\/de\/familiengeschichte\/#breadcrumb","itemListElement":[{"@type":"ListItem","position":1,"name":"Accueil","item":"https:\/\/santa-giulia.net\/de\/"},{"@type":"ListItem","position":2,"name":"Familiengeschichte"}]},{"@type":"WebSite","@id":"https:\/\/santa-giulia.net\/de\/#website","url":"https:\/\/santa-giulia.net\/de\/","name":"Domaine Santa Giulia Palace - S\u00e9jour de luxe - Vue Mer en Corse","description":"Un Site d\u00e9velopp\u00e9 par PMT Hotels","publisher":{"@id":"https:\/\/santa-giulia.net\/de\/#organization"},"potentialAction":[{"@type":"SearchAction","target":{"@type":"EntryPoint","urlTemplate":"https:\/\/santa-giulia.net\/de\/?s={search_term_string}"},"query-input":{"@type":"PropertyValueSpecification","valueRequired":true,"valueName":"search_term_string"}}],"inLanguage":"de"},{"@type":"Organization","@id":"https:\/\/santa-giulia.net\/de\/#organization","name":"Domaine Santa Giulia Palace - S\u00e9jour de luxe - Vue Mer en Corse","url":"https:\/\/santa-giulia.net\/de\/","logo":{"@type":"ImageObject","inLanguage":"de","@id":"https:\/\/santa-giulia.net\/de\/#\/schema\/logo\/image\/","url":"https:\/\/santagiulia.net\/wp-content\/uploads\/2023\/06\/Logo-Domaine-Santa-Giulia-Palace-600.png","contentUrl":"https:\/\/santagiulia.net\/wp-content\/uploads\/2023\/06\/Logo-Domaine-Santa-Giulia-Palace-600.png","width":600,"height":438,"caption":"Domaine Santa Giulia Palace - S\u00e9jour de luxe - Vue Mer en Corse"},"image":{"@id":"https:\/\/santa-giulia.net\/de\/#\/schema\/logo\/image\/"},"sameAs":["https:\/\/www.facebook.com\/ResidenceSantaGiuliaPalace","https:\/\/www.instagram.com\/santagiuliapalace\/"]}]}},"_links":{"self":[{"href":"https:\/\/santa-giulia.net\/de\/wp-json\/wp\/v2\/pages\/2525","targetHints":{"allow":["GET"]}}],"collection":[{"href":"https:\/\/santa-giulia.net\/de\/wp-json\/wp\/v2\/pages"}],"about":[{"href":"https:\/\/santa-giulia.net\/de\/wp-json\/wp\/v2\/types\/page"}],"author":[{"embeddable":true,"href":"https:\/\/santa-giulia.net\/de\/wp-json\/wp\/v2\/users\/1"}],"replies":[{"embeddable":true,"href":"https:\/\/santa-giulia.net\/de\/wp-json\/wp\/v2\/comments?post=2525"}],"version-history":[{"count":6,"href":"https:\/\/santa-giulia.net\/de\/wp-json\/wp\/v2\/pages\/2525\/revisions"}],"predecessor-version":[{"id":2688,"href":"https:\/\/santa-giulia.net\/de\/wp-json\/wp\/v2\/pages\/2525\/revisions\/2688"}],"wp:attachment":[{"href":"https:\/\/santa-giulia.net\/de\/wp-json\/wp\/v2\/media?parent=2525"}],"curies":[{"name":"wp","href":"https:\/\/api.w.org\/{rel}","templated":true}]}}