{"id":2532,"date":"2024-04-03T16:08:24","date_gmt":"2024-04-03T14:08:24","guid":{"rendered":"https:\/\/santa-giulia.net\/experiences\/"},"modified":"2024-05-31T14:55:05","modified_gmt":"2024-05-31T12:55:05","slug":"erfahrungen","status":"publish","type":"page","link":"https:\/\/santa-giulia.net\/de\/erfahrungen\/","title":{"rendered":"Erfahrungen"},"content":{"rendered":"<div class=\"wpb-content-wrapper\"><p>[vc_row][vc_column]<div class=\"ult-spacer spacer-69de009e691b4\" data-id=\"69de009e691b4\" data-height=\"70\" data-height-mobile=\"70\" data-height-tab=\"70\" data-height-tab-portrait=\"\" data-height-mobile-landscape=\"\" style=\"clear:both;display:block;\"><\/div>[vc_custom_heading text=&#8220;Wir sind f\u00fcr <i>Sie <\/i> da&#8220; font_container=&#8220;tag:h1|text_align:center&#8220; use_theme_fonts=&#8220;yes&#8220;]<style type=\"text\/css\" data-type=\"the7_shortcodes-inline-css\">#default-btn-f61040210a9fea21a4d793d2e89e946c.ico-right-side > i {\n  margin-right: 0px;\n  margin-left: 8px;\n}\n#default-btn-f61040210a9fea21a4d793d2e89e946c > i {\n  margin-right: 8px;\n}<\/style><div class=\"btn-align-center\"><a href=\"#\" class=\"default-btn-shortcode dt-btn dt-btn-m link-hover-off contact \" id=\"default-btn-f61040210a9fea21a4d793d2e89e946c\"><span>Kontaktieren Sie den Concierge<\/span><\/a><\/div><div class=\"ult-spacer spacer-69de009e692b7\" data-id=\"69de009e692b7\" data-height=\"100\" data-height-mobile=\"100\" data-height-tab=\"100\" data-height-tab-portrait=\"\" data-height-mobile-landscape=\"\" style=\"clear:both;display:block;\"><\/div>[\/vc_column][\/vc_row]<\/p>\n<\/div>","protected":false},"excerpt":{"rendered":"<p>[vc_row][vc_column][vc_custom_heading text=&#8220;Wir sind f\u00fcr Sie da&#8220; font_container=&#8220;tag:h1|text_align:center&#8220; use_theme_fonts=&#8220;yes&#8220;][\/vc_column][\/vc_row]<\/p>\n","protected":false},"author":1,"featured_media":0,"parent":0,"menu_order":4,"comment_status":"closed","ping_status":"closed","template":"template-blog-masonry.php","meta":{"footnotes":""},"class_list":["post-2532","page","type-page","status-publish","hentry","description-off"],"yoast_head":"<!-- This site is optimized with the Yoast SEO plugin v27.3 - https:\/\/yoast.com\/product\/yoast-seo-wordpress\/ -->\n<title>Erfahrungen Dom\u00e4ne Santa Giulia Palace - Luxusaufenthalt Korsika<\/title>\n<meta name=\"description\" content=\"Ob mit der Familie, zu zweit oder mit Freunden - was auch immer Sie sich w\u00fcnschen, wir laden Sie ein, Korsika auf eine andere Art und Weise zu erkunden.\" \/>\n<meta name=\"robots\" content=\"index, follow, max-snippet:-1, max-image-preview:large, max-video-preview:-1\" \/>\n<link rel=\"canonical\" href=\"https:\/\/santa-giulia.net\/de\/erfahrungen\/\" \/>\n<meta property=\"og:locale\" content=\"de_DE\" \/>\n<meta property=\"og:type\" content=\"article\" \/>\n<meta property=\"og:title\" content=\"Erfahrungen Dom\u00e4ne Santa Giulia Palace - Luxusaufenthalt Korsika\" \/>\n<meta property=\"og:description\" content=\"Ob mit der Familie, zu zweit oder mit Freunden - was auch immer Sie sich w\u00fcnschen, wir laden Sie ein, Korsika auf eine andere Art und Weise zu erkunden.\" \/>\n<meta property=\"og:url\" content=\"https:\/\/santa-giulia.net\/de\/erfahrungen\/\" \/>\n<meta property=\"og:site_name\" content=\"Domaine Santa Giulia Palace - S\u00e9jour de luxe - Vue Mer en Corse\" \/>\n<meta property=\"article:publisher\" content=\"https:\/\/www.facebook.com\/ResidenceSantaGiuliaPalace\" \/>\n<meta property=\"article:modified_time\" content=\"2024-05-31T12:55:05+00:00\" \/>\n<meta name=\"twitter:card\" content=\"summary_large_image\" \/>\n<meta name=\"twitter:label1\" content=\"Gesch\u00e4tzte Lesezeit\" \/>\n\t<meta name=\"twitter:data1\" content=\"1\u00a0Minute\" \/>\n<script type=\"application\/ld+json\" class=\"yoast-schema-graph\">{\"@context\":\"https:\\\/\\\/schema.org\",\"@graph\":[{\"@type\":\"WebPage\",\"@id\":\"https:\\\/\\\/santa-giulia.net\\\/de\\\/erfahrungen\\\/\",\"url\":\"https:\\\/\\\/santa-giulia.net\\\/de\\\/erfahrungen\\\/\",\"name\":\"Erfahrungen Dom\u00e4ne Santa Giulia Palace - Luxusaufenthalt Korsika\",\"isPartOf\":{\"@id\":\"https:\\\/\\\/santa-giulia.net\\\/de\\\/#website\"},\"datePublished\":\"2024-04-03T14:08:24+00:00\",\"dateModified\":\"2024-05-31T12:55:05+00:00\",\"description\":\"Ob mit der Familie, zu zweit oder mit Freunden - was auch immer Sie sich w\u00fcnschen, wir laden Sie ein, Korsika auf eine andere Art und Weise zu erkunden.\",\"breadcrumb\":{\"@id\":\"https:\\\/\\\/santa-giulia.net\\\/de\\\/erfahrungen\\\/#breadcrumb\"},\"inLanguage\":\"de\",\"potentialAction\":[{\"@type\":\"ReadAction\",\"target\":[\"https:\\\/\\\/santa-giulia.net\\\/de\\\/erfahrungen\\\/\"]}]},{\"@type\":\"BreadcrumbList\",\"@id\":\"https:\\\/\\\/santa-giulia.net\\\/de\\\/erfahrungen\\\/#breadcrumb\",\"itemListElement\":[{\"@type\":\"ListItem\",\"position\":1,\"name\":\"Accueil\",\"item\":\"https:\\\/\\\/santa-giulia.net\\\/de\\\/\"},{\"@type\":\"ListItem\",\"position\":2,\"name\":\"Erfahrungen\"}]},{\"@type\":\"WebSite\",\"@id\":\"https:\\\/\\\/santa-giulia.net\\\/de\\\/#website\",\"url\":\"https:\\\/\\\/santa-giulia.net\\\/de\\\/\",\"name\":\"Domaine Santa Giulia Palace - S\u00e9jour de luxe - Vue Mer en Corse\",\"description\":\"Un Site d\u00e9velopp\u00e9 par PMT Hotels\",\"publisher\":{\"@id\":\"https:\\\/\\\/santa-giulia.net\\\/de\\\/#organization\"},\"potentialAction\":[{\"@type\":\"SearchAction\",\"target\":{\"@type\":\"EntryPoint\",\"urlTemplate\":\"https:\\\/\\\/santa-giulia.net\\\/de\\\/?s={search_term_string}\"},\"query-input\":{\"@type\":\"PropertyValueSpecification\",\"valueRequired\":true,\"valueName\":\"search_term_string\"}}],\"inLanguage\":\"de\"},{\"@type\":\"Organization\",\"@id\":\"https:\\\/\\\/santa-giulia.net\\\/de\\\/#organization\",\"name\":\"Domaine Santa Giulia Palace - S\u00e9jour de luxe - Vue Mer en Corse\",\"url\":\"https:\\\/\\\/santa-giulia.net\\\/de\\\/\",\"logo\":{\"@type\":\"ImageObject\",\"inLanguage\":\"de\",\"@id\":\"https:\\\/\\\/santa-giulia.net\\\/de\\\/#\\\/schema\\\/logo\\\/image\\\/\",\"url\":\"https:\\\/\\\/santagiulia.net\\\/wp-content\\\/uploads\\\/2023\\\/06\\\/Logo-Domaine-Santa-Giulia-Palace-600.png\",\"contentUrl\":\"https:\\\/\\\/santagiulia.net\\\/wp-content\\\/uploads\\\/2023\\\/06\\\/Logo-Domaine-Santa-Giulia-Palace-600.png\",\"width\":600,\"height\":438,\"caption\":\"Domaine Santa Giulia Palace - S\u00e9jour de luxe - Vue Mer en Corse\"},\"image\":{\"@id\":\"https:\\\/\\\/santa-giulia.net\\\/de\\\/#\\\/schema\\\/logo\\\/image\\\/\"},\"sameAs\":[\"https:\\\/\\\/www.facebook.com\\\/ResidenceSantaGiuliaPalace\",\"https:\\\/\\\/www.instagram.com\\\/santagiuliapalace\\\/\"]}]}<\/script>\n<!-- \/ Yoast SEO plugin. -->","yoast_head_json":{"title":"Erfahrungen Dom\u00e4ne Santa Giulia Palace - Luxusaufenthalt Korsika","description":"Ob mit der Familie, zu zweit oder mit Freunden - was auch immer Sie sich w\u00fcnschen, wir laden Sie ein, Korsika auf eine andere Art und Weise zu erkunden.","robots":{"index":"index","follow":"follow","max-snippet":"max-snippet:-1","max-image-preview":"max-image-preview:large","max-video-preview":"max-video-preview:-1"},"canonical":"https:\/\/santa-giulia.net\/de\/erfahrungen\/","og_locale":"de_DE","og_type":"article","og_title":"Erfahrungen Dom\u00e4ne Santa Giulia Palace - Luxusaufenthalt Korsika","og_description":"Ob mit der Familie, zu zweit oder mit Freunden - was auch immer Sie sich w\u00fcnschen, wir laden Sie ein, Korsika auf eine andere Art und Weise zu erkunden.","og_url":"https:\/\/santa-giulia.net\/de\/erfahrungen\/","og_site_name":"Domaine Santa Giulia Palace - S\u00e9jour de luxe - Vue Mer en Corse","article_publisher":"https:\/\/www.facebook.com\/ResidenceSantaGiuliaPalace","article_modified_time":"2024-05-31T12:55:05+00:00","twitter_card":"summary_large_image","twitter_misc":{"Gesch\u00e4tzte Lesezeit":"1\u00a0Minute"},"schema":{"@context":"https:\/\/schema.org","@graph":[{"@type":"WebPage","@id":"https:\/\/santa-giulia.net\/de\/erfahrungen\/","url":"https:\/\/santa-giulia.net\/de\/erfahrungen\/","name":"Erfahrungen Dom\u00e4ne Santa Giulia Palace - Luxusaufenthalt Korsika","isPartOf":{"@id":"https:\/\/santa-giulia.net\/de\/#website"},"datePublished":"2024-04-03T14:08:24+00:00","dateModified":"2024-05-31T12:55:05+00:00","description":"Ob mit der Familie, zu zweit oder mit Freunden - was auch immer Sie sich w\u00fcnschen, wir laden Sie ein, Korsika auf eine andere Art und Weise zu erkunden.","breadcrumb":{"@id":"https:\/\/santa-giulia.net\/de\/erfahrungen\/#breadcrumb"},"inLanguage":"de","potentialAction":[{"@type":"ReadAction","target":["https:\/\/santa-giulia.net\/de\/erfahrungen\/"]}]},{"@type":"BreadcrumbList","@id":"https:\/\/santa-giulia.net\/de\/erfahrungen\/#breadcrumb","itemListElement":[{"@type":"ListItem","position":1,"name":"Accueil","item":"https:\/\/santa-giulia.net\/de\/"},{"@type":"ListItem","position":2,"name":"Erfahrungen"}]},{"@type":"WebSite","@id":"https:\/\/santa-giulia.net\/de\/#website","url":"https:\/\/santa-giulia.net\/de\/","name":"Domaine Santa Giulia Palace - S\u00e9jour de luxe - Vue Mer en Corse","description":"Un Site d\u00e9velopp\u00e9 par PMT Hotels","publisher":{"@id":"https:\/\/santa-giulia.net\/de\/#organization"},"potentialAction":[{"@type":"SearchAction","target":{"@type":"EntryPoint","urlTemplate":"https:\/\/santa-giulia.net\/de\/?s={search_term_string}"},"query-input":{"@type":"PropertyValueSpecification","valueRequired":true,"valueName":"search_term_string"}}],"inLanguage":"de"},{"@type":"Organization","@id":"https:\/\/santa-giulia.net\/de\/#organization","name":"Domaine Santa Giulia Palace - S\u00e9jour de luxe - Vue Mer en Corse","url":"https:\/\/santa-giulia.net\/de\/","logo":{"@type":"ImageObject","inLanguage":"de","@id":"https:\/\/santa-giulia.net\/de\/#\/schema\/logo\/image\/","url":"https:\/\/santagiulia.net\/wp-content\/uploads\/2023\/06\/Logo-Domaine-Santa-Giulia-Palace-600.png","contentUrl":"https:\/\/santagiulia.net\/wp-content\/uploads\/2023\/06\/Logo-Domaine-Santa-Giulia-Palace-600.png","width":600,"height":438,"caption":"Domaine Santa Giulia Palace - S\u00e9jour de luxe - Vue Mer en Corse"},"image":{"@id":"https:\/\/santa-giulia.net\/de\/#\/schema\/logo\/image\/"},"sameAs":["https:\/\/www.facebook.com\/ResidenceSantaGiuliaPalace","https:\/\/www.instagram.com\/santagiuliapalace\/"]}]}},"_links":{"self":[{"href":"https:\/\/santa-giulia.net\/de\/wp-json\/wp\/v2\/pages\/2532","targetHints":{"allow":["GET"]}}],"collection":[{"href":"https:\/\/santa-giulia.net\/de\/wp-json\/wp\/v2\/pages"}],"about":[{"href":"https:\/\/santa-giulia.net\/de\/wp-json\/wp\/v2\/types\/page"}],"author":[{"embeddable":true,"href":"https:\/\/santa-giulia.net\/de\/wp-json\/wp\/v2\/users\/1"}],"replies":[{"embeddable":true,"href":"https:\/\/santa-giulia.net\/de\/wp-json\/wp\/v2\/comments?post=2532"}],"version-history":[{"count":1,"href":"https:\/\/santa-giulia.net\/de\/wp-json\/wp\/v2\/pages\/2532\/revisions"}],"predecessor-version":[{"id":2624,"href":"https:\/\/santa-giulia.net\/de\/wp-json\/wp\/v2\/pages\/2532\/revisions\/2624"}],"wp:attachment":[{"href":"https:\/\/santa-giulia.net\/de\/wp-json\/wp\/v2\/media?parent=2532"}],"curies":[{"name":"wp","href":"https:\/\/api.w.org\/{rel}","templated":true}]}}