{"id":2548,"date":"2024-04-04T17:22:47","date_gmt":"2024-04-04T15:22:47","guid":{"rendered":"https:\/\/santa-giulia.net\/services\/"},"modified":"2026-03-16T11:09:38","modified_gmt":"2026-03-16T10:09:38","slug":"dienstleistungen","status":"publish","type":"page","link":"https:\/\/santa-giulia.net\/de\/dienstleistungen\/","title":{"rendered":"Dienstleistungen"},"content":{"rendered":"<div class=\"wpb-content-wrapper\"><p>[vc_row][vc_column width=&#8220;1\/6&#8243;][\/vc_column][vc_column width=&#8220;2\/3&#8243;]<div class=\"ult-spacer spacer-6a03771f1b88b\" data-id=\"6a03771f1b88b\" data-height=\"100\" data-height-mobile=\"50\" data-height-tab=\"\" data-height-tab-portrait=\"\" data-height-mobile-landscape=\"\" style=\"clear:both;display:block;\"><\/div>[vc_custom_heading text=&#8220;DIE <i>Dienstleistungen<\/i> EINES HOTELS&#8220; font_container=&#8220;tag:h1|text_align:center&#8220; use_theme_fonts=&#8220;yes&#8220;]<div class=\"ult-spacer spacer-6a03771f1b8c6\" data-id=\"6a03771f1b8c6\" data-height=\"0\" data-height-mobile=\"25\" data-height-tab=\"\" data-height-tab-portrait=\"\" data-height-mobile-landscape=\"\" style=\"clear:both;display:block;\"><\/div>[vc_column_text css=&#8220;.vc_custom_1714733952019{margin-bottom: 10px !important;}&#8220;]<\/p>\n<p style=\"text-align: center;\">Was suchen wir in einer Residenz? Vollst\u00e4ndig ausgestattete Wohnungen f\u00fcr unseren Urlaub mit gro\u00dfz\u00fcgigeren R\u00e4umen, mehr Privatsph\u00e4re und Gelassenheit. Was fehlt oft? Die Dienstleistungen eines Hotels.<\/p>\n<p style=\"text-align: center;\">Im Domaine Santa Giulia Palace gestalten wir Ihren Urlaub in einer wundersch\u00f6nen nat\u00fcrlichen Umgebung, in immer komfortableren Wohnungen mit raffiniertem Luxus, aber wir bieten Ihnen auch die Gelegenheit, sich in diesen kostbaren Momenten gehen zu lassen, Ihre Familie und Ihre Freunde zu genie\u00dfen. Wir k\u00fcmmern uns um den Rest.<\/p>\n<p>[\/vc_column_text]<div class=\"ult-spacer spacer-6a03771f1b8ea\" data-id=\"6a03771f1b8ea\" data-height=\"100\" data-height-mobile=\"50\" data-height-tab=\"\" data-height-tab-portrait=\"\" data-height-mobile-landscape=\"\" style=\"clear:both;display:block;\"><\/div>[\/vc_column][vc_column width=&#8220;1\/6&#8243;][\/vc_column][\/vc_row][vc_row][vc_column width=&#8220;1\/2&#8243;][vc_single_image image=&#8220;2271&#8243; img_size=&#8220;full&#8220; css=&#8220;.vc_custom_1712245888083{margin-bottom: 0px !important;}&#8220;]<div class=\"ult-spacer spacer-6a03771f1b908\" data-id=\"6a03771f1b908\" data-height=\"100\" data-height-mobile=\"50\" data-height-tab=\"\" data-height-tab-portrait=\"\" data-height-mobile-landscape=\"\" style=\"clear:both;display:block;\"><\/div>[\/vc_column][vc_column width=&#8220;1\/2&#8243;]<div class=\"ult-spacer spacer-6a03771f1b91d\" data-id=\"6a03771f1b91d\" data-height=\"100\" data-height-mobile=\"0\" data-height-tab=\"\" data-height-tab-portrait=\"\" data-height-mobile-landscape=\"\" style=\"clear:both;display:block;\"><\/div>[vc_custom_heading text=&#8220;<i>UNVERGESSLICHEN<\/i> Aufenthalt&#8220; font_container=&#8220;tag:h1|text_align:left&#8220; use_theme_fonts=&#8220;yes&#8220;]<div class=\"ult-spacer spacer-6a03771f1b92d\" data-id=\"6a03771f1b92d\" data-height=\"0\" data-height-mobile=\"25\" data-height-tab=\"\" data-height-tab-portrait=\"\" data-height-mobile-landscape=\"\" style=\"clear:both;display:block;\"><\/div>[vc_column_text css=&#8220;.vc_custom_1714734010552{margin-bottom: 10px !important;}&#8220;]In Ihrem Zimmer, Ihrer Suite, Ihrem Apartment oder Ihrer Villa wird alles f\u00fcr Ihre Ankunft vorbereitet sein. Die Lieferung und Aufbewahrung Ihrer Eink\u00e4ufe bei Ihrer Ankunft und w\u00e4hrend Ihres Aufenthalts ist verf\u00fcgbar, damit Sie das Beste aus Ihrem Urlaub machen k\u00f6nnen.<\/p>\n<p>W\u00e4hrend Ihres Aufenthalts wird Ihre Wohnung gek\u00fchlt, damit Sie Korsika optimal genie\u00dfen k\u00f6nnen.[\/vc_column_text]<style type=\"text\/css\" data-type=\"the7_shortcodes-inline-css\">#default-btn-a6e266053c06034a1859b37766afebab.ico-right-side > i {\n  margin-right: 0px;\n  margin-left: 8px;\n}\n#default-btn-a6e266053c06034a1859b37766afebab > i {\n  margin-right: 8px;\n}<\/style><div class=\"btn-align-left\"><a href=\"#\" class=\"default-btn-shortcode dt-btn dt-btn-m link-hover-off contact \" id=\"default-btn-a6e266053c06034a1859b37766afebab\" title=\"H\u00f4tel\"><span>Wir sind f\u00fcr Sie da<\/span><\/a><\/div><div class=\"ult-spacer spacer-6a03771f1b9de\" data-id=\"6a03771f1b9de\" data-height=\"0\" data-height-mobile=\"25\" data-height-tab=\"\" data-height-tab-portrait=\"\" data-height-mobile-landscape=\"\" style=\"clear:both;display:block;\"><\/div>[\/vc_column][\/vc_row][vc_row][vc_column]<div class=\"ult-spacer spacer-6a03771f1b9f3\" data-id=\"6a03771f1b9f3\" data-height=\"100\" data-height-mobile=\"50\" data-height-tab=\"\" data-height-tab-portrait=\"\" data-height-mobile-landscape=\"\" style=\"clear:both;display:block;\"><\/div>[\/vc_column][\/vc_row][vc_row full_width=&#8220;stretch_row_content_no_spaces&#8220; disable_element=&#8220;yes&#8220; type=&#8220;vc_default&#8220; css=&#8220;.vc_custom_1712246335007{background-position: center !important;background-repeat: no-repeat !important;background-size: cover !important;}&#8220;][vc_column width=&#8220;1\/3&#8243; css=&#8220;.vc_custom_1699524849412{padding-top: 0px !important;}&#8220;][vc_single_image image=&#8220;2054&#8243; img_size=&#8220;full&#8220; alignment=&#8220;center&#8220; css=&#8220;.vc_custom_1711097431616{margin-top: 0px !important;margin-right: 0px !important;margin-bottom: 0px !important;margin-left: 0px !important;border-top-width: 0px !important;border-right-width: 0px !important;border-bottom-width: 0px !important;border-left-width: 0px !important;padding-top: 0px !important;padding-right: 0px !important;padding-bottom: 0px !important;padding-left: 0px !important;}&#8220;][\/vc_column][vc_column width=&#8220;1\/3&#8243; css=&#8220;.vc_custom_1704807305764{padding-top: 0px !important;}&#8220;][vc_single_image image=&#8220;2059&#8243; img_size=&#8220;full&#8220; alignment=&#8220;center&#8220; css=&#8220;.vc_custom_1711097464437{margin-top: 0px !important;margin-right: 0px !important;margin-bottom: 0px !important;margin-left: 0px !important;border-top-width: 0px !important;border-right-width: 0px !important;border-bottom-width: 0px !important;border-left-width: 0px !important;padding-top: 0px !important;padding-right: 0px !important;padding-bottom: 0px !important;padding-left: 0px !important;}&#8220;][\/vc_column][vc_column width=&#8220;1\/3&#8243; css=&#8220;.vc_custom_1704807299263{padding-top: 0px !important;}&#8220;][vc_single_image image=&#8220;2063&#8243; img_size=&#8220;full&#8220; alignment=&#8220;center&#8220; css=&#8220;.vc_custom_1711097447045{margin-top: 0px !important;margin-right: 0px !important;margin-bottom: 0px !important;margin-left: 0px !important;border-top-width: 0px !important;border-right-width: 0px !important;border-bottom-width: 0px !important;border-left-width: 0px !important;padding-top: 0px !important;padding-right: 0px !important;padding-bottom: 0px !important;padding-left: 0px !important;}&#8220;][\/vc_column][\/vc_row][vc_row full_width=&#8220;stretch_row_content_no_spaces&#8220; type=&#8220;vc_default&#8220; css=&#8220;.vc_custom_1699522972298{margin-top: 0px !important;padding-top: 0px !important;background-position: center !important;background-repeat: no-repeat !important;background-size: cover !important;}&#8220;][vc_column css=&#8220;.vc_custom_1699523036787{padding-top: 0px !important;}&#8220;][vc_single_image image=&#8220;2321&#8243; img_size=&#8220;full&#8220; alignment=&#8220;center&#8220; css=&#8220;.vc_custom_1712249509348{margin-top: 0px !important;margin-right: 0px !important;margin-bottom: 0px !important;margin-left: 0px !important;border-top-width: 0px !important;border-right-width: 0px !important;border-bottom-width: 0px !important;border-left-width: 0px !important;padding-top: 0px !important;padding-right: 0px !important;padding-bottom: 0px !important;padding-left: 0px !important;}&#8220;][\/vc_column][\/vc_row][vc_row][vc_column]<div class=\"ult-spacer spacer-6a03771f1ba04\" data-id=\"6a03771f1ba04\" data-height=\"100\" data-height-mobile=\"50\" data-height-tab=\"\" data-height-tab-portrait=\"\" data-height-mobile-landscape=\"\" style=\"clear:both;display:block;\"><\/div>[\/vc_column][\/vc_row][vc_row][vc_column width=&#8220;1\/3&#8243;][vc_single_image image=&#8220;2287&#8243; img_size=&#8220;full&#8220;][vc_custom_heading text=&#8220;Fr\u00fchst\u00fccksbuffet&#8220; font_container=&#8220;tag:h5|text_align:left&#8220; use_theme_fonts=&#8220;yes&#8220;][vc_column_text]Wir erwarten Sie, um Ihnen ein exquisites Fr\u00fchst\u00fcck in Buffetform zu servieren, wobei wir lokalen und biologischen Produkten den Vorzug geben.[\/vc_column_text][\/vc_column][vc_column width=&#8220;1\/3&#8243;][vc_single_image image=&#8220;2300&#8243; img_size=&#8220;full&#8220;][vc_custom_heading text=&#8220;Lieferung von Brot &amp; Geb\u00e4ck.&#8220; font_container=&#8220;tag:h5|text_align:left&#8220; use_theme_fonts=&#8220;yes&#8220;][vc_column_text]F\u00fcr die Liebhaber eines intimeren Fr\u00fchst\u00fccks, bei dem Sie die sch\u00f6ne Aussicht von Ihrer Terrasse aus genie\u00dfen k\u00f6nnen, k\u00fcmmern wir uns darum, Ihnen jeden Morgen Ihr frisches Brot und Geb\u00e4ck zu liefern.[\/vc_column_text][\/vc_column][vc_column width=&#8220;1\/3&#8243;][vc_single_image image=&#8220;2291&#8243; img_size=&#8220;full&#8220;][vc_custom_heading text=&#8220;Imbisse und Aperitifs&#8220; font_container=&#8220;tag:h5|text_align:left&#8220; use_theme_fonts=&#8220;yes&#8220;][vc_column_text css=&#8220;&#8220;]Wir reservieren f\u00fcr Sie einen Tisch am Lagunenpool mit unserer unwiderstehlichen Poolbar. Genie\u00dfen Sie Snacks und Cocktails bis zum Sonnenuntergang.[\/vc_column_text][\/vc_column][\/vc_row][vc_row][vc_column]<div class=\"ult-spacer spacer-6a03771f1ba1b\" data-id=\"6a03771f1ba1b\" data-height=\"100\" data-height-mobile=\"0\" data-height-tab=\"\" data-height-tab-portrait=\"\" data-height-mobile-landscape=\"\" style=\"clear:both;display:block;\"><\/div>[\/vc_column][\/vc_row][vc_row][vc_column width=&#8220;1\/3&#8243;][vc_single_image image=&#8220;2305&#8243; img_size=&#8220;full&#8220;][vc_custom_heading text=&#8220;Autoparkservice&#8220; font_container=&#8220;tag:h5|text_align:left&#8220; use_theme_fonts=&#8220;yes&#8220;][vc_column_text]Unser Valet-Parkservice steht Ihnen jederzeit zur Verf\u00fcgung, um Ihnen mit Ihrem Gep\u00e4ck zu helfen, Sie innerhalb des Anwesens zu fahren oder zum Strand hinunter zu gehen.[\/vc_column_text][\/vc_column][vc_column width=&#8220;1\/3&#8243;][vc_single_image image=&#8220;2310&#8243; img_size=&#8220;full&#8220;][vc_custom_heading text=&#8220;Conciergerie&#8220; font_container=&#8220;tag:h5|text_align:left&#8220; use_theme_fonts=&#8220;yes&#8220;][vc_column_text]Lassen Sie sich von uns Ihren Aufenthalt in S\u00fcdkorsika von sorgf\u00e4ltig ausgew\u00e4hlten Partnern organisieren. Bootsausfl\u00fcge, Tauchen, botanische Entdeckungen, Reitausfl\u00fcge, aber auch unsere ungew\u00f6hnlichen Restaurants in der Region.[\/vc_column_text][\/vc_column][vc_column width=&#8220;1\/3&#8243;][vc_single_image image=&#8220;2315&#8243; img_size=&#8220;full&#8220;][vc_custom_heading text=&#8220;Wohlbefinden&#8220; font_container=&#8220;tag:h5|text_align:left&#8220; use_theme_fonts=&#8220;yes&#8220;][vc_column_text]Wir haben unseren Maquis f\u00fcr Sie ge\u00f6ffnet, mit einem beschaulichen und zugleich sportlichen Parcours f\u00fcr diejenigen, die ihn bevorzugen. Verbinden Sie sich wieder mit der Natur, lauschen Sie dem Gesang der V\u00f6gel und atmen Sie die D\u00fcfte des Maquis ein. An der Biegung eines Pfades erreichen Sie unseren Yoga-Bereich.[\/vc_column_text][\/vc_column][\/vc_row][vc_row][vc_column]<div class=\"ult-spacer spacer-6a03771f1ba2b\" data-id=\"6a03771f1ba2b\" data-height=\"100\" data-height-mobile=\"0\" data-height-tab=\"\" data-height-tab-portrait=\"\" data-height-mobile-landscape=\"\" style=\"clear:both;display:block;\"><\/div>[\/vc_column][\/vc_row][vc_row][vc_column width=&#8220;1\/3&#8243;][\/vc_column][vc_column width=&#8220;1\/3&#8243;][vc_single_image image=&#8220;3141&#8243; img_size=&#8220;full&#8220; css=&#8220;&#8220;][vc_custom_heading text=&#8220;Sportparcours&#8220; font_container=&#8220;tag:h5|text_align:left&#8220; use_theme_fonts=&#8220;yes&#8220; css=&#8220;&#8220;][vc_column_text css=&#8220;&#8220;]Als echter Fitnessparcours inmitten der Natur konzipiert, bietet unser Sportbereich Parallelbarren, Klimmzugstangen, eine horizontale Leiter und eine Multifunktionsbank. Vom Aufw\u00e4rmen bis zu gezielten \u00dcbungen genie\u00dfen Sie einen vollst\u00e4ndigen Muskelkr\u00e4ftigungsparcours, der f\u00fcr alle Levels geeignet ist, um den gesamten K\u00f6rper zu straffen und gleichzeitig die frische Luft des Macchia-Gel\u00e4ndes zu genie\u00dfen.[\/vc_column_text][\/vc_column][vc_column width=&#8220;1\/3&#8243;][\/vc_column][\/vc_row][vc_row][vc_column]<div class=\"ult-spacer spacer-6a03771f1ba39\" data-id=\"6a03771f1ba39\" data-height=\"100\" data-height-mobile=\"50\" data-height-tab=\"\" data-height-tab-portrait=\"\" data-height-mobile-landscape=\"\" style=\"clear:both;display:block;\"><\/div>[\/vc_column][\/vc_row][vc_row full_width=&#8220;stretch_row_content_no_spaces&#8220; type=&#8220;vc_default&#8220;][vc_column css=&#8220;.vc_custom_1699527067217{padding-top: 0px !important;}&#8220;]<div class=\"sbvcgmap-map-wrapper\" style=\"width:100%;height:500px\"><div class=\"sbvcgmap-map\" zoom=\"10\" maptype=\"ROADMAP\" panoramatogglebutton=\"no\" pancontrol=\"yes\" pancontrol_position=\"TOP_LEFT\" zoomcontrol=\"yes\" zoomcontrol_position=\"TOP_LEFT\" zoomcontrolstyle=\"DEFAULT\" maptypecontrol=\"no\" maptypecontrol_position=\"TOP_RIGHT\" streetviewcontrol=\"no\" streetviewcontrol_position=\"TOP_LEFT\" overviewmapcontrol=\"yes\" overviewmapcontrolvisible=\"no\" maptypecontrolstyle=\"DEFAULT\" mapstyle=\"style-2\" weather=\"no\" traffic=\"no\" transit=\"no\" bicycle=\"no\" panoramio=\"no\" draggable=\"yes\" scrollwheel=\"no\" cplatitude=\"41.537686008547\" cplongitude=\"9.2759011831809\" scalecontrol=\"yes\" searchtype=\"disabled\" searchradius=\"500\" searchiconanimation=\"NONE\" searchdirectiontext=\"\" reloadonresize=\"no\" clustering=\"no\" style=\"width:100%;height:500px\"><div class=\"sbvcgmap-marker\" data-lat=\"41.537686008547\" data-lng=\"9.2759011831809\" infowindow=\"no\" icon=\"https:\/\/santa-giulia.net\/wp-content\/uploads\/2023\/11\/pin-dsgp.png\" animation=\"NONE\" customstyles=\"no\" ><\/p>\n<p style=\"text-align: center;\"><strong>Domaine de Santa Giulia Palace<\/strong><br \/>\nBaie de Santa Giulia<br \/>\n20137 Porto-Vecchio<\/p>\n<p><\/div><\/div><\/div>[\/vc_column][\/vc_row]<\/p>\n<\/div>","protected":false},"excerpt":{"rendered":"<p>[vc_row][vc_column width=&#8220;1\/6&#8243;][\/vc_column][vc_column width=&#8220;2\/3&#8243;][vc_custom_heading text=&#8220;DIE Dienstleistungen EINES HOTELS&#8220; font_container=&#8220;tag:h1|text_align:center&#8220; use_theme_fonts=&#8220;yes&#8220;][vc_column_text css=&#8220;.vc_custom_1714733952019{margin-bottom: 10px !important;}&#8220;] Was suchen wir in einer Residenz? Vollst\u00e4ndig ausgestattete Wohnungen f\u00fcr unseren Urlaub mit gro\u00dfz\u00fcgigeren R\u00e4umen, mehr Privatsph\u00e4re und Gelassenheit. Was fehlt oft? Die Dienstleistungen eines Hotels. Im Domaine Santa Giulia Palace gestalten wir Ihren Urlaub in einer wundersch\u00f6nen nat\u00fcrlichen Umgebung, in immer komfortableren&hellip;<\/p>\n","protected":false},"author":1,"featured_media":0,"parent":0,"menu_order":5,"comment_status":"closed","ping_status":"closed","template":"","meta":{"footnotes":""},"class_list":["post-2548","page","type-page","status-publish","hentry","description-off"],"yoast_head":"<!-- This site is optimized with the Yoast SEO plugin v27.6 - https:\/\/yoast.com\/product\/yoast-seo-wordpress\/ -->\n<title>Dienstleistungen Dom\u00e4ne Santa Giulia Palace - Luxusaufenthalt Korsika<\/title>\n<meta name=\"description\" content=\"Voll ausgestattete Apartments, kombiniert mit dem Service eines Hotels: Atmen, genie\u00dfen, wir k\u00fcmmern uns um den Rest!\" \/>\n<meta name=\"robots\" content=\"index, follow, max-snippet:-1, max-image-preview:large, max-video-preview:-1\" \/>\n<link rel=\"canonical\" href=\"https:\/\/santa-giulia.net\/de\/dienstleistungen\/\" \/>\n<meta property=\"og:locale\" content=\"de_DE\" \/>\n<meta property=\"og:type\" content=\"article\" \/>\n<meta property=\"og:title\" content=\"Dienstleistungen Dom\u00e4ne Santa Giulia Palace - Luxusaufenthalt Korsika\" \/>\n<meta property=\"og:description\" content=\"Voll ausgestattete Apartments, kombiniert mit dem Service eines Hotels: Atmen, genie\u00dfen, wir k\u00fcmmern uns um den Rest!\" \/>\n<meta property=\"og:url\" content=\"https:\/\/santa-giulia.net\/de\/dienstleistungen\/\" \/>\n<meta property=\"og:site_name\" content=\"Domaine Santa Giulia Palace - S\u00e9jour de luxe - Vue Mer en Corse\" \/>\n<meta property=\"article:publisher\" content=\"https:\/\/www.facebook.com\/ResidenceSantaGiuliaPalace\" \/>\n<meta property=\"article:modified_time\" content=\"2026-03-16T10:09:38+00:00\" \/>\n<meta name=\"twitter:card\" content=\"summary_large_image\" \/>\n<meta name=\"twitter:label1\" content=\"Gesch\u00e4tzte Lesezeit\" \/>\n\t<meta name=\"twitter:data1\" content=\"4\u00a0Minuten\" \/>\n<script type=\"application\/ld+json\" class=\"yoast-schema-graph\">{\"@context\":\"https:\\\/\\\/schema.org\",\"@graph\":[{\"@type\":\"WebPage\",\"@id\":\"https:\\\/\\\/santa-giulia.net\\\/de\\\/dienstleistungen\\\/\",\"url\":\"https:\\\/\\\/santa-giulia.net\\\/de\\\/dienstleistungen\\\/\",\"name\":\"Dienstleistungen Dom\u00e4ne Santa Giulia Palace - Luxusaufenthalt Korsika\",\"isPartOf\":{\"@id\":\"https:\\\/\\\/santa-giulia.net\\\/de\\\/#website\"},\"datePublished\":\"2024-04-04T15:22:47+00:00\",\"dateModified\":\"2026-03-16T10:09:38+00:00\",\"description\":\"Voll ausgestattete Apartments, kombiniert mit dem Service eines Hotels: Atmen, genie\u00dfen, wir k\u00fcmmern uns um den Rest!\",\"breadcrumb\":{\"@id\":\"https:\\\/\\\/santa-giulia.net\\\/de\\\/dienstleistungen\\\/#breadcrumb\"},\"inLanguage\":\"de\",\"potentialAction\":[{\"@type\":\"ReadAction\",\"target\":[\"https:\\\/\\\/santa-giulia.net\\\/de\\\/dienstleistungen\\\/\"]}]},{\"@type\":\"BreadcrumbList\",\"@id\":\"https:\\\/\\\/santa-giulia.net\\\/de\\\/dienstleistungen\\\/#breadcrumb\",\"itemListElement\":[{\"@type\":\"ListItem\",\"position\":1,\"name\":\"Accueil\",\"item\":\"https:\\\/\\\/santa-giulia.net\\\/de\\\/\"},{\"@type\":\"ListItem\",\"position\":2,\"name\":\"Dienstleistungen\"}]},{\"@type\":\"WebSite\",\"@id\":\"https:\\\/\\\/santa-giulia.net\\\/de\\\/#website\",\"url\":\"https:\\\/\\\/santa-giulia.net\\\/de\\\/\",\"name\":\"Domaine Santa Giulia Palace - S\u00e9jour de luxe - Vue Mer en Corse\",\"description\":\"Un Site d\u00e9velopp\u00e9 par PMT Hotels\",\"publisher\":{\"@id\":\"https:\\\/\\\/santa-giulia.net\\\/de\\\/#organization\"},\"potentialAction\":[{\"@type\":\"SearchAction\",\"target\":{\"@type\":\"EntryPoint\",\"urlTemplate\":\"https:\\\/\\\/santa-giulia.net\\\/de\\\/?s={search_term_string}\"},\"query-input\":{\"@type\":\"PropertyValueSpecification\",\"valueRequired\":true,\"valueName\":\"search_term_string\"}}],\"inLanguage\":\"de\"},{\"@type\":\"Organization\",\"@id\":\"https:\\\/\\\/santa-giulia.net\\\/de\\\/#organization\",\"name\":\"Domaine Santa Giulia Palace - S\u00e9jour de luxe - Vue Mer en Corse\",\"url\":\"https:\\\/\\\/santa-giulia.net\\\/de\\\/\",\"logo\":{\"@type\":\"ImageObject\",\"inLanguage\":\"de\",\"@id\":\"https:\\\/\\\/santa-giulia.net\\\/de\\\/#\\\/schema\\\/logo\\\/image\\\/\",\"url\":\"https:\\\/\\\/santagiulia.net\\\/wp-content\\\/uploads\\\/2023\\\/06\\\/Logo-Domaine-Santa-Giulia-Palace-600.png\",\"contentUrl\":\"https:\\\/\\\/santagiulia.net\\\/wp-content\\\/uploads\\\/2023\\\/06\\\/Logo-Domaine-Santa-Giulia-Palace-600.png\",\"width\":600,\"height\":438,\"caption\":\"Domaine Santa Giulia Palace - S\u00e9jour de luxe - Vue Mer en Corse\"},\"image\":{\"@id\":\"https:\\\/\\\/santa-giulia.net\\\/de\\\/#\\\/schema\\\/logo\\\/image\\\/\"},\"sameAs\":[\"https:\\\/\\\/www.facebook.com\\\/ResidenceSantaGiuliaPalace\",\"https:\\\/\\\/www.instagram.com\\\/santagiuliapalace\\\/\"]}]}<\/script>\n<!-- \/ Yoast SEO plugin. -->","yoast_head_json":{"title":"Dienstleistungen Dom\u00e4ne Santa Giulia Palace - Luxusaufenthalt Korsika","description":"Voll ausgestattete Apartments, kombiniert mit dem Service eines Hotels: Atmen, genie\u00dfen, wir k\u00fcmmern uns um den Rest!","robots":{"index":"index","follow":"follow","max-snippet":"max-snippet:-1","max-image-preview":"max-image-preview:large","max-video-preview":"max-video-preview:-1"},"canonical":"https:\/\/santa-giulia.net\/de\/dienstleistungen\/","og_locale":"de_DE","og_type":"article","og_title":"Dienstleistungen Dom\u00e4ne Santa Giulia Palace - Luxusaufenthalt Korsika","og_description":"Voll ausgestattete Apartments, kombiniert mit dem Service eines Hotels: Atmen, genie\u00dfen, wir k\u00fcmmern uns um den Rest!","og_url":"https:\/\/santa-giulia.net\/de\/dienstleistungen\/","og_site_name":"Domaine Santa Giulia Palace - S\u00e9jour de luxe - Vue Mer en Corse","article_publisher":"https:\/\/www.facebook.com\/ResidenceSantaGiuliaPalace","article_modified_time":"2026-03-16T10:09:38+00:00","twitter_card":"summary_large_image","twitter_misc":{"Gesch\u00e4tzte Lesezeit":"4\u00a0Minuten"},"schema":{"@context":"https:\/\/schema.org","@graph":[{"@type":"WebPage","@id":"https:\/\/santa-giulia.net\/de\/dienstleistungen\/","url":"https:\/\/santa-giulia.net\/de\/dienstleistungen\/","name":"Dienstleistungen Dom\u00e4ne Santa Giulia Palace - Luxusaufenthalt Korsika","isPartOf":{"@id":"https:\/\/santa-giulia.net\/de\/#website"},"datePublished":"2024-04-04T15:22:47+00:00","dateModified":"2026-03-16T10:09:38+00:00","description":"Voll ausgestattete Apartments, kombiniert mit dem Service eines Hotels: Atmen, genie\u00dfen, wir k\u00fcmmern uns um den Rest!","breadcrumb":{"@id":"https:\/\/santa-giulia.net\/de\/dienstleistungen\/#breadcrumb"},"inLanguage":"de","potentialAction":[{"@type":"ReadAction","target":["https:\/\/santa-giulia.net\/de\/dienstleistungen\/"]}]},{"@type":"BreadcrumbList","@id":"https:\/\/santa-giulia.net\/de\/dienstleistungen\/#breadcrumb","itemListElement":[{"@type":"ListItem","position":1,"name":"Accueil","item":"https:\/\/santa-giulia.net\/de\/"},{"@type":"ListItem","position":2,"name":"Dienstleistungen"}]},{"@type":"WebSite","@id":"https:\/\/santa-giulia.net\/de\/#website","url":"https:\/\/santa-giulia.net\/de\/","name":"Domaine Santa Giulia Palace - S\u00e9jour de luxe - Vue Mer en Corse","description":"Un Site d\u00e9velopp\u00e9 par PMT Hotels","publisher":{"@id":"https:\/\/santa-giulia.net\/de\/#organization"},"potentialAction":[{"@type":"SearchAction","target":{"@type":"EntryPoint","urlTemplate":"https:\/\/santa-giulia.net\/de\/?s={search_term_string}"},"query-input":{"@type":"PropertyValueSpecification","valueRequired":true,"valueName":"search_term_string"}}],"inLanguage":"de"},{"@type":"Organization","@id":"https:\/\/santa-giulia.net\/de\/#organization","name":"Domaine Santa Giulia Palace - S\u00e9jour de luxe - Vue Mer en Corse","url":"https:\/\/santa-giulia.net\/de\/","logo":{"@type":"ImageObject","inLanguage":"de","@id":"https:\/\/santa-giulia.net\/de\/#\/schema\/logo\/image\/","url":"https:\/\/santagiulia.net\/wp-content\/uploads\/2023\/06\/Logo-Domaine-Santa-Giulia-Palace-600.png","contentUrl":"https:\/\/santagiulia.net\/wp-content\/uploads\/2023\/06\/Logo-Domaine-Santa-Giulia-Palace-600.png","width":600,"height":438,"caption":"Domaine Santa Giulia Palace - S\u00e9jour de luxe - Vue Mer en Corse"},"image":{"@id":"https:\/\/santa-giulia.net\/de\/#\/schema\/logo\/image\/"},"sameAs":["https:\/\/www.facebook.com\/ResidenceSantaGiuliaPalace","https:\/\/www.instagram.com\/santagiuliapalace\/"]}]}},"_links":{"self":[{"href":"https:\/\/santa-giulia.net\/de\/wp-json\/wp\/v2\/pages\/2548","targetHints":{"allow":["GET"]}}],"collection":[{"href":"https:\/\/santa-giulia.net\/de\/wp-json\/wp\/v2\/pages"}],"about":[{"href":"https:\/\/santa-giulia.net\/de\/wp-json\/wp\/v2\/types\/page"}],"author":[{"embeddable":true,"href":"https:\/\/santa-giulia.net\/de\/wp-json\/wp\/v2\/users\/1"}],"replies":[{"embeddable":true,"href":"https:\/\/santa-giulia.net\/de\/wp-json\/wp\/v2\/comments?post=2548"}],"version-history":[{"count":8,"href":"https:\/\/santa-giulia.net\/de\/wp-json\/wp\/v2\/pages\/2548\/revisions"}],"predecessor-version":[{"id":3196,"href":"https:\/\/santa-giulia.net\/de\/wp-json\/wp\/v2\/pages\/2548\/revisions\/3196"}],"wp:attachment":[{"href":"https:\/\/santa-giulia.net\/de\/wp-json\/wp\/v2\/media?parent=2548"}],"curies":[{"name":"wp","href":"https:\/\/api.w.org\/{rel}","templated":true}]}}