{"id":2550,"date":"2024-03-21T12:58:54","date_gmt":"2024-03-21T11:58:54","guid":{"rendered":"https:\/\/santa-giulia.net\/veranstaltungen-feiern\/"},"modified":"2024-06-03T23:36:34","modified_gmt":"2024-06-03T21:36:34","slug":"veranstaltungen-zelebrationen","status":"publish","type":"page","link":"https:\/\/santa-giulia.net\/de\/veranstaltungen-zelebrationen\/","title":{"rendered":"Veranstaltungen Zelebrationen"},"content":{"rendered":"<div class=\"wpb-content-wrapper\"><p>[vc_row full_width=&#8220;stretch_row_content_no_spaces&#8220; disable_element=&#8220;yes&#8220; type=&#8220;vc_default&#8220; css=&#8220;.vc_custom_1704812312106{margin-top: 0px !important;padding-top: 0px !important;background-position: center !important;background-repeat: no-repeat !important;background-size: cover !important;}&#8220;][vc_column css=&#8220;.vc_custom_1699523036787{padding-top: 0px !important;}&#8220;][vc_single_image image=&#8220;850&#8243; img_size=&#8220;full&#8220; alignment=&#8220;center&#8220; css=&#8220;.vc_custom_1704803043729{margin-top: 0px !important;margin-right: 0px !important;margin-bottom: 0px !important;margin-left: 0px !important;border-top-width: 0px !important;border-right-width: 0px !important;border-bottom-width: 0px !important;border-left-width: 0px !important;padding-top: 0px !important;padding-right: 0px !important;padding-bottom: 0px !important;padding-left: 0px !important;}&#8220;][\/vc_column][\/vc_row][vc_row][vc_column width=&#8220;1\/6&#8243;][\/vc_column][vc_column width=&#8220;2\/3&#8243;]<div class=\"ult-spacer spacer-69e7329237ae0\" data-id=\"69e7329237ae0\" data-height=\"100\" data-height-mobile=\"50\" data-height-tab=\"\" data-height-tab-portrait=\"\" data-height-mobile-landscape=\"\" style=\"clear:both;display:block;\"><\/div>[vc_custom_heading text=&#8220;KULTIVIEREN SIE DIE <i>Sch\u00f6ne <\/i> GESCHICHTEN&#8220; font_container=&#8220;tag:h1|text_align:center&#8220; use_theme_fonts=&#8220;yes&#8220;]<div class=\"ult-spacer spacer-69e7329237b13\" data-id=\"69e7329237b13\" data-height=\"0\" data-height-mobile=\"25\" data-height-tab=\"\" data-height-tab-portrait=\"\" data-height-mobile-landscape=\"\" style=\"clear:both;display:block;\"><\/div>[vc_column_text css=&#8220;.vc_custom_1713806106898{margin-bottom: 10px !important;}&#8220;]<\/p>\n<p style=\"text-align: center;\">In der Domaine Santa Giulia Palace pflegen wir das Sch\u00f6ne und nehmen es uns zu Herzen, in diesem einzigartigen Garten unvergessliche Anl\u00e4sse f\u00fcr unsere G\u00e4ste zu schaffen.<\/p>\n<p style=\"text-align: center;\">Mit mehr als sechzig Unterk\u00fcnften, die auf einem 10 Hektar gro\u00dfen Anwesen gegen\u00fcber der sch\u00f6nsten Bucht Korsikas verteilt sind und fast 300 Personen aufnehmen k\u00f6nnen, feiern Sie Ihre gro\u00dfen Anl\u00e4sse in Sch\u00f6nheit, im Herzen der Natur. Hochzeiten, Geburtstage, Treffen mit Freunden, das Anwesen wird Sie mit hochwertigen Leistungen in gro\u00dfen R\u00e4umen inspirieren.<\/p>\n<p style=\"text-align: center;\">Unser engagiertes Team steht Ihnen mit Rat und Tat zur Seite, sei es bei der Organisation Ihres Aufenthalts bei uns oder bei der Auswahl der besten lokalen Restaurants, Aktivit\u00e4ten und Fotos.<\/p>\n<p style=\"text-align: center;\">Jede Erfahrung im Domaine Santa Giulia Palace ist authentisch. Wir werden daf\u00fcr sorgen, dass jedes Detail Ihrer Veranstaltung bis zur Perfektion geliefert wird.<\/p>\n<p style=\"text-align: center;\">Wir garantieren Ihnen lebenslange Erinnerungen.<\/p>\n<p>[\/vc_column_text]<div class=\"ult-spacer spacer-69e7329237b2f\" data-id=\"69e7329237b2f\" data-height=\"100\" data-height-mobile=\"50\" data-height-tab=\"\" data-height-tab-portrait=\"\" data-height-mobile-landscape=\"\" style=\"clear:both;display:block;\"><\/div>[\/vc_column][vc_column width=&#8220;1\/6&#8243;][\/vc_column][\/vc_row][vc_row][vc_column width=&#8220;1\/2&#8243;][vc_single_image image=&#8220;865&#8243; img_size=&#8220;full&#8220; css=&#8220;.vc_custom_1711024432701{margin-bottom: 0px !important;}&#8220;]<div class=\"ult-spacer spacer-69e7329237b45\" data-id=\"69e7329237b45\" data-height=\"100\" data-height-mobile=\"50\" data-height-tab=\"\" data-height-tab-portrait=\"\" data-height-mobile-landscape=\"\" style=\"clear:both;display:block;\"><\/div>[\/vc_column][vc_column width=&#8220;1\/2&#8243;]<div class=\"ult-spacer spacer-69e7329237b58\" data-id=\"69e7329237b58\" data-height=\"100\" data-height-mobile=\"0\" data-height-tab=\"\" data-height-tab-portrait=\"\" data-height-mobile-landscape=\"\" style=\"clear:both;display:block;\"><\/div>[vc_custom_heading text=&#8220;SAGEN SIE <i>&#8222;Ja&#8222;<\/i> AUF KORSIKA&#8220; font_container=&#8220;tag:h1|text_align:left&#8220; use_theme_fonts=&#8220;yes&#8220;]<div class=\"ult-spacer spacer-69e7329237b6c\" data-id=\"69e7329237b6c\" data-height=\"0\" data-height-mobile=\"25\" data-height-tab=\"\" data-height-tab-portrait=\"\" data-height-mobile-landscape=\"\" style=\"clear:both;display:block;\"><\/div>[vc_column_text css=&#8220;.vc_custom_1715330872578{margin-bottom: 10px !important;}&#8220;]Sie tr\u00e4umen von einer romantischen Hochzeit unter der Sonne, bei der Sie Ihr Champagner-glas mit Blick auf das Meer erheben?<\/p>\n<p>Laden Sie Ihre G\u00e4ste in die Domaine Santa Giulia Palace mit ihren 60 Unterk\u00fcnften ein, die sich ideal f\u00fcr Paare, Familien und Freunde eignen.<\/p>\n<p>Was auch immer Ihr Traum ist, wir werden Ihnen helfen, ihn zu verwirklichen.[\/vc_column_text]<style type=\"text\/css\" data-type=\"the7_shortcodes-inline-css\">#default-btn-a6e266053c06034a1859b37766afebab.ico-right-side > i {\n  margin-right: 0px;\n  margin-left: 8px;\n}\n#default-btn-a6e266053c06034a1859b37766afebab > i {\n  margin-right: 8px;\n}<\/style><div class=\"btn-align-left\"><a href=\"#\" class=\"default-btn-shortcode dt-btn dt-btn-m link-hover-off contact \" id=\"default-btn-a6e266053c06034a1859b37766afebab\" title=\"H\u00f4tel\"><span>Kontaktieren Sie uns<\/span><\/a><\/div><div class=\"ult-spacer spacer-69e7329237c6e\" data-id=\"69e7329237c6e\" data-height=\"0\" data-height-mobile=\"25\" data-height-tab=\"\" data-height-tab-portrait=\"\" data-height-mobile-landscape=\"\" style=\"clear:both;display:block;\"><\/div>[\/vc_column][\/vc_row][vc_row][vc_column]<div class=\"ult-spacer spacer-69e7329237c86\" data-id=\"69e7329237c86\" data-height=\"100\" data-height-mobile=\"50\" data-height-tab=\"\" data-height-tab-portrait=\"\" data-height-mobile-landscape=\"\" style=\"clear:both;display:block;\"><\/div>[\/vc_column][\/vc_row][vc_row full_width=&#8220;stretch_row_content_no_spaces&#8220; type=&#8220;vc_default&#8220; css=&#8220;.vc_custom_1699522972298{margin-top: 0px !important;padding-top: 0px !important;background-position: center !important;background-repeat: no-repeat !important;background-size: cover !important;}&#8220;][vc_column css=&#8220;.vc_custom_1699523036787{padding-top: 0px !important;}&#8220;][vc_single_image image=&#8220;2043&#8243; img_size=&#8220;full&#8220; alignment=&#8220;center&#8220; css=&#8220;.vc_custom_1711027503431{margin-top: 0px !important;margin-right: 0px !important;margin-bottom: 0px !important;margin-left: 0px !important;border-top-width: 0px !important;border-right-width: 0px !important;border-bottom-width: 0px !important;border-left-width: 0px !important;padding-top: 0px !important;padding-right: 0px !important;padding-bottom: 0px !important;padding-left: 0px !important;}&#8220;][\/vc_column][\/vc_row][vc_row][vc_column]<div class=\"ult-spacer spacer-69e7329237c98\" data-id=\"69e7329237c98\" data-height=\"200\" data-height-mobile=\"50\" data-height-tab=\"\" data-height-tab-portrait=\"\" data-height-mobile-landscape=\"\" style=\"clear:both;display:block;\"><\/div>[\/vc_column][\/vc_row][vc_row][vc_column width=&#8220;1\/2&#8243; css=&#8220;.vc_custom_1700587249894{padding-top: 0px !important;}&#8220;][vc_single_image image=&#8220;869&#8243; img_size=&#8220;full&#8220; css=&#8220;.vc_custom_1711095708863{margin-bottom: 0px !important;}&#8220;]<div class=\"ult-spacer spacer-69e7329237cae\" data-id=\"69e7329237cae\" data-height=\"100\" data-height-mobile=\"50\" data-height-tab=\"\" data-height-tab-portrait=\"\" data-height-mobile-landscape=\"\" style=\"clear:both;display:block;\"><\/div>[\/vc_column][vc_column width=&#8220;1\/2&#8243; css=&#8220;.vc_custom_1700587258531{padding-top: 0px !important;}&#8220;]<div class=\"ult-spacer spacer-69e7329237cc0\" data-id=\"69e7329237cc0\" data-height=\"100\" data-height-mobile=\"0\" data-height-tab=\"\" data-height-tab-portrait=\"\" data-height-mobile-landscape=\"\" style=\"clear:both;display:block;\"><\/div>[vc_custom_heading text=&#8220;EIN ORT <i>mit <\/i> UNENDLICHE M\u00d6GLICHKEITEN&#8220; font_container=&#8220;tag:h1|text_align:left&#8220; use_theme_fonts=&#8220;yes&#8220;]<div class=\"ult-spacer spacer-69e7329237cd1\" data-id=\"69e7329237cd1\" data-height=\"0\" data-height-mobile=\"25\" data-height-tab=\"\" data-height-tab-portrait=\"\" data-height-mobile-landscape=\"\" style=\"clear:both;display:block;\"><\/div>[vc_column_text css=&#8220;.vc_custom_1715330925613{margin-bottom: 10px !important;}&#8220;]Geburtstage, Taufen, Sportveranstaltungen, Liebhaber sch\u00f6ner Autos &#8211; was auch immer Ihre Veranstaltung ist, bieten Sie Ihren G\u00e4sten die M\u00f6glichkeit, Korsika auf die atemberaubendste Art und Weise zu entdecken.<\/p>\n<p>Im Domaine Santa Giulia Palace genie\u00dfen Sie das Beste, was S\u00fcdkorsika zu bieten hat, inmitten der Macchia mit einem herrlichen Blick auf die Bucht von Santa Giulia. Stellen Sie sich elegante Cocktails vor, die auf der Poolterrasse mit einem atemberaubenden Blick auf das Mittelmeer organisiert werden&#8230;<\/p>\n<p>Entdecken Sie unsere raffinierten Unterk\u00fcnfte, vom Doppelzimmer bis zum Appartement oder der Villa f\u00fcr 6 Personen oder auch unsere Suiten mit privatem Jacuzzi, alles in einer au\u00dfergew\u00f6hnlichen nat\u00fcrlichen Umgebung von 10 Hektar, die wir uns bem\u00fchen, zur Freude unserer n\u00e4chsten G\u00e4ste zu erhalten.<\/p>\n<p>Die faszinierendsten Natur- und Kulturst\u00e4tten konzentrieren sich in der Umgebung von S\u00fcdkorsika: Bonifacio, die tausendj\u00e4hrige Stadt, Porto-Vecchio und seine sch\u00f6nen Str\u00e4nde von Santa Giulia und Palombaggia, die Berge und ihre D\u00f6rfer wie Quenza am Rande des Cuscionu-Plateaus&#8230;<\/p>\n<p>An unserer Seite sind die M\u00f6glichkeiten unendlich, die Fantasie nimmt ihren Lauf und die Inspiration \u00fcberkommt Sie. Unser breites Spektrum an M\u00f6glichkeiten erm\u00f6glicht es uns, die Feier Ihrer Tr\u00e4ume zum Leben zu erwecken.[\/vc_column_text]<style type=\"text\/css\" data-type=\"the7_shortcodes-inline-css\">#default-btn-a6e266053c06034a1859b37766afebab.ico-right-side > i {\n  margin-right: 0px;\n  margin-left: 8px;\n}\n#default-btn-a6e266053c06034a1859b37766afebab > i {\n  margin-right: 8px;\n}<\/style><div class=\"btn-align-left\"><a href=\"#\" class=\"default-btn-shortcode dt-btn dt-btn-m link-hover-off contact \" id=\"default-btn-a6e266053c06034a1859b37766afebab\" title=\"H\u00f4tel\"><span>Kontaktieren Sie uns<\/span><\/a><\/div><div class=\"ult-spacer spacer-69e7329237d3a\" data-id=\"69e7329237d3a\" data-height=\"0\" data-height-mobile=\"25\" data-height-tab=\"\" data-height-tab-portrait=\"\" data-height-mobile-landscape=\"\" style=\"clear:both;display:block;\"><\/div>[\/vc_column][\/vc_row][vc_row][vc_column]<div class=\"ult-spacer spacer-69e7329237d4b\" data-id=\"69e7329237d4b\" data-height=\"100\" data-height-mobile=\"50\" data-height-tab=\"\" data-height-tab-portrait=\"\" data-height-mobile-landscape=\"\" style=\"clear:both;display:block;\"><\/div>[\/vc_column][\/vc_row][vc_row full_width=&#8220;stretch_row_content_no_spaces&#8220; type=&#8220;vc_default&#8220; css=&#8220;.vc_custom_1699458741602{background-position: center !important;background-repeat: no-repeat !important;background-size: cover !important;}&#8220;][vc_column width=&#8220;1\/3&#8243; css=&#8220;.vc_custom_1699524849412{padding-top: 0px !important;}&#8220;][vc_single_image image=&#8220;2052&#8243; img_size=&#8220;full&#8220; alignment=&#8220;center&#8220; css=&#8220;.vc_custom_1711097431616{margin-top: 0px !important;margin-right: 0px !important;margin-bottom: 0px !important;margin-left: 0px !important;border-top-width: 0px !important;border-right-width: 0px !important;border-bottom-width: 0px !important;border-left-width: 0px !important;padding-top: 0px !important;padding-right: 0px !important;padding-bottom: 0px !important;padding-left: 0px !important;}&#8220;][\/vc_column][vc_column width=&#8220;1\/3&#8243; css=&#8220;.vc_custom_1704807305764{padding-top: 0px !important;}&#8220;][vc_single_image image=&#8220;2057&#8243; img_size=&#8220;full&#8220; alignment=&#8220;center&#8220; css=&#8220;.vc_custom_1711097464437{margin-top: 0px !important;margin-right: 0px !important;margin-bottom: 0px !important;margin-left: 0px !important;border-top-width: 0px !important;border-right-width: 0px !important;border-bottom-width: 0px !important;border-left-width: 0px !important;padding-top: 0px !important;padding-right: 0px !important;padding-bottom: 0px !important;padding-left: 0px !important;}&#8220;][\/vc_column][vc_column width=&#8220;1\/3&#8243; css=&#8220;.vc_custom_1704807299263{padding-top: 0px !important;}&#8220;][vc_single_image image=&#8220;2061&#8243; img_size=&#8220;full&#8220; alignment=&#8220;center&#8220; css=&#8220;.vc_custom_1711097447045{margin-top: 0px !important;margin-right: 0px !important;margin-bottom: 0px !important;margin-left: 0px !important;border-top-width: 0px !important;border-right-width: 0px !important;border-bottom-width: 0px !important;border-left-width: 0px !important;padding-top: 0px !important;padding-right: 0px !important;padding-bottom: 0px !important;padding-left: 0px !important;}&#8220;][\/vc_column][\/vc_row][vc_row][vc_column width=&#8220;1\/6&#8243;][\/vc_column][vc_column width=&#8220;2\/3&#8243;]<div class=\"ult-spacer spacer-69e7329237d5c\" data-id=\"69e7329237d5c\" data-height=\"100\" data-height-mobile=\"0\" data-height-tab=\"\" data-height-tab-portrait=\"\" data-height-mobile-landscape=\"\" style=\"clear:both;display:block;\"><\/div>[vc_custom_heading text=&#8220;ERLEBEN SIE DAS<i>Wohlbefinden<\/i>&#8220; font_container=&#8220;tag:h1|text_align:center&#8220; use_theme_fonts=&#8220;yes&#8220;]<div class=\"ult-spacer spacer-69e7329237d6d\" data-id=\"69e7329237d6d\" data-height=\"0\" data-height-mobile=\"25\" data-height-tab=\"\" data-height-tab-portrait=\"\" data-height-mobile-landscape=\"\" style=\"clear:both;display:block;\"><\/div>[vc_column_text css=&#8220;.vc_custom_1715330945644{margin-bottom: 10px !important;}&#8220;]<\/p>\n<p style=\"text-align: center;\">Gibt es einen besseren Ort als die Domaine de Santa Giulia auf der Insel der Sch\u00f6nheit f\u00fcr einen R\u00fcckzug, der dem Wohlbefinden in einer intimen Umgebung gewidmet ist?<\/p>\n<p style=\"text-align: center;\">Erleben Sie einen herrlichen Wellnessurlaub in einer mediterranen Umgebung mit Blick auf die Bucht von Santa Giulia, mit einer Yoga-Plattform inmitten der Macchia, Schwimmb\u00e4dern, einem Aqua-Biking-Bereich, einem Massage-Kiosk mit Blick auf das Meer und einem Naturpfad, der Sie jeden Tag aufs Neue mit seinen D\u00fcften und dem Gesang der Wildnis umgarnt.<\/p>\n<p style=\"text-align: center;\">Organisieren Sie Yoga- oder andere Retreats, im kleinen Kreis oder in der Gruppe, weit weg von der Hektik des Lebens, mit Ihrem Lehrer oder einem unserer Spezialisten. Genie\u00dfen Sie die Weite der Domaine in einer geselligen Atmosph\u00e4re.<\/p>\n<p style=\"text-align: center;\">Sch\u00f6pfen Sie neue Kraft, wir k\u00fcmmern uns um Sie und Ihr Wohlbefinden.<\/p>\n<p>[\/vc_column_text]<style type=\"text\/css\" data-type=\"the7_shortcodes-inline-css\">#default-btn-1341feb944200b3f8f9680b00d6ea4af.ico-right-side > i {\n  margin-right: 0px;\n  margin-left: 8px;\n}\n#default-btn-1341feb944200b3f8f9680b00d6ea4af > i {\n  margin-right: 8px;\n}<\/style><div class=\"btn-align-center\"><a href=\"#\" class=\"default-btn-shortcode dt-btn dt-btn-m link-hover-off contact \" id=\"default-btn-1341feb944200b3f8f9680b00d6ea4af\" title=\"H\u00f4tel\"><span>Kontaktieren Sie uns<\/span><\/a><\/div><div class=\"ult-spacer spacer-69e7329237dbf\" data-id=\"69e7329237dbf\" data-height=\"150\" data-height-mobile=\"75\" data-height-tab=\"\" data-height-tab-portrait=\"\" data-height-mobile-landscape=\"\" style=\"clear:both;display:block;\"><\/div>[\/vc_column][vc_column width=&#8220;1\/6&#8243;][\/vc_column][\/vc_row]<\/p>\n<\/div>","protected":false},"excerpt":{"rendered":"<p>[vc_row full_width=&#8220;stretch_row_content_no_spaces&#8220; disable_element=&#8220;yes&#8220; type=&#8220;vc_default&#8220; css=&#8220;.vc_custom_1704812312106{margin-top: 0px !important;padding-top: 0px !important;background-position: center !important;background-repeat: no-repeat !important;background-size: cover !important;}&#8220;][vc_column css=&#8220;.vc_custom_1699523036787{padding-top: 0px !important;}&#8220;][vc_single_image image=&#8220;850&#8243; img_size=&#8220;full&#8220; alignment=&#8220;center&#8220; css=&#8220;.vc_custom_1704803043729{margin-top: 0px !important;margin-right: 0px !important;margin-bottom: 0px !important;margin-left: 0px !important;border-top-width: 0px !important;border-right-width: 0px !important;border-bottom-width: 0px !important;border-left-width: 0px !important;padding-top: 0px !important;padding-right: 0px !important;padding-bottom: 0px !important;padding-left: 0px !important;}&#8220;][\/vc_column][\/vc_row][vc_row][vc_column width=&#8220;1\/6&#8243;][\/vc_column][vc_column width=&#8220;2\/3&#8243;][vc_custom_heading text=&#8220;KULTIVIEREN SIE DIE Sch\u00f6ne GESCHICHTEN&#8220; font_container=&#8220;tag:h1|text_align:center&#8220; use_theme_fonts=&#8220;yes&#8220;][vc_column_text&hellip;<\/p>\n","protected":false},"author":1,"featured_media":0,"parent":0,"menu_order":7,"comment_status":"closed","ping_status":"closed","template":"","meta":{"footnotes":""},"class_list":["post-2550","page","type-page","status-publish","hentry","description-off"],"yoast_head":"<!-- This site is optimized with the Yoast SEO plugin v27.4 - https:\/\/yoast.com\/product\/yoast-seo-wordpress\/ -->\n<title>Veranstaltungen Zelebrationen Dom\u00e4ne Santa Giulia Palace - Luxusaufenthalt Korsika<\/title>\n<meta name=\"description\" content=\"Im Santa Giulia Palace Estate pflegen wir das Sch\u00f6ne und nehmen es uns zu Herzen, in diesem einzigartigen Garten unvergessliche Anl\u00e4sse f\u00fcr unsere G\u00e4ste zu schaffen.\" \/>\n<meta name=\"robots\" content=\"index, follow, max-snippet:-1, max-image-preview:large, max-video-preview:-1\" \/>\n<link rel=\"canonical\" href=\"https:\/\/santa-giulia.net\/de\/veranstaltungen-zelebrationen\/\" \/>\n<meta property=\"og:locale\" content=\"de_DE\" \/>\n<meta property=\"og:type\" content=\"article\" \/>\n<meta property=\"og:title\" content=\"Veranstaltungen Zelebrationen Dom\u00e4ne Santa Giulia Palace - Luxusaufenthalt Korsika\" \/>\n<meta property=\"og:description\" content=\"Im Santa Giulia Palace Estate pflegen wir das Sch\u00f6ne und nehmen es uns zu Herzen, in diesem einzigartigen Garten unvergessliche Anl\u00e4sse f\u00fcr unsere G\u00e4ste zu schaffen.\" \/>\n<meta property=\"og:url\" content=\"https:\/\/santa-giulia.net\/de\/veranstaltungen-zelebrationen\/\" \/>\n<meta property=\"og:site_name\" content=\"Domaine Santa Giulia Palace - S\u00e9jour de luxe - Vue Mer en Corse\" \/>\n<meta property=\"article:publisher\" content=\"https:\/\/www.facebook.com\/ResidenceSantaGiuliaPalace\" \/>\n<meta property=\"article:modified_time\" content=\"2024-06-03T21:36:34+00:00\" \/>\n<meta name=\"twitter:card\" content=\"summary_large_image\" \/>\n<meta name=\"twitter:label1\" content=\"Gesch\u00e4tzte Lesezeit\" \/>\n\t<meta name=\"twitter:data1\" content=\"6\u00a0Minuten\" \/>\n<script type=\"application\/ld+json\" class=\"yoast-schema-graph\">{\"@context\":\"https:\\\/\\\/schema.org\",\"@graph\":[{\"@type\":\"WebPage\",\"@id\":\"https:\\\/\\\/santa-giulia.net\\\/de\\\/veranstaltungen-zelebrationen\\\/\",\"url\":\"https:\\\/\\\/santa-giulia.net\\\/de\\\/veranstaltungen-zelebrationen\\\/\",\"name\":\"Veranstaltungen Zelebrationen Dom\u00e4ne Santa Giulia Palace - Luxusaufenthalt Korsika\",\"isPartOf\":{\"@id\":\"https:\\\/\\\/santa-giulia.net\\\/de\\\/#website\"},\"datePublished\":\"2024-03-21T11:58:54+00:00\",\"dateModified\":\"2024-06-03T21:36:34+00:00\",\"description\":\"Im Santa Giulia Palace Estate pflegen wir das Sch\u00f6ne und nehmen es uns zu Herzen, in diesem einzigartigen Garten unvergessliche Anl\u00e4sse f\u00fcr unsere G\u00e4ste zu schaffen.\",\"breadcrumb\":{\"@id\":\"https:\\\/\\\/santa-giulia.net\\\/de\\\/veranstaltungen-zelebrationen\\\/#breadcrumb\"},\"inLanguage\":\"de\",\"potentialAction\":[{\"@type\":\"ReadAction\",\"target\":[\"https:\\\/\\\/santa-giulia.net\\\/de\\\/veranstaltungen-zelebrationen\\\/\"]}]},{\"@type\":\"BreadcrumbList\",\"@id\":\"https:\\\/\\\/santa-giulia.net\\\/de\\\/veranstaltungen-zelebrationen\\\/#breadcrumb\",\"itemListElement\":[{\"@type\":\"ListItem\",\"position\":1,\"name\":\"Accueil\",\"item\":\"https:\\\/\\\/santa-giulia.net\\\/de\\\/\"},{\"@type\":\"ListItem\",\"position\":2,\"name\":\"Veranstaltungen Zelebrationen\"}]},{\"@type\":\"WebSite\",\"@id\":\"https:\\\/\\\/santa-giulia.net\\\/de\\\/#website\",\"url\":\"https:\\\/\\\/santa-giulia.net\\\/de\\\/\",\"name\":\"Domaine Santa Giulia Palace - S\u00e9jour de luxe - Vue Mer en Corse\",\"description\":\"Un Site d\u00e9velopp\u00e9 par PMT Hotels\",\"publisher\":{\"@id\":\"https:\\\/\\\/santa-giulia.net\\\/de\\\/#organization\"},\"potentialAction\":[{\"@type\":\"SearchAction\",\"target\":{\"@type\":\"EntryPoint\",\"urlTemplate\":\"https:\\\/\\\/santa-giulia.net\\\/de\\\/?s={search_term_string}\"},\"query-input\":{\"@type\":\"PropertyValueSpecification\",\"valueRequired\":true,\"valueName\":\"search_term_string\"}}],\"inLanguage\":\"de\"},{\"@type\":\"Organization\",\"@id\":\"https:\\\/\\\/santa-giulia.net\\\/de\\\/#organization\",\"name\":\"Domaine Santa Giulia Palace - S\u00e9jour de luxe - Vue Mer en Corse\",\"url\":\"https:\\\/\\\/santa-giulia.net\\\/de\\\/\",\"logo\":{\"@type\":\"ImageObject\",\"inLanguage\":\"de\",\"@id\":\"https:\\\/\\\/santa-giulia.net\\\/de\\\/#\\\/schema\\\/logo\\\/image\\\/\",\"url\":\"https:\\\/\\\/santagiulia.net\\\/wp-content\\\/uploads\\\/2023\\\/06\\\/Logo-Domaine-Santa-Giulia-Palace-600.png\",\"contentUrl\":\"https:\\\/\\\/santagiulia.net\\\/wp-content\\\/uploads\\\/2023\\\/06\\\/Logo-Domaine-Santa-Giulia-Palace-600.png\",\"width\":600,\"height\":438,\"caption\":\"Domaine Santa Giulia Palace - S\u00e9jour de luxe - Vue Mer en Corse\"},\"image\":{\"@id\":\"https:\\\/\\\/santa-giulia.net\\\/de\\\/#\\\/schema\\\/logo\\\/image\\\/\"},\"sameAs\":[\"https:\\\/\\\/www.facebook.com\\\/ResidenceSantaGiuliaPalace\",\"https:\\\/\\\/www.instagram.com\\\/santagiuliapalace\\\/\"]}]}<\/script>\n<!-- \/ Yoast SEO plugin. -->","yoast_head_json":{"title":"Veranstaltungen Zelebrationen Dom\u00e4ne Santa Giulia Palace - Luxusaufenthalt Korsika","description":"Im Santa Giulia Palace Estate pflegen wir das Sch\u00f6ne und nehmen es uns zu Herzen, in diesem einzigartigen Garten unvergessliche Anl\u00e4sse f\u00fcr unsere G\u00e4ste zu schaffen.","robots":{"index":"index","follow":"follow","max-snippet":"max-snippet:-1","max-image-preview":"max-image-preview:large","max-video-preview":"max-video-preview:-1"},"canonical":"https:\/\/santa-giulia.net\/de\/veranstaltungen-zelebrationen\/","og_locale":"de_DE","og_type":"article","og_title":"Veranstaltungen Zelebrationen Dom\u00e4ne Santa Giulia Palace - Luxusaufenthalt Korsika","og_description":"Im Santa Giulia Palace Estate pflegen wir das Sch\u00f6ne und nehmen es uns zu Herzen, in diesem einzigartigen Garten unvergessliche Anl\u00e4sse f\u00fcr unsere G\u00e4ste zu schaffen.","og_url":"https:\/\/santa-giulia.net\/de\/veranstaltungen-zelebrationen\/","og_site_name":"Domaine Santa Giulia Palace - S\u00e9jour de luxe - Vue Mer en Corse","article_publisher":"https:\/\/www.facebook.com\/ResidenceSantaGiuliaPalace","article_modified_time":"2024-06-03T21:36:34+00:00","twitter_card":"summary_large_image","twitter_misc":{"Gesch\u00e4tzte Lesezeit":"6\u00a0Minuten"},"schema":{"@context":"https:\/\/schema.org","@graph":[{"@type":"WebPage","@id":"https:\/\/santa-giulia.net\/de\/veranstaltungen-zelebrationen\/","url":"https:\/\/santa-giulia.net\/de\/veranstaltungen-zelebrationen\/","name":"Veranstaltungen Zelebrationen Dom\u00e4ne Santa Giulia Palace - Luxusaufenthalt Korsika","isPartOf":{"@id":"https:\/\/santa-giulia.net\/de\/#website"},"datePublished":"2024-03-21T11:58:54+00:00","dateModified":"2024-06-03T21:36:34+00:00","description":"Im Santa Giulia Palace Estate pflegen wir das Sch\u00f6ne und nehmen es uns zu Herzen, in diesem einzigartigen Garten unvergessliche Anl\u00e4sse f\u00fcr unsere G\u00e4ste zu schaffen.","breadcrumb":{"@id":"https:\/\/santa-giulia.net\/de\/veranstaltungen-zelebrationen\/#breadcrumb"},"inLanguage":"de","potentialAction":[{"@type":"ReadAction","target":["https:\/\/santa-giulia.net\/de\/veranstaltungen-zelebrationen\/"]}]},{"@type":"BreadcrumbList","@id":"https:\/\/santa-giulia.net\/de\/veranstaltungen-zelebrationen\/#breadcrumb","itemListElement":[{"@type":"ListItem","position":1,"name":"Accueil","item":"https:\/\/santa-giulia.net\/de\/"},{"@type":"ListItem","position":2,"name":"Veranstaltungen Zelebrationen"}]},{"@type":"WebSite","@id":"https:\/\/santa-giulia.net\/de\/#website","url":"https:\/\/santa-giulia.net\/de\/","name":"Domaine Santa Giulia Palace - S\u00e9jour de luxe - Vue Mer en Corse","description":"Un Site d\u00e9velopp\u00e9 par PMT Hotels","publisher":{"@id":"https:\/\/santa-giulia.net\/de\/#organization"},"potentialAction":[{"@type":"SearchAction","target":{"@type":"EntryPoint","urlTemplate":"https:\/\/santa-giulia.net\/de\/?s={search_term_string}"},"query-input":{"@type":"PropertyValueSpecification","valueRequired":true,"valueName":"search_term_string"}}],"inLanguage":"de"},{"@type":"Organization","@id":"https:\/\/santa-giulia.net\/de\/#organization","name":"Domaine Santa Giulia Palace - S\u00e9jour de luxe - Vue Mer en Corse","url":"https:\/\/santa-giulia.net\/de\/","logo":{"@type":"ImageObject","inLanguage":"de","@id":"https:\/\/santa-giulia.net\/de\/#\/schema\/logo\/image\/","url":"https:\/\/santagiulia.net\/wp-content\/uploads\/2023\/06\/Logo-Domaine-Santa-Giulia-Palace-600.png","contentUrl":"https:\/\/santagiulia.net\/wp-content\/uploads\/2023\/06\/Logo-Domaine-Santa-Giulia-Palace-600.png","width":600,"height":438,"caption":"Domaine Santa Giulia Palace - S\u00e9jour de luxe - Vue Mer en Corse"},"image":{"@id":"https:\/\/santa-giulia.net\/de\/#\/schema\/logo\/image\/"},"sameAs":["https:\/\/www.facebook.com\/ResidenceSantaGiuliaPalace","https:\/\/www.instagram.com\/santagiuliapalace\/"]}]}},"_links":{"self":[{"href":"https:\/\/santa-giulia.net\/de\/wp-json\/wp\/v2\/pages\/2550","targetHints":{"allow":["GET"]}}],"collection":[{"href":"https:\/\/santa-giulia.net\/de\/wp-json\/wp\/v2\/pages"}],"about":[{"href":"https:\/\/santa-giulia.net\/de\/wp-json\/wp\/v2\/types\/page"}],"author":[{"embeddable":true,"href":"https:\/\/santa-giulia.net\/de\/wp-json\/wp\/v2\/users\/1"}],"replies":[{"embeddable":true,"href":"https:\/\/santa-giulia.net\/de\/wp-json\/wp\/v2\/comments?post=2550"}],"version-history":[{"count":4,"href":"https:\/\/santa-giulia.net\/de\/wp-json\/wp\/v2\/pages\/2550\/revisions"}],"predecessor-version":[{"id":2718,"href":"https:\/\/santa-giulia.net\/de\/wp-json\/wp\/v2\/pages\/2550\/revisions\/2718"}],"wp:attachment":[{"href":"https:\/\/santa-giulia.net\/de\/wp-json\/wp\/v2\/media?parent=2550"}],"curies":[{"name":"wp","href":"https:\/\/api.w.org\/{rel}","templated":true}]}}