{"id":2552,"date":"2024-05-03T13:12:36","date_gmt":"2024-05-03T11:12:36","guid":{"rendered":"https:\/\/santa-giulia.net\/fotogalerie\/"},"modified":"2024-05-31T15:14:06","modified_gmt":"2024-05-31T13:14:06","slug":"fotogalerie","status":"publish","type":"page","link":"https:\/\/santa-giulia.net\/de\/fotogalerie\/","title":{"rendered":"Fotogalerie"},"content":{"rendered":"","protected":false},"excerpt":{"rendered":"","protected":false},"author":1,"featured_media":0,"parent":0,"menu_order":9,"comment_status":"closed","ping_status":"closed","template":"template-media.php","meta":{"footnotes":""},"class_list":["post-2552","page","type-page","status-publish","hentry","description-off"],"yoast_head":"<!-- This site is optimized with the Yoast SEO plugin v27.4 - https:\/\/yoast.com\/product\/yoast-seo-wordpress\/ -->\n<title>Fotogalerie Dom\u00e4ne Santa Giulia Palace - Luxusaufenthalt Korsika<\/title>\n<meta name=\"description\" content=\"Residenz in Porto-Vecchio in der N\u00e4he von Bonifacio. Vermietung Apartment &amp; Villen mit Meerblick, 3 Pools, Jacuzzi. Strand Santa Giulia 300m zu Fu\u00df entfernt.\" \/>\n<meta name=\"robots\" content=\"index, follow, max-snippet:-1, max-image-preview:large, max-video-preview:-1\" \/>\n<link rel=\"canonical\" href=\"https:\/\/santa-giulia.net\/de\/fotogalerie\/\" \/>\n<meta property=\"og:locale\" content=\"de_DE\" \/>\n<meta property=\"og:type\" content=\"article\" \/>\n<meta property=\"og:title\" content=\"Fotogalerie Dom\u00e4ne Santa Giulia Palace - Luxusaufenthalt Korsika\" \/>\n<meta property=\"og:description\" content=\"Residenz in Porto-Vecchio in der N\u00e4he von Bonifacio. Vermietung Apartment &amp; Villen mit Meerblick, 3 Pools, Jacuzzi. Strand Santa Giulia 300m zu Fu\u00df entfernt.\" \/>\n<meta property=\"og:url\" content=\"https:\/\/santa-giulia.net\/de\/fotogalerie\/\" \/>\n<meta property=\"og:site_name\" content=\"Domaine Santa Giulia Palace - S\u00e9jour de luxe - Vue Mer en Corse\" \/>\n<meta property=\"article:publisher\" content=\"https:\/\/www.facebook.com\/ResidenceSantaGiuliaPalace\" \/>\n<meta property=\"article:modified_time\" content=\"2024-05-31T13:14:06+00:00\" \/>\n<meta name=\"twitter:card\" content=\"summary_large_image\" \/>\n<script type=\"application\/ld+json\" class=\"yoast-schema-graph\">{\"@context\":\"https:\\\/\\\/schema.org\",\"@graph\":[{\"@type\":\"WebPage\",\"@id\":\"https:\\\/\\\/santa-giulia.net\\\/de\\\/fotogalerie\\\/\",\"url\":\"https:\\\/\\\/santa-giulia.net\\\/de\\\/fotogalerie\\\/\",\"name\":\"Fotogalerie Dom\u00e4ne Santa Giulia Palace - Luxusaufenthalt Korsika\",\"isPartOf\":{\"@id\":\"https:\\\/\\\/santa-giulia.net\\\/de\\\/#website\"},\"datePublished\":\"2024-05-03T11:12:36+00:00\",\"dateModified\":\"2024-05-31T13:14:06+00:00\",\"description\":\"Residenz in Porto-Vecchio in der N\u00e4he von Bonifacio. Vermietung Apartment & Villen mit Meerblick, 3 Pools, Jacuzzi. Strand Santa Giulia 300m zu Fu\u00df entfernt.\",\"breadcrumb\":{\"@id\":\"https:\\\/\\\/santa-giulia.net\\\/de\\\/fotogalerie\\\/#breadcrumb\"},\"inLanguage\":\"de\",\"potentialAction\":[{\"@type\":\"ReadAction\",\"target\":[\"https:\\\/\\\/santa-giulia.net\\\/de\\\/fotogalerie\\\/\"]}]},{\"@type\":\"BreadcrumbList\",\"@id\":\"https:\\\/\\\/santa-giulia.net\\\/de\\\/fotogalerie\\\/#breadcrumb\",\"itemListElement\":[{\"@type\":\"ListItem\",\"position\":1,\"name\":\"Accueil\",\"item\":\"https:\\\/\\\/santa-giulia.net\\\/de\\\/\"},{\"@type\":\"ListItem\",\"position\":2,\"name\":\"Fotogalerie\"}]},{\"@type\":\"WebSite\",\"@id\":\"https:\\\/\\\/santa-giulia.net\\\/de\\\/#website\",\"url\":\"https:\\\/\\\/santa-giulia.net\\\/de\\\/\",\"name\":\"Domaine Santa Giulia Palace - S\u00e9jour de luxe - Vue Mer en Corse\",\"description\":\"Un Site d\u00e9velopp\u00e9 par PMT Hotels\",\"publisher\":{\"@id\":\"https:\\\/\\\/santa-giulia.net\\\/de\\\/#organization\"},\"potentialAction\":[{\"@type\":\"SearchAction\",\"target\":{\"@type\":\"EntryPoint\",\"urlTemplate\":\"https:\\\/\\\/santa-giulia.net\\\/de\\\/?s={search_term_string}\"},\"query-input\":{\"@type\":\"PropertyValueSpecification\",\"valueRequired\":true,\"valueName\":\"search_term_string\"}}],\"inLanguage\":\"de\"},{\"@type\":\"Organization\",\"@id\":\"https:\\\/\\\/santa-giulia.net\\\/de\\\/#organization\",\"name\":\"Domaine Santa Giulia Palace - S\u00e9jour de luxe - Vue Mer en Corse\",\"url\":\"https:\\\/\\\/santa-giulia.net\\\/de\\\/\",\"logo\":{\"@type\":\"ImageObject\",\"inLanguage\":\"de\",\"@id\":\"https:\\\/\\\/santa-giulia.net\\\/de\\\/#\\\/schema\\\/logo\\\/image\\\/\",\"url\":\"https:\\\/\\\/santagiulia.net\\\/wp-content\\\/uploads\\\/2023\\\/06\\\/Logo-Domaine-Santa-Giulia-Palace-600.png\",\"contentUrl\":\"https:\\\/\\\/santagiulia.net\\\/wp-content\\\/uploads\\\/2023\\\/06\\\/Logo-Domaine-Santa-Giulia-Palace-600.png\",\"width\":600,\"height\":438,\"caption\":\"Domaine Santa Giulia Palace - S\u00e9jour de luxe - Vue Mer en Corse\"},\"image\":{\"@id\":\"https:\\\/\\\/santa-giulia.net\\\/de\\\/#\\\/schema\\\/logo\\\/image\\\/\"},\"sameAs\":[\"https:\\\/\\\/www.facebook.com\\\/ResidenceSantaGiuliaPalace\",\"https:\\\/\\\/www.instagram.com\\\/santagiuliapalace\\\/\"]}]}<\/script>\n<!-- \/ Yoast SEO plugin. -->","yoast_head_json":{"title":"Fotogalerie Dom\u00e4ne Santa Giulia Palace - Luxusaufenthalt Korsika","description":"Residenz in Porto-Vecchio in der N\u00e4he von Bonifacio. Vermietung Apartment & Villen mit Meerblick, 3 Pools, Jacuzzi. Strand Santa Giulia 300m zu Fu\u00df entfernt.","robots":{"index":"index","follow":"follow","max-snippet":"max-snippet:-1","max-image-preview":"max-image-preview:large","max-video-preview":"max-video-preview:-1"},"canonical":"https:\/\/santa-giulia.net\/de\/fotogalerie\/","og_locale":"de_DE","og_type":"article","og_title":"Fotogalerie Dom\u00e4ne Santa Giulia Palace - Luxusaufenthalt Korsika","og_description":"Residenz in Porto-Vecchio in der N\u00e4he von Bonifacio. Vermietung Apartment & Villen mit Meerblick, 3 Pools, Jacuzzi. Strand Santa Giulia 300m zu Fu\u00df entfernt.","og_url":"https:\/\/santa-giulia.net\/de\/fotogalerie\/","og_site_name":"Domaine Santa Giulia Palace - S\u00e9jour de luxe - Vue Mer en Corse","article_publisher":"https:\/\/www.facebook.com\/ResidenceSantaGiuliaPalace","article_modified_time":"2024-05-31T13:14:06+00:00","twitter_card":"summary_large_image","schema":{"@context":"https:\/\/schema.org","@graph":[{"@type":"WebPage","@id":"https:\/\/santa-giulia.net\/de\/fotogalerie\/","url":"https:\/\/santa-giulia.net\/de\/fotogalerie\/","name":"Fotogalerie Dom\u00e4ne Santa Giulia Palace - Luxusaufenthalt Korsika","isPartOf":{"@id":"https:\/\/santa-giulia.net\/de\/#website"},"datePublished":"2024-05-03T11:12:36+00:00","dateModified":"2024-05-31T13:14:06+00:00","description":"Residenz in Porto-Vecchio in der N\u00e4he von Bonifacio. Vermietung Apartment & Villen mit Meerblick, 3 Pools, Jacuzzi. Strand Santa Giulia 300m zu Fu\u00df entfernt.","breadcrumb":{"@id":"https:\/\/santa-giulia.net\/de\/fotogalerie\/#breadcrumb"},"inLanguage":"de","potentialAction":[{"@type":"ReadAction","target":["https:\/\/santa-giulia.net\/de\/fotogalerie\/"]}]},{"@type":"BreadcrumbList","@id":"https:\/\/santa-giulia.net\/de\/fotogalerie\/#breadcrumb","itemListElement":[{"@type":"ListItem","position":1,"name":"Accueil","item":"https:\/\/santa-giulia.net\/de\/"},{"@type":"ListItem","position":2,"name":"Fotogalerie"}]},{"@type":"WebSite","@id":"https:\/\/santa-giulia.net\/de\/#website","url":"https:\/\/santa-giulia.net\/de\/","name":"Domaine Santa Giulia Palace - S\u00e9jour de luxe - Vue Mer en Corse","description":"Un Site d\u00e9velopp\u00e9 par PMT Hotels","publisher":{"@id":"https:\/\/santa-giulia.net\/de\/#organization"},"potentialAction":[{"@type":"SearchAction","target":{"@type":"EntryPoint","urlTemplate":"https:\/\/santa-giulia.net\/de\/?s={search_term_string}"},"query-input":{"@type":"PropertyValueSpecification","valueRequired":true,"valueName":"search_term_string"}}],"inLanguage":"de"},{"@type":"Organization","@id":"https:\/\/santa-giulia.net\/de\/#organization","name":"Domaine Santa Giulia Palace - S\u00e9jour de luxe - Vue Mer en Corse","url":"https:\/\/santa-giulia.net\/de\/","logo":{"@type":"ImageObject","inLanguage":"de","@id":"https:\/\/santa-giulia.net\/de\/#\/schema\/logo\/image\/","url":"https:\/\/santagiulia.net\/wp-content\/uploads\/2023\/06\/Logo-Domaine-Santa-Giulia-Palace-600.png","contentUrl":"https:\/\/santagiulia.net\/wp-content\/uploads\/2023\/06\/Logo-Domaine-Santa-Giulia-Palace-600.png","width":600,"height":438,"caption":"Domaine Santa Giulia Palace - S\u00e9jour de luxe - Vue Mer en Corse"},"image":{"@id":"https:\/\/santa-giulia.net\/de\/#\/schema\/logo\/image\/"},"sameAs":["https:\/\/www.facebook.com\/ResidenceSantaGiuliaPalace","https:\/\/www.instagram.com\/santagiuliapalace\/"]}]}},"_links":{"self":[{"href":"https:\/\/santa-giulia.net\/de\/wp-json\/wp\/v2\/pages\/2552","targetHints":{"allow":["GET"]}}],"collection":[{"href":"https:\/\/santa-giulia.net\/de\/wp-json\/wp\/v2\/pages"}],"about":[{"href":"https:\/\/santa-giulia.net\/de\/wp-json\/wp\/v2\/types\/page"}],"author":[{"embeddable":true,"href":"https:\/\/santa-giulia.net\/de\/wp-json\/wp\/v2\/users\/1"}],"replies":[{"embeddable":true,"href":"https:\/\/santa-giulia.net\/de\/wp-json\/wp\/v2\/comments?post=2552"}],"version-history":[{"count":1,"href":"https:\/\/santa-giulia.net\/de\/wp-json\/wp\/v2\/pages\/2552\/revisions"}],"predecessor-version":[{"id":2553,"href":"https:\/\/santa-giulia.net\/de\/wp-json\/wp\/v2\/pages\/2552\/revisions\/2553"}],"wp:attachment":[{"href":"https:\/\/santa-giulia.net\/de\/wp-json\/wp\/v2\/media?parent=2552"}],"curies":[{"name":"wp","href":"https:\/\/api.w.org\/{rel}","templated":true}]}}