{"id":2554,"date":"2024-03-22T10:22:31","date_gmt":"2024-03-22T09:22:31","guid":{"rendered":"https:\/\/santa-giulia.net\/eco-responsabilite\/"},"modified":"2025-12-08T12:06:48","modified_gmt":"2025-12-08T11:06:48","slug":"oeko-verantwortung","status":"publish","type":"page","link":"https:\/\/santa-giulia.net\/de\/oeko-verantwortung\/","title":{"rendered":"\u00d6ko-Verantwortung"},"content":{"rendered":"<div class=\"wpb-content-wrapper\"><p>[vc_row full_width=&#8220;stretch_row_content_no_spaces&#8220; disable_element=&#8220;yes&#8220; type=&#8220;vc_default&#8220; css=&#8220;.vc_custom_1704812312106{margin-top: 0px !important;padding-top: 0px !important;background-position: center !important;background-repeat: no-repeat !important;background-size: cover !important;}&#8220;][vc_column css=&#8220;.vc_custom_1699523036787{padding-top: 0px !important;}&#8220;][vc_single_image image=&#8220;852&#8243; img_size=&#8220;full&#8220; alignment=&#8220;center&#8220; css=&#8220;.vc_custom_1704803043729{margin-top: 0px !important;margin-right: 0px !important;margin-bottom: 0px !important;margin-left: 0px !important;border-top-width: 0px !important;border-right-width: 0px !important;border-bottom-width: 0px !important;border-left-width: 0px !important;padding-top: 0px !important;padding-right: 0px !important;padding-bottom: 0px !important;padding-left: 0px !important;}&#8220;][\/vc_column][\/vc_row][vc_row][vc_column width=&#8220;1\/6&#8243;][\/vc_column][vc_column width=&#8220;2\/3&#8243;]<div class=\"ult-spacer spacer-69d63660eb79e\" data-id=\"69d63660eb79e\" data-height=\"100\" data-height-mobile=\"50\" data-height-tab=\"\" data-height-tab-portrait=\"\" data-height-mobile-landscape=\"\" style=\"clear:both;display:block;\"><\/div>[vc_custom_heading text=&#8220;<i>Unser <\/i> ENGAGEMENT&#8220; font_container=&#8220;tag:h1|text_align:center&#8220; use_theme_fonts=&#8220;yes&#8220;]<div class=\"ult-spacer spacer-69d63660eb7d0\" data-id=\"69d63660eb7d0\" data-height=\"0\" data-height-mobile=\"25\" data-height-tab=\"\" data-height-tab-portrait=\"\" data-height-mobile-landscape=\"\" style=\"clear:both;display:block;\"><\/div>[vc_column_text css=&#8220;.vc_custom_1715331001264{margin-bottom: 10px !important;}&#8220;]<\/p>\n<p style=\"text-align: center;\">Im Domaine Santa Giulia Palace ist der Respekt, insbesondere der Respekt vor der Natur, die Essenz unserer Werte.<\/p>\n<p style=\"text-align: center;\">Unser Familienhaus, das wir an zuk\u00fcnftige Generationen weitergeben, sorgt f\u00fcr gute Praktiken, damit der Empfang unserer G\u00e4ste, die Entdeckung dieses bezaubernden Ortes und das Teilen von geselligen, authentischen Momenten fortbestehen kann.<\/p>\n<p style=\"text-align: center;\">Wir verpflichten uns, die Umwelt zu sch\u00fctzen, um einen positiven und nachhaltigen Einfluss auf lokaler Ebene zu hinterlassen. Die Domaine Santa Giulia Palace war Vorreiter in diesem Bereich, indem sie sich 2017 als eine der ersten dem Rispettu-Programm anschloss, einem Programm f\u00fcr nachhaltige Entwicklung auf Korsika, das die Herausforderungen dieser sch\u00f6nen Insel, die wir sch\u00e4tzen und dauerhaft sch\u00e4tzen m\u00f6chten, integriert.<\/p>\n<p style=\"text-align: center;\">Im Folgenden finden Sie einige der Initiativen zur nachhaltigen Entwicklung, die wir in unserer Einrichtung eingef\u00fchrt haben.<\/p>\n<p>[\/vc_column_text][\/vc_column][vc_column width=&#8220;1\/6&#8243;][\/vc_column][\/vc_row][vc_row][vc_column]<div class=\"ult-spacer spacer-69d63660eb7ea\" data-id=\"69d63660eb7ea\" data-height=\"100\" data-height-mobile=\"50\" data-height-tab=\"\" data-height-tab-portrait=\"\" data-height-mobile-landscape=\"\" style=\"clear:both;display:block;\"><\/div>[\/vc_column][\/vc_row][vc_row full_width=&#8220;stretch_row_content&#8220;][vc_column width=&#8220;1\/2&#8243; css=&#8220;.vc_custom_1712243463787{margin-top: 0px !important;margin-right: 0px !important;margin-bottom: 0px !important;margin-left: 0px !important;padding-top: 0px !important;padding-right: 0px !important;padding-bottom: 0px !important;padding-left: 0px !important;}&#8220;][vc_single_image image=&#8220;2233&#8243; img_size=&#8220;full&#8220; css=&#8220;.vc_custom_1712243095289{margin-top: 0px !important;margin-right: 0px !important;margin-bottom: 0px !important;margin-left: 0px !important;padding-top: 0px !important;padding-right: 0px !important;padding-bottom: 0px !important;padding-left: 0px !important;}&#8220;][\/vc_column][vc_column width=&#8220;1\/2&#8243; css=&#8220;.vc_custom_1712243117823{margin-top: 0px !important;margin-right: 0px !important;margin-bottom: 0px !important;margin-left: 0px !important;padding-top: 0px !important;padding-right: 0px !important;padding-bottom: 0px !important;padding-left: 0px !important;}&#8220;][vc_single_image image=&#8220;2241&#8243; img_size=&#8220;full&#8220; css=&#8220;.vc_custom_1712243058311{margin-top: 0px !important;margin-right: 0px !important;margin-bottom: 0px !important;margin-left: 0px !important;padding-top: 0px !important;padding-right: 0px !important;padding-bottom: 0px !important;padding-left: 0px !important;}&#8220;][\/vc_column][\/vc_row][vc_row full_width=&#8220;stretch_row_content_no_spaces&#8220; disable_element=&#8220;yes&#8220; type=&#8220;vc_default&#8220; css=&#8220;.vc_custom_1712243350483{margin-top: 0px !important;padding-top: 0px !important;background-position: center !important;background-repeat: no-repeat !important;background-size: cover !important;}&#8220;][vc_column css=&#8220;.vc_custom_1699523036787{padding-top: 0px !important;}&#8220;][vc_single_image image=&#8220;2045&#8243; img_size=&#8220;full&#8220; alignment=&#8220;center&#8220; css=&#8220;.vc_custom_1711027503431{margin-top: 0px !important;margin-right: 0px !important;margin-bottom: 0px !important;margin-left: 0px !important;border-top-width: 0px !important;border-right-width: 0px !important;border-bottom-width: 0px !important;border-left-width: 0px !important;padding-top: 0px !important;padding-right: 0px !important;padding-bottom: 0px !important;padding-left: 0px !important;}&#8220;][\/vc_column][\/vc_row][vc_row][vc_column]<div class=\"ult-spacer spacer-69d63660eb7fe\" data-id=\"69d63660eb7fe\" data-height=\"100\" data-height-mobile=\"50\" data-height-tab=\"\" data-height-tab-portrait=\"\" data-height-mobile-landscape=\"\" style=\"clear:both;display:block;\"><\/div>[\/vc_column][\/vc_row][vc_row][vc_column width=&#8220;1\/3&#8243;]<div class=\"ult_row_spacer\"><div class=\"ult-sticky-anchor\"><div class=\"ult-sticky-section ult-sticky \"  data-gutter= '100' data-stick_behaviour= 'stick_with_scroll_row'  data-sticky_position= 'top' data-mobile='no' data-support='no'>[vc_custom_heading text=&#8220;UNSERE <i>Initiativen<\/i>&#8220; use_theme_fonts=&#8220;yes&#8220;]<div class=\"ult-spacer spacer-69d63660eb86e\" data-id=\"69d63660eb86e\" data-height=\"150\" data-height-mobile=\"50\" data-height-tab=\"\" data-height-tab-portrait=\"\" data-height-mobile-landscape=\"\" style=\"clear:both;display:block;\"><\/div><\/div><div class=\"ult-space\"><\/div><\/div><\/div>[\/vc_column][vc_column width=&#8220;2\/3&#8243;][vc_custom_heading text=&#8220;Die<i>Ausf\u00fchrung<\/i>&#8220; use_theme_fonts=&#8220;yes&#8220;]<div class=\"ult-spacer spacer-69d63660eb889\" data-id=\"69d63660eb889\" data-height=\"0\" data-height-mobile=\"25\" data-height-tab=\"\" data-height-tab-portrait=\"\" data-height-mobile-landscape=\"\" style=\"clear:both;display:block;\"><\/div>[vc_column_text css=&#8220;.vc_custom_1765192005485{margin-bottom: 10px !important;}&#8220;]<\/p>\n<ul>\n<li style=\"list-style-type: none;\">\n<ul>\n<li style=\"text-align: left;\"><strong>Bauen und Renovieren :<\/strong> Wir m\u00f6chten uns immer an unsere nat\u00fcrliche Umgebung anpassen. Wir sch\u00fctzen unsere B\u00e4ume, wir pflanzen jedes Jahr neue, wir pflegen unseren Busch&#8230; Wir zerst\u00f6ren die Natur nicht, wenn wir etwas bauen, sondern tun es im Einklang mit ihr. Wir integrieren uns in die Natur und unsere Umgebung. Nur der Ort verpflichtet uns.<\/li>\n<li><strong>Sonnenkollektoren :<\/strong> Auf unseren Parkpl\u00e4tzen sind Sonnenkollektoren installiert, die zur Erzeugung von Warmwasser und Elektrizit\u00e4t beitragen.<\/li>\n<li><strong>Aufladen von Elektroautos :<\/strong> Wir haben auf dem Gel\u00e4nde mehrere Aufladestationen eingerichtet, um die Nutzung von Elektrofahrzeugen zu f\u00f6rdern.<\/li>\n<li><strong>Reduzierung von Plastik :<\/strong> Wir bem\u00fchen uns st\u00e4ndig darum, die Verwendung von Plastik jedes Jahr weiter zu reduzieren. Wir bieten nur Glasflaschen an, haben Plastikstrohhalme abgeschafft und bieten Badezimmerproduktee in gro\u00dfen Beh\u00e4ltern an.mat.<\/li>\n<li><strong>Lokale Beschaffung :<\/strong> Soweit m\u00f6glich f\u00f6rdern wir die lokale Beschaffung insbesondere bei lokalen Erzeugern (Gem\u00fcsebauern, Viehz\u00fcchter, Milchprodukte, Getr\u00e4nke&#8230;).<\/li>\n<li><strong>Reinigungsmittel :<\/strong> Wir verwenden ausschlie\u00dflich \u00f6ko-nachhaltige Produkte.<\/li>\n<li><strong>Label Rispettu<\/strong> (bedeutet &#8222;Respekt&#8220; in der korsischen Sprache)<strong>:<\/strong> Jedes Jahr tragen wir dazu bei, dieses Label zu st\u00e4rken, indem wir es weiterentwickeln und zugunsten eines immer verantwortungsbewussteren Vorgehens immer verbindlicher machen.<\/li>\n<li><strong>Bienenst\u00f6cke auf der Domaine : <\/strong>Bienen sind das erste Glied in der Nahrungskette. Wir haben auf unserem 10 Hektar gro\u00dfen Dom\u00e4ne Bienenst\u00f6cke aufstellen, um eine schnelle Reaktion auf die Best\u00e4ubung sowie eine direkte Zunahme der Fauna und Flora zu erm\u00f6glichen.<\/li>\n<\/ul>\n<\/li>\n<\/ul>\n<p>[\/vc_column_text]<div class=\"ult-spacer spacer-69d63660eb899\" data-id=\"69d63660eb899\" data-height=\"50\" data-height-mobile=\"50\" data-height-tab=\"50\" data-height-tab-portrait=\"\" data-height-mobile-landscape=\"\" style=\"clear:both;display:block;\"><\/div>[vc_custom_heading text=&#8220;ZUK\u00dcNFTIGE <i>Projekte<\/i>&#8220; use_theme_fonts=&#8220;yes&#8220;]<div class=\"ult-spacer spacer-69d63660eb8a8\" data-id=\"69d63660eb8a8\" data-height=\"0\" data-height-mobile=\"25\" data-height-tab=\"\" data-height-tab-portrait=\"\" data-height-mobile-landscape=\"\" style=\"clear:both;display:block;\"><\/div>[vc_column_text css=&#8220;.vc_custom_1765191931367{margin-bottom: 10px !important;}&#8220;]<\/p>\n<ul>\n<li><strong>Eco Label :<\/strong> Auch wenn wir uns auf die lokale Bewusstseinsbildung und die Anpassung der verbindlichen Ma\u00dfnahmen, die in den touristischen Einrichtungen auf Korsika umgesetzt werden m\u00fcssen, konzentriert haben, ist das Eco-Label das einzige Label, das in allen L\u00e4ndern der Europ\u00e4ischen Union anerkannt wird. Es hat den Vorteil, dass es allgemein bekannt ist, und ist eine zus\u00e4tzliche Garantie f\u00fcr die Anerkennung unserer Bem\u00fchungen.<\/li>\n<li><strong>Weniger Plastik <\/strong> <strong>:<\/strong> Wer hat noch nicht gesehen, wie das Meer Plastikverpackungen an die Str\u00e4nde sp\u00fclt? Das tut uns allen leid. Die Reduzierung von Plastik ist wichtig, und wenn man am Meer lebt, ist dies umso wichtiger. Wir wollen unsere Lieferanten dazu verpflichten, Plastik zu vermeiden, und Aktionen zur Bek\u00e4mpfung von Plastikm\u00fcll am Meer kommunizieren und finanzieren.<\/li>\n<li><strong>Wassergewinnung :<\/strong> Wir haben das Gl\u00fcck, dass auf unserer Domaine das ganze Jahr \u00fcber Quellwasser flie\u00dft. Nous souhaitons pouvoir la capter afin de fournir l&#8217;eau n\u00e9cessaire \u00e0 l&#8217;irrigation des plantes et \u00e9viter la consommation d&#8217;eaux provenant de nappes phr\u00e9atiques.aWir m\u00f6chten es einfangen k\u00f6nnen, um das Wasser f\u00fcr die Bew\u00e4sserung der Pflanzen zu liefern und den Verbrauch von Grundwasser zu vermeiden.<\/li>\n<li><strong>Glasverarbeitung und -r\u00fcckgewinnung :<\/strong> Glas besteht aus nat\u00fcrlichen und ausreichend verf\u00fcgbaren Materialien und ist eine umweltfreundliche, neutrale und zu 100% recycelbare Komponente. Wir m\u00f6chten unsere Kapazit\u00e4ten zur Sammlung und zum Recycling ausbauen.<\/li>\n<li><strong>Energieautarkie erreichen: <\/strong>Auf Korsika haben wir das Gl\u00fcck, fast jeden Tag Sonne zu haben. Trotzdem ist elektrische Energie nicht dekarbonisiert. Photovoltaik-Solarmodule sind die L\u00f6sung mit den meisten Vorteilen, um unabh\u00e4ngiger zu werden. Wir m\u00f6chten unsere Produktionskapazit\u00e4t erh\u00f6hen und gleichzeitig die \u00c4sthetik der Umgebung bewahren.<\/li>\n<li><strong>Wir wollen durch nachhaltige Massnahmen zur Erhaltung und Wiederherstellung der Umwelt beitragen.<\/strong><\/li>\n<\/ul>\n<p>[\/vc_column_text]<div class=\"ult-spacer spacer-69d63660eb8b6\" data-id=\"69d63660eb8b6\" data-height=\"150\" data-height-mobile=\"75\" data-height-tab=\"\" data-height-tab-portrait=\"\" data-height-mobile-landscape=\"\" style=\"clear:both;display:block;\"><\/div>[\/vc_column][\/vc_row]<\/p>\n<\/div>","protected":false},"excerpt":{"rendered":"<p>[vc_row full_width=&#8220;stretch_row_content_no_spaces&#8220; disable_element=&#8220;yes&#8220; type=&#8220;vc_default&#8220; css=&#8220;.vc_custom_1704812312106{margin-top: 0px !important;padding-top: 0px !important;background-position: center !important;background-repeat: no-repeat !important;background-size: cover !important;}&#8220;][vc_column css=&#8220;.vc_custom_1699523036787{padding-top: 0px !important;}&#8220;][vc_single_image image=&#8220;852&#8243; img_size=&#8220;full&#8220; alignment=&#8220;center&#8220; css=&#8220;.vc_custom_1704803043729{margin-top: 0px !important;margin-right: 0px !important;margin-bottom: 0px !important;margin-left: 0px !important;border-top-width: 0px !important;border-right-width: 0px !important;border-bottom-width: 0px !important;border-left-width: 0px !important;padding-top: 0px !important;padding-right: 0px !important;padding-bottom: 0px !important;padding-left: 0px !important;}&#8220;][\/vc_column][\/vc_row][vc_row][vc_column width=&#8220;1\/6&#8243;][\/vc_column][vc_column width=&#8220;2\/3&#8243;][vc_custom_heading text=&#8220;Unser ENGAGEMENT&#8220; font_container=&#8220;tag:h1|text_align:center&#8220; use_theme_fonts=&#8220;yes&#8220;][vc_column_text css=&#8220;.vc_custom_1715331001264{margin-bottom: 10px !important;}&#8220;]&hellip;<\/p>\n","protected":false},"author":1,"featured_media":0,"parent":0,"menu_order":8,"comment_status":"closed","ping_status":"closed","template":"","meta":{"footnotes":""},"class_list":["post-2554","page","type-page","status-publish","hentry","description-off"],"yoast_head":"<!-- This site is optimized with the Yoast SEO plugin v27.3 - https:\/\/yoast.com\/product\/yoast-seo-wordpress\/ -->\n<title>\u00d6ko-Verantwortung Dom\u00e4ne Santa Giulia Palace - Luxusaufenthalt Korsika<\/title>\n<meta name=\"description\" content=\"Im Domaine Santa Giulia Palace ist Respekt, insbesondere vor der Natur, die Essenz unserer Werte.\" \/>\n<meta name=\"robots\" content=\"index, follow, max-snippet:-1, max-image-preview:large, max-video-preview:-1\" \/>\n<link rel=\"canonical\" href=\"https:\/\/santa-giulia.net\/de\/oeko-verantwortung\/\" \/>\n<meta property=\"og:locale\" content=\"de_DE\" \/>\n<meta property=\"og:type\" content=\"article\" \/>\n<meta property=\"og:title\" content=\"\u00d6ko-Verantwortung Dom\u00e4ne Santa Giulia Palace - Luxusaufenthalt Korsika\" \/>\n<meta property=\"og:description\" content=\"Im Domaine Santa Giulia Palace ist Respekt, insbesondere vor der Natur, die Essenz unserer Werte.\" \/>\n<meta property=\"og:url\" content=\"https:\/\/santa-giulia.net\/de\/oeko-verantwortung\/\" \/>\n<meta property=\"og:site_name\" content=\"Domaine Santa Giulia Palace - S\u00e9jour de luxe - Vue Mer en Corse\" \/>\n<meta property=\"article:publisher\" content=\"https:\/\/www.facebook.com\/ResidenceSantaGiuliaPalace\" \/>\n<meta property=\"article:modified_time\" content=\"2025-12-08T11:06:48+00:00\" \/>\n<meta name=\"twitter:card\" content=\"summary_large_image\" \/>\n<meta name=\"twitter:label1\" content=\"Gesch\u00e4tzte Lesezeit\" \/>\n\t<meta name=\"twitter:data1\" content=\"6\u00a0Minuten\" \/>\n<script type=\"application\/ld+json\" class=\"yoast-schema-graph\">{\"@context\":\"https:\\\/\\\/schema.org\",\"@graph\":[{\"@type\":\"WebPage\",\"@id\":\"https:\\\/\\\/santa-giulia.net\\\/de\\\/oeko-verantwortung\\\/\",\"url\":\"https:\\\/\\\/santa-giulia.net\\\/de\\\/oeko-verantwortung\\\/\",\"name\":\"\u00d6ko-Verantwortung Dom\u00e4ne Santa Giulia Palace - Luxusaufenthalt Korsika\",\"isPartOf\":{\"@id\":\"https:\\\/\\\/santa-giulia.net\\\/de\\\/#website\"},\"datePublished\":\"2024-03-22T09:22:31+00:00\",\"dateModified\":\"2025-12-08T11:06:48+00:00\",\"description\":\"Im Domaine Santa Giulia Palace ist Respekt, insbesondere vor der Natur, die Essenz unserer Werte.\",\"breadcrumb\":{\"@id\":\"https:\\\/\\\/santa-giulia.net\\\/de\\\/oeko-verantwortung\\\/#breadcrumb\"},\"inLanguage\":\"de\",\"potentialAction\":[{\"@type\":\"ReadAction\",\"target\":[\"https:\\\/\\\/santa-giulia.net\\\/de\\\/oeko-verantwortung\\\/\"]}]},{\"@type\":\"BreadcrumbList\",\"@id\":\"https:\\\/\\\/santa-giulia.net\\\/de\\\/oeko-verantwortung\\\/#breadcrumb\",\"itemListElement\":[{\"@type\":\"ListItem\",\"position\":1,\"name\":\"Accueil\",\"item\":\"https:\\\/\\\/santa-giulia.net\\\/de\\\/\"},{\"@type\":\"ListItem\",\"position\":2,\"name\":\"\u00d6ko-Verantwortung\"}]},{\"@type\":\"WebSite\",\"@id\":\"https:\\\/\\\/santa-giulia.net\\\/de\\\/#website\",\"url\":\"https:\\\/\\\/santa-giulia.net\\\/de\\\/\",\"name\":\"Domaine Santa Giulia Palace - S\u00e9jour de luxe - Vue Mer en Corse\",\"description\":\"Un Site d\u00e9velopp\u00e9 par PMT Hotels\",\"publisher\":{\"@id\":\"https:\\\/\\\/santa-giulia.net\\\/de\\\/#organization\"},\"potentialAction\":[{\"@type\":\"SearchAction\",\"target\":{\"@type\":\"EntryPoint\",\"urlTemplate\":\"https:\\\/\\\/santa-giulia.net\\\/de\\\/?s={search_term_string}\"},\"query-input\":{\"@type\":\"PropertyValueSpecification\",\"valueRequired\":true,\"valueName\":\"search_term_string\"}}],\"inLanguage\":\"de\"},{\"@type\":\"Organization\",\"@id\":\"https:\\\/\\\/santa-giulia.net\\\/de\\\/#organization\",\"name\":\"Domaine Santa Giulia Palace - S\u00e9jour de luxe - Vue Mer en Corse\",\"url\":\"https:\\\/\\\/santa-giulia.net\\\/de\\\/\",\"logo\":{\"@type\":\"ImageObject\",\"inLanguage\":\"de\",\"@id\":\"https:\\\/\\\/santa-giulia.net\\\/de\\\/#\\\/schema\\\/logo\\\/image\\\/\",\"url\":\"https:\\\/\\\/santagiulia.net\\\/wp-content\\\/uploads\\\/2023\\\/06\\\/Logo-Domaine-Santa-Giulia-Palace-600.png\",\"contentUrl\":\"https:\\\/\\\/santagiulia.net\\\/wp-content\\\/uploads\\\/2023\\\/06\\\/Logo-Domaine-Santa-Giulia-Palace-600.png\",\"width\":600,\"height\":438,\"caption\":\"Domaine Santa Giulia Palace - S\u00e9jour de luxe - Vue Mer en Corse\"},\"image\":{\"@id\":\"https:\\\/\\\/santa-giulia.net\\\/de\\\/#\\\/schema\\\/logo\\\/image\\\/\"},\"sameAs\":[\"https:\\\/\\\/www.facebook.com\\\/ResidenceSantaGiuliaPalace\",\"https:\\\/\\\/www.instagram.com\\\/santagiuliapalace\\\/\"]}]}<\/script>\n<!-- \/ Yoast SEO plugin. -->","yoast_head_json":{"title":"\u00d6ko-Verantwortung Dom\u00e4ne Santa Giulia Palace - Luxusaufenthalt Korsika","description":"Im Domaine Santa Giulia Palace ist Respekt, insbesondere vor der Natur, die Essenz unserer Werte.","robots":{"index":"index","follow":"follow","max-snippet":"max-snippet:-1","max-image-preview":"max-image-preview:large","max-video-preview":"max-video-preview:-1"},"canonical":"https:\/\/santa-giulia.net\/de\/oeko-verantwortung\/","og_locale":"de_DE","og_type":"article","og_title":"\u00d6ko-Verantwortung Dom\u00e4ne Santa Giulia Palace - Luxusaufenthalt Korsika","og_description":"Im Domaine Santa Giulia Palace ist Respekt, insbesondere vor der Natur, die Essenz unserer Werte.","og_url":"https:\/\/santa-giulia.net\/de\/oeko-verantwortung\/","og_site_name":"Domaine Santa Giulia Palace - S\u00e9jour de luxe - Vue Mer en Corse","article_publisher":"https:\/\/www.facebook.com\/ResidenceSantaGiuliaPalace","article_modified_time":"2025-12-08T11:06:48+00:00","twitter_card":"summary_large_image","twitter_misc":{"Gesch\u00e4tzte Lesezeit":"6\u00a0Minuten"},"schema":{"@context":"https:\/\/schema.org","@graph":[{"@type":"WebPage","@id":"https:\/\/santa-giulia.net\/de\/oeko-verantwortung\/","url":"https:\/\/santa-giulia.net\/de\/oeko-verantwortung\/","name":"\u00d6ko-Verantwortung Dom\u00e4ne Santa Giulia Palace - Luxusaufenthalt Korsika","isPartOf":{"@id":"https:\/\/santa-giulia.net\/de\/#website"},"datePublished":"2024-03-22T09:22:31+00:00","dateModified":"2025-12-08T11:06:48+00:00","description":"Im Domaine Santa Giulia Palace ist Respekt, insbesondere vor der Natur, die Essenz unserer Werte.","breadcrumb":{"@id":"https:\/\/santa-giulia.net\/de\/oeko-verantwortung\/#breadcrumb"},"inLanguage":"de","potentialAction":[{"@type":"ReadAction","target":["https:\/\/santa-giulia.net\/de\/oeko-verantwortung\/"]}]},{"@type":"BreadcrumbList","@id":"https:\/\/santa-giulia.net\/de\/oeko-verantwortung\/#breadcrumb","itemListElement":[{"@type":"ListItem","position":1,"name":"Accueil","item":"https:\/\/santa-giulia.net\/de\/"},{"@type":"ListItem","position":2,"name":"\u00d6ko-Verantwortung"}]},{"@type":"WebSite","@id":"https:\/\/santa-giulia.net\/de\/#website","url":"https:\/\/santa-giulia.net\/de\/","name":"Domaine Santa Giulia Palace - S\u00e9jour de luxe - Vue Mer en Corse","description":"Un Site d\u00e9velopp\u00e9 par PMT Hotels","publisher":{"@id":"https:\/\/santa-giulia.net\/de\/#organization"},"potentialAction":[{"@type":"SearchAction","target":{"@type":"EntryPoint","urlTemplate":"https:\/\/santa-giulia.net\/de\/?s={search_term_string}"},"query-input":{"@type":"PropertyValueSpecification","valueRequired":true,"valueName":"search_term_string"}}],"inLanguage":"de"},{"@type":"Organization","@id":"https:\/\/santa-giulia.net\/de\/#organization","name":"Domaine Santa Giulia Palace - S\u00e9jour de luxe - Vue Mer en Corse","url":"https:\/\/santa-giulia.net\/de\/","logo":{"@type":"ImageObject","inLanguage":"de","@id":"https:\/\/santa-giulia.net\/de\/#\/schema\/logo\/image\/","url":"https:\/\/santagiulia.net\/wp-content\/uploads\/2023\/06\/Logo-Domaine-Santa-Giulia-Palace-600.png","contentUrl":"https:\/\/santagiulia.net\/wp-content\/uploads\/2023\/06\/Logo-Domaine-Santa-Giulia-Palace-600.png","width":600,"height":438,"caption":"Domaine Santa Giulia Palace - S\u00e9jour de luxe - Vue Mer en Corse"},"image":{"@id":"https:\/\/santa-giulia.net\/de\/#\/schema\/logo\/image\/"},"sameAs":["https:\/\/www.facebook.com\/ResidenceSantaGiuliaPalace","https:\/\/www.instagram.com\/santagiuliapalace\/"]}]}},"_links":{"self":[{"href":"https:\/\/santa-giulia.net\/de\/wp-json\/wp\/v2\/pages\/2554","targetHints":{"allow":["GET"]}}],"collection":[{"href":"https:\/\/santa-giulia.net\/de\/wp-json\/wp\/v2\/pages"}],"about":[{"href":"https:\/\/santa-giulia.net\/de\/wp-json\/wp\/v2\/types\/page"}],"author":[{"embeddable":true,"href":"https:\/\/santa-giulia.net\/de\/wp-json\/wp\/v2\/users\/1"}],"replies":[{"embeddable":true,"href":"https:\/\/santa-giulia.net\/de\/wp-json\/wp\/v2\/comments?post=2554"}],"version-history":[{"count":6,"href":"https:\/\/santa-giulia.net\/de\/wp-json\/wp\/v2\/pages\/2554\/revisions"}],"predecessor-version":[{"id":3065,"href":"https:\/\/santa-giulia.net\/de\/wp-json\/wp\/v2\/pages\/2554\/revisions\/3065"}],"wp:attachment":[{"href":"https:\/\/santa-giulia.net\/de\/wp-json\/wp\/v2\/media?parent=2554"}],"curies":[{"name":"wp","href":"https:\/\/api.w.org\/{rel}","templated":true}]}}