{"id":2982,"date":"2025-06-17T13:28:14","date_gmt":"2025-06-17T11:28:14","guid":{"rendered":"https:\/\/santa-giulia.net\/die-pools\/"},"modified":"2026-03-18T22:45:51","modified_gmt":"2026-03-18T21:45:51","slug":"die-pools","status":"publish","type":"page","link":"https:\/\/santa-giulia.net\/de\/die-pools\/","title":{"rendered":"DIE Pools"},"content":{"rendered":"<div class=\"wpb-content-wrapper\"><p>[vc_row][vc_column width=&#8220;1\/6&#8243;][\/vc_column][vc_column width=&#8220;2\/3&#8243;]<div class=\"ult-spacer spacer-69d75c9705ba5\" data-id=\"69d75c9705ba5\" data-height=\"100\" data-height-mobile=\"50\" data-height-tab=\"\" data-height-tab-portrait=\"\" data-height-mobile-landscape=\"\" style=\"clear:both;display:block;\"><\/div>[vc_custom_heading text=&#8220;DIE <i>Pools<\/i><br \/>\nZU IHRER VERF\u00dcGUNG&#8220; font_container=&#8220;tag:h1|text_align:center&#8220; use_theme_fonts=&#8220;yes&#8220; css=&#8220;&#8220;]<div class=\"ult-spacer spacer-69d75c9705be5\" data-id=\"69d75c9705be5\" data-height=\"0\" data-height-mobile=\"25\" data-height-tab=\"\" data-height-tab-portrait=\"\" data-height-mobile-landscape=\"\" style=\"clear:both;display:block;\"><\/div>[vc_column_text css=&#8220;.vc_custom_1773870334700{margin-bottom: 10px !important;}&#8220;]<\/p>\n<p style=\"text-align: center;\">Zwischen Himmel und Meer, im Herzen der korsischen Macchia, l\u00e4dt Sie das Domaine Santa Giulia Palace ein, seine verschiedenen Wasserbereiche zu entdecken \u2013 gestaltet, um allen W\u00fcnschen gerecht zu werden.<\/p>\n<p style=\"text-align: center;\">Ob Sie von absoluter Ruhe tr\u00e4umen, einem Sprung ins Wasser mit der Familie, einem Cocktail am Pool oder einer sanften Fitness-Session \u2013 unsere Pools bieten den idealen Rahmen, nur wenige Schritte<br \/>\nvon Ihrer Unterkunft entfernt.<br \/>\nEleganz, Komfort und Wohlbefinden erwarten Sie unter der Sonne von Porto-Vecchio.<\/p>\n<p style=\"text-align: center;\">Um Ihnen zu jeder Jahreszeit optimalen Komfort zu bieten, sind unsere Pools in der Nebensaison beheizt.<\/p>\n<p>[\/vc_column_text]<div class=\"ult-spacer spacer-69d75c9705c0a\" data-id=\"69d75c9705c0a\" data-height=\"100\" data-height-mobile=\"50\" data-height-tab=\"\" data-height-tab-portrait=\"\" data-height-mobile-landscape=\"\" style=\"clear:both;display:block;\"><\/div>[\/vc_column][vc_column width=&#8220;1\/6&#8243;][\/vc_column][\/vc_row][vc_row][vc_column width=&#8220;1\/2&#8243;][vc_single_image image=&#8220;2871&#8243; img_size=&#8220;1000&#215;1000&#8243; css=&#8220;.vc_custom_1750159727410{margin-bottom: 0px !important;}&#8220;]<div class=\"ult-spacer spacer-69d75c9705c32\" data-id=\"69d75c9705c32\" data-height=\"100\" data-height-mobile=\"50\" data-height-tab=\"\" data-height-tab-portrait=\"\" data-height-mobile-landscape=\"\" style=\"clear:both;display:block;\"><\/div>[\/vc_column][vc_column width=&#8220;1\/2&#8243;]<div class=\"ult-spacer spacer-69d75c9705c4f\" data-id=\"69d75c9705c4f\" data-height=\"100\" data-height-mobile=\"0\" data-height-tab=\"\" data-height-tab-portrait=\"\" data-height-mobile-landscape=\"\" style=\"clear:both;display:block;\"><\/div>[vc_custom_heading text=&#8220;Ein <i>Ausblick<\/i><br \/>\nZUM STAUNEN&#8220; font_container=&#8220;tag:h1|text_align:left&#8220; use_theme_fonts=&#8220;yes&#8220; css=&#8220;&#8220;]<div class=\"ult-spacer spacer-69d75c9705c6a\" data-id=\"69d75c9705c6a\" data-height=\"0\" data-height-mobile=\"25\" data-height-tab=\"\" data-height-tab-portrait=\"\" data-height-mobile-landscape=\"\" style=\"clear:both;display:block;\"><\/div>[vc_column_text css=&#8220;.vc_custom_1750233792987{margin-bottom: 10px !important;}&#8220;]Hoch \u00fcber einem der sch\u00f6nsten Str\u00e4nde Korsikas gelegen, bietet unser Lagunenpool ein au\u00dfergew\u00f6hnliches Naturschauspiel.<br \/>\nVon Ihrer Liege aus lassen Sie den Blick zwischen dem tiefen Blau des Meeres und den t\u00fcrkisfarbenen Nuancen von Santa Giulia schweifen.<\/p>\n<p>Hier wird jedes Bad zu einer traumhaften Auszeit \u2013 umh\u00fcllt vom milden Klima und der Sch\u00f6nheit der korsischen Landschaft.<\/p>\n<p>Ein einzigartiger Ort, schwebend zwischen Himmel und Meer.[\/vc_column_text]<div class=\"ult-spacer spacer-69d75c9705c85\" data-id=\"69d75c9705c85\" data-height=\"0\" data-height-mobile=\"25\" data-height-tab=\"\" data-height-tab-portrait=\"\" data-height-mobile-landscape=\"\" style=\"clear:both;display:block;\"><\/div>[\/vc_column][\/vc_row][vc_row][vc_column]<div class=\"ult-spacer spacer-69d75c9705ca0\" data-id=\"69d75c9705ca0\" data-height=\"100\" data-height-mobile=\"50\" data-height-tab=\"\" data-height-tab-portrait=\"\" data-height-mobile-landscape=\"\" style=\"clear:both;display:block;\"><\/div>[\/vc_column][\/vc_row][vc_row full_width=&#8220;stretch_row_content_no_spaces&#8220; disable_element=&#8220;yes&#8220; type=&#8220;vc_default&#8220; css=&#8220;.vc_custom_1712246335007{background-position: center !important;background-repeat: no-repeat !important;background-size: cover !important;}&#8220;][vc_column width=&#8220;1\/3&#8243; css=&#8220;.vc_custom_1699524849412{padding-top: 0px !important;}&#8220;][vc_single_image image=&#8220;2054&#8243; img_size=&#8220;full&#8220; alignment=&#8220;center&#8220; css=&#8220;.vc_custom_1711097431616{margin-top: 0px !important;margin-right: 0px !important;margin-bottom: 0px !important;margin-left: 0px !important;border-top-width: 0px !important;border-right-width: 0px !important;border-bottom-width: 0px !important;border-left-width: 0px !important;padding-top: 0px !important;padding-right: 0px !important;padding-bottom: 0px !important;padding-left: 0px !important;}&#8220;][\/vc_column][vc_column width=&#8220;1\/3&#8243; css=&#8220;.vc_custom_1704807305764{padding-top: 0px !important;}&#8220;][vc_single_image image=&#8220;2059&#8243; img_size=&#8220;full&#8220; alignment=&#8220;center&#8220; css=&#8220;.vc_custom_1711097464437{margin-top: 0px !important;margin-right: 0px !important;margin-bottom: 0px !important;margin-left: 0px !important;border-top-width: 0px !important;border-right-width: 0px !important;border-bottom-width: 0px !important;border-left-width: 0px !important;padding-top: 0px !important;padding-right: 0px !important;padding-bottom: 0px !important;padding-left: 0px !important;}&#8220;][\/vc_column][vc_column width=&#8220;1\/3&#8243; css=&#8220;.vc_custom_1704807299263{padding-top: 0px !important;}&#8220;][vc_single_image image=&#8220;2063&#8243; img_size=&#8220;full&#8220; alignment=&#8220;center&#8220; css=&#8220;.vc_custom_1711097447045{margin-top: 0px !important;margin-right: 0px !important;margin-bottom: 0px !important;margin-left: 0px !important;border-top-width: 0px !important;border-right-width: 0px !important;border-bottom-width: 0px !important;border-left-width: 0px !important;padding-top: 0px !important;padding-right: 0px !important;padding-bottom: 0px !important;padding-left: 0px !important;}&#8220;][\/vc_column][\/vc_row][vc_row full_width=&#8220;stretch_row_content_no_spaces&#8220; type=&#8220;vc_default&#8220; css=&#8220;.vc_custom_1699522972298{margin-top: 0px !important;padding-top: 0px !important;background-position: center !important;background-repeat: no-repeat !important;background-size: cover !important;}&#8220;][vc_column css=&#8220;.vc_custom_1699523036787{padding-top: 0px !important;}&#8220;][vc_single_image image=&#8220;2847&#8243; img_size=&#8220;full&#8220; alignment=&#8220;center&#8220; css=&#8220;.vc_custom_1749849554789{margin-top: 0px !important;margin-right: 0px !important;margin-bottom: 0px !important;margin-left: 0px !important;border-top-width: 0px !important;border-right-width: 0px !important;border-bottom-width: 0px !important;border-left-width: 0px !important;padding-top: 0px !important;padding-right: 0px !important;padding-bottom: 0px !important;padding-left: 0px !important;}&#8220;][\/vc_column][\/vc_row][vc_row][vc_column width=&#8220;1\/6&#8243;][\/vc_column][vc_column width=&#8220;2\/3&#8243;]<div class=\"ult-spacer spacer-69d75c9705cb9\" data-id=\"69d75c9705cb9\" data-height=\"100\" data-height-mobile=\"50\" data-height-tab=\"\" data-height-tab-portrait=\"\" data-height-mobile-landscape=\"\" style=\"clear:both;display:block;\"><\/div>[vc_custom_heading text=&#8220;<i>Luxus<\/i><br \/>\nAM WASSER ENTLANG&#8220; font_container=&#8220;tag:h1|text_align:center&#8220; use_theme_fonts=&#8220;yes&#8220; css=&#8220;&#8220;]<div class=\"ult-spacer spacer-69d75c9705cd0\" data-id=\"69d75c9705cd0\" data-height=\"0\" data-height-mobile=\"25\" data-height-tab=\"\" data-height-tab-portrait=\"\" data-height-mobile-landscape=\"\" style=\"clear:both;display:block;\"><\/div>[vc_column_text css=&#8220;.vc_custom_1750233713613{margin-bottom: 10px !important;}&#8220;]<\/p>\n<p style=\"text-align: center;\">G\u00f6nnen Sie sich eine besondere Auszeit in unserem Zen-Pool \u2013 ein Bereich nur f\u00fcr Erwachsene, geschaffen f\u00fcr Liebhaber von Ruhe und Raffinesse.<br \/>\nVersteckt in einer gepflegten, intimen Umgebung bietet dieser Pool eine exklusive Atmosph\u00e4re \u2013 fernab vom Trubel.<\/p>\n<p style=\"text-align: center;\">Design-Sonnenliegen, intime R\u00fcckzugsorte, das Zirpen der Zikaden aus der umliegenden Macchia\u2026 hier ist alles darauf ausgerichtet, Ihnen einen exklusiven Moment mit traumhafter Aussicht zu bieten.<\/p>\n<p style=\"text-align: center;\">Die Stimmung ist ged\u00e4mpft, der Blick frei, das Gr\u00fcn beruhigend. Ein stilvoller, eleganter und raffinierter Ort, an dem die Zeit stillzustehen scheint.<\/p>\n<p>[\/vc_column_text]<div class=\"ult-spacer spacer-69d75c9705ceb\" data-id=\"69d75c9705ceb\" data-height=\"100\" data-height-mobile=\"50\" data-height-tab=\"\" data-height-tab-portrait=\"\" data-height-mobile-landscape=\"\" style=\"clear:both;display:block;\"><\/div>[\/vc_column][vc_column width=&#8220;1\/6&#8243;][\/vc_column][\/vc_row][vc_row][vc_column width=&#8220;1\/3&#8243;][vc_single_image image=&#8220;2880&#8243; img_size=&#8220;full&#8220; css=&#8220;&#8220;][vc_custom_heading text=&#8220;Aquabike&#8220; font_container=&#8220;tag:h5|text_align:left&#8220; use_theme_fonts=&#8220;yes&#8220; css=&#8220;&#8220;][vc_column_text css=&#8220;&#8220;]Verbinden Sie Wohlbefinden und Aktivit\u00e4t in unserem Aquabike-Pool: ausgestattet mit modernsten Unterwasserfahrr\u00e4dern, l\u00e4dt er zu Aquabike-Sessions im Wasser ein \u2013 begleitet von unseren professionellen Trainern.<br \/>\nOb ambitionierter Sportler oder entspannter Anf\u00e4nger \u2013 bringen Sie Ihr Herz-Kreislauf-Training sanft in Schwung, in angenehm temperiertem Wasser und mit beruhigendem Meerblick.[\/vc_column_text][\/vc_column][vc_column width=&#8220;1\/3&#8243;][vc_single_image image=&#8220;2902&#8243; img_size=&#8220;full&#8220; css=&#8220;&#8220;][vc_custom_heading text=&#8220;Snacks &amp; Aperitifs&#8220; font_container=&#8220;tag:h5|text_align:left&#8220; use_theme_fonts=&#8220;yes&#8220;][vc_column_text css=&#8220;&#8220;]F\u00fcr das ultimative Entspannungserlebnis tauchen Sie ein in unseren Lagunenpool mit Poolbar, wo Erfrischung und Geselligkeit aufeinandertreffen.<br \/>\nWassersiestas, Signature-Cocktails oder kleine, feine Snacks \u2013 unsere Poolbar empf\u00e4ngt Sie zu genussvollen Momenten unter der korsischen Sonne, direkt am Wasser, bis zum Sonnenuntergang.<br \/>\nDer perfekte Ort zum Auftanken \u2013 ohne einen Finger zu r\u00fchren.[\/vc_column_text][\/vc_column][vc_column width=&#8220;1\/3&#8243;][vc_single_image image=&#8220;2892&#8243; img_size=&#8220;full&#8220; css=&#8220;&#8220;][vc_custom_heading text=&#8220;Loslassen in der Macchia&#8220; font_container=&#8220;tag:h5|text_align:left&#8220; use_theme_fonts=&#8220;yes&#8220; css=&#8220;&#8220;][vc_column_text css=&#8220;&#8220;]Im Herzen der Macchia oder direkt am Pool laden schattige Pl\u00e4tze dazu ein, zur Ruhe zu kommen, tief durchzuatmen und den Moment zu genie\u00dfen.<br \/>\nGem\u00fctlich in einer intimen Lounge oder auf einem ultra-bequemen Sun Bed \u2013 lassen Sie sich vom Gesang der Zikaden, der leichten Brise und den feinen D\u00fcften der bl\u00fchenden Macchia verzaubern.<br \/>\nHier scheint die Zeit stillzustehen. Ein Nickerchen, ein Buch, eine stille Pause \u2013 alles wird zum Ausdruck purer Sanftheit in einer gesch\u00fctzten Naturkulisse zwischen Meer und Bergen.[\/vc_column_text][\/vc_column][\/vc_row][vc_row][vc_column]<div class=\"ult-spacer spacer-69d75c9705d02\" data-id=\"69d75c9705d02\" data-height=\"100\" data-height-mobile=\"50\" data-height-tab=\"\" data-height-tab-portrait=\"\" data-height-mobile-landscape=\"\" style=\"clear:both;display:block;\"><\/div>[\/vc_column][\/vc_row][vc_row full_width=&#8220;stretch_row_content_no_spaces&#8220; type=&#8220;vc_default&#8220;][vc_column css=&#8220;.vc_custom_1699527067217{padding-top: 0px !important;}&#8220;]<div class=\"sbvcgmap-map-wrapper\" style=\"width:100%;height:500px\"><div class=\"sbvcgmap-map\" zoom=\"10\" maptype=\"ROADMAP\" panoramatogglebutton=\"no\" pancontrol=\"yes\" pancontrol_position=\"TOP_LEFT\" zoomcontrol=\"yes\" zoomcontrol_position=\"TOP_LEFT\" zoomcontrolstyle=\"DEFAULT\" maptypecontrol=\"no\" maptypecontrol_position=\"TOP_RIGHT\" streetviewcontrol=\"no\" streetviewcontrol_position=\"TOP_LEFT\" overviewmapcontrol=\"yes\" overviewmapcontrolvisible=\"no\" maptypecontrolstyle=\"DEFAULT\" mapstyle=\"style-2\" weather=\"no\" traffic=\"no\" transit=\"no\" bicycle=\"no\" panoramio=\"no\" draggable=\"yes\" scrollwheel=\"no\" cplatitude=\"41.537686008547\" cplongitude=\"9.2759011831809\" scalecontrol=\"yes\" searchtype=\"disabled\" searchradius=\"500\" searchiconanimation=\"NONE\" searchdirectiontext=\"\" reloadonresize=\"no\" clustering=\"no\" style=\"width:100%;height:500px\"><div class=\"sbvcgmap-marker\" data-lat=\"41.537686008547\" data-lng=\"9.2759011831809\" infowindow=\"no\" icon=\"https:\/\/santa-giulia.net\/wp-content\/uploads\/2023\/11\/pin-dsgp.png\" animation=\"NONE\" customstyles=\"no\" ><\/p>\n<p style=\"text-align: center;\"><strong>Domaine de Santa Giulia Palace<\/strong><br \/>\nBaie de Santa Giulia<br \/>\n20137 Porto-Vecchio<\/p>\n<p><\/div><\/div><\/div>[\/vc_column][\/vc_row]<\/p>\n<\/div>","protected":false},"excerpt":{"rendered":"<p>[vc_row][vc_column width=&#8220;1\/6&#8243;][\/vc_column][vc_column width=&#8220;2\/3&#8243;][vc_custom_heading text=&#8220;DIE Pools ZU IHRER VERF\u00dcGUNG&#8220; font_container=&#8220;tag:h1|text_align:center&#8220; use_theme_fonts=&#8220;yes&#8220; css=&#8220;&#8220;][vc_column_text css=&#8220;.vc_custom_1773870334700{margin-bottom: 10px !important;}&#8220;] Zwischen Himmel und Meer, im Herzen der korsischen Macchia, l\u00e4dt Sie das Domaine Santa Giulia Palace ein, seine verschiedenen Wasserbereiche zu entdecken \u2013 gestaltet, um allen W\u00fcnschen gerecht zu werden. Ob Sie von absoluter Ruhe tr\u00e4umen, einem Sprung ins Wasser mit&hellip;<\/p>\n","protected":false},"author":1,"featured_media":0,"parent":0,"menu_order":6,"comment_status":"closed","ping_status":"closed","template":"","meta":{"footnotes":""},"class_list":["post-2982","page","type-page","status-publish","hentry","description-off"],"yoast_head":"<!-- This site is optimized with the Yoast SEO plugin v27.3 - https:\/\/yoast.com\/product\/yoast-seo-wordpress\/ -->\n<title>DIE Pools - Domaine Santa Giulia Palace - S\u00e9jour de luxe - Vue Mer en Corse<\/title>\n<meta name=\"description\" content=\"Entdecken Sie die Pools des Domaine Santa Giulia Palace: Entspannung, Sport, Meerblick und Eleganz in einer au\u00dfergew\u00f6hnlichen Umgebung \u2013 nur wenige Schritte vom Strand entfernt.\" \/>\n<meta name=\"robots\" content=\"index, follow, max-snippet:-1, max-image-preview:large, max-video-preview:-1\" \/>\n<link rel=\"canonical\" href=\"https:\/\/santa-giulia.net\/de\/die-pools\/\" \/>\n<meta property=\"og:locale\" content=\"de_DE\" \/>\n<meta property=\"og:type\" content=\"article\" \/>\n<meta property=\"og:title\" content=\"DIE Pools - Domaine Santa Giulia Palace - S\u00e9jour de luxe - Vue Mer en Corse\" \/>\n<meta property=\"og:description\" content=\"Entdecken Sie die Pools des Domaine Santa Giulia Palace: Entspannung, Sport, Meerblick und Eleganz in einer au\u00dfergew\u00f6hnlichen Umgebung \u2013 nur wenige Schritte vom Strand entfernt.\" \/>\n<meta property=\"og:url\" content=\"https:\/\/santa-giulia.net\/de\/die-pools\/\" \/>\n<meta property=\"og:site_name\" content=\"Domaine Santa Giulia Palace - S\u00e9jour de luxe - Vue Mer en Corse\" \/>\n<meta property=\"article:publisher\" content=\"https:\/\/www.facebook.com\/ResidenceSantaGiuliaPalace\" \/>\n<meta property=\"article:modified_time\" content=\"2026-03-18T21:45:51+00:00\" \/>\n<meta name=\"twitter:card\" content=\"summary_large_image\" \/>\n<meta name=\"twitter:label1\" content=\"Gesch\u00e4tzte Lesezeit\" \/>\n\t<meta name=\"twitter:data1\" content=\"6\u00a0Minuten\" \/>\n<script type=\"application\/ld+json\" class=\"yoast-schema-graph\">{\"@context\":\"https:\\\/\\\/schema.org\",\"@graph\":[{\"@type\":\"WebPage\",\"@id\":\"https:\\\/\\\/santa-giulia.net\\\/de\\\/die-pools\\\/\",\"url\":\"https:\\\/\\\/santa-giulia.net\\\/de\\\/die-pools\\\/\",\"name\":\"DIE Pools - Domaine Santa Giulia Palace - S\u00e9jour de luxe - Vue Mer en Corse\",\"isPartOf\":{\"@id\":\"https:\\\/\\\/santa-giulia.net\\\/de\\\/#website\"},\"datePublished\":\"2025-06-17T11:28:14+00:00\",\"dateModified\":\"2026-03-18T21:45:51+00:00\",\"description\":\"Entdecken Sie die Pools des Domaine Santa Giulia Palace: Entspannung, Sport, Meerblick und Eleganz in einer au\u00dfergew\u00f6hnlichen Umgebung \u2013 nur wenige Schritte vom Strand entfernt.\",\"breadcrumb\":{\"@id\":\"https:\\\/\\\/santa-giulia.net\\\/de\\\/die-pools\\\/#breadcrumb\"},\"inLanguage\":\"de\",\"potentialAction\":[{\"@type\":\"ReadAction\",\"target\":[\"https:\\\/\\\/santa-giulia.net\\\/de\\\/die-pools\\\/\"]}]},{\"@type\":\"BreadcrumbList\",\"@id\":\"https:\\\/\\\/santa-giulia.net\\\/de\\\/die-pools\\\/#breadcrumb\",\"itemListElement\":[{\"@type\":\"ListItem\",\"position\":1,\"name\":\"Accueil\",\"item\":\"https:\\\/\\\/santa-giulia.net\\\/de\\\/\"},{\"@type\":\"ListItem\",\"position\":2,\"name\":\"DIE Pools\"}]},{\"@type\":\"WebSite\",\"@id\":\"https:\\\/\\\/santa-giulia.net\\\/de\\\/#website\",\"url\":\"https:\\\/\\\/santa-giulia.net\\\/de\\\/\",\"name\":\"Domaine Santa Giulia Palace - S\u00e9jour de luxe - Vue Mer en Corse\",\"description\":\"Un Site d\u00e9velopp\u00e9 par PMT Hotels\",\"publisher\":{\"@id\":\"https:\\\/\\\/santa-giulia.net\\\/de\\\/#organization\"},\"potentialAction\":[{\"@type\":\"SearchAction\",\"target\":{\"@type\":\"EntryPoint\",\"urlTemplate\":\"https:\\\/\\\/santa-giulia.net\\\/de\\\/?s={search_term_string}\"},\"query-input\":{\"@type\":\"PropertyValueSpecification\",\"valueRequired\":true,\"valueName\":\"search_term_string\"}}],\"inLanguage\":\"de\"},{\"@type\":\"Organization\",\"@id\":\"https:\\\/\\\/santa-giulia.net\\\/de\\\/#organization\",\"name\":\"Domaine Santa Giulia Palace - S\u00e9jour de luxe - Vue Mer en Corse\",\"url\":\"https:\\\/\\\/santa-giulia.net\\\/de\\\/\",\"logo\":{\"@type\":\"ImageObject\",\"inLanguage\":\"de\",\"@id\":\"https:\\\/\\\/santa-giulia.net\\\/de\\\/#\\\/schema\\\/logo\\\/image\\\/\",\"url\":\"https:\\\/\\\/santagiulia.net\\\/wp-content\\\/uploads\\\/2023\\\/06\\\/Logo-Domaine-Santa-Giulia-Palace-600.png\",\"contentUrl\":\"https:\\\/\\\/santagiulia.net\\\/wp-content\\\/uploads\\\/2023\\\/06\\\/Logo-Domaine-Santa-Giulia-Palace-600.png\",\"width\":600,\"height\":438,\"caption\":\"Domaine Santa Giulia Palace - S\u00e9jour de luxe - Vue Mer en Corse\"},\"image\":{\"@id\":\"https:\\\/\\\/santa-giulia.net\\\/de\\\/#\\\/schema\\\/logo\\\/image\\\/\"},\"sameAs\":[\"https:\\\/\\\/www.facebook.com\\\/ResidenceSantaGiuliaPalace\",\"https:\\\/\\\/www.instagram.com\\\/santagiuliapalace\\\/\"]}]}<\/script>\n<!-- \/ Yoast SEO plugin. -->","yoast_head_json":{"title":"DIE Pools - Domaine Santa Giulia Palace - S\u00e9jour de luxe - Vue Mer en Corse","description":"Entdecken Sie die Pools des Domaine Santa Giulia Palace: Entspannung, Sport, Meerblick und Eleganz in einer au\u00dfergew\u00f6hnlichen Umgebung \u2013 nur wenige Schritte vom Strand entfernt.","robots":{"index":"index","follow":"follow","max-snippet":"max-snippet:-1","max-image-preview":"max-image-preview:large","max-video-preview":"max-video-preview:-1"},"canonical":"https:\/\/santa-giulia.net\/de\/die-pools\/","og_locale":"de_DE","og_type":"article","og_title":"DIE Pools - Domaine Santa Giulia Palace - S\u00e9jour de luxe - Vue Mer en Corse","og_description":"Entdecken Sie die Pools des Domaine Santa Giulia Palace: Entspannung, Sport, Meerblick und Eleganz in einer au\u00dfergew\u00f6hnlichen Umgebung \u2013 nur wenige Schritte vom Strand entfernt.","og_url":"https:\/\/santa-giulia.net\/de\/die-pools\/","og_site_name":"Domaine Santa Giulia Palace - S\u00e9jour de luxe - Vue Mer en Corse","article_publisher":"https:\/\/www.facebook.com\/ResidenceSantaGiuliaPalace","article_modified_time":"2026-03-18T21:45:51+00:00","twitter_card":"summary_large_image","twitter_misc":{"Gesch\u00e4tzte Lesezeit":"6\u00a0Minuten"},"schema":{"@context":"https:\/\/schema.org","@graph":[{"@type":"WebPage","@id":"https:\/\/santa-giulia.net\/de\/die-pools\/","url":"https:\/\/santa-giulia.net\/de\/die-pools\/","name":"DIE Pools - Domaine Santa Giulia Palace - S\u00e9jour de luxe - Vue Mer en Corse","isPartOf":{"@id":"https:\/\/santa-giulia.net\/de\/#website"},"datePublished":"2025-06-17T11:28:14+00:00","dateModified":"2026-03-18T21:45:51+00:00","description":"Entdecken Sie die Pools des Domaine Santa Giulia Palace: Entspannung, Sport, Meerblick und Eleganz in einer au\u00dfergew\u00f6hnlichen Umgebung \u2013 nur wenige Schritte vom Strand entfernt.","breadcrumb":{"@id":"https:\/\/santa-giulia.net\/de\/die-pools\/#breadcrumb"},"inLanguage":"de","potentialAction":[{"@type":"ReadAction","target":["https:\/\/santa-giulia.net\/de\/die-pools\/"]}]},{"@type":"BreadcrumbList","@id":"https:\/\/santa-giulia.net\/de\/die-pools\/#breadcrumb","itemListElement":[{"@type":"ListItem","position":1,"name":"Accueil","item":"https:\/\/santa-giulia.net\/de\/"},{"@type":"ListItem","position":2,"name":"DIE Pools"}]},{"@type":"WebSite","@id":"https:\/\/santa-giulia.net\/de\/#website","url":"https:\/\/santa-giulia.net\/de\/","name":"Domaine Santa Giulia Palace - S\u00e9jour de luxe - Vue Mer en Corse","description":"Un Site d\u00e9velopp\u00e9 par PMT Hotels","publisher":{"@id":"https:\/\/santa-giulia.net\/de\/#organization"},"potentialAction":[{"@type":"SearchAction","target":{"@type":"EntryPoint","urlTemplate":"https:\/\/santa-giulia.net\/de\/?s={search_term_string}"},"query-input":{"@type":"PropertyValueSpecification","valueRequired":true,"valueName":"search_term_string"}}],"inLanguage":"de"},{"@type":"Organization","@id":"https:\/\/santa-giulia.net\/de\/#organization","name":"Domaine Santa Giulia Palace - S\u00e9jour de luxe - Vue Mer en Corse","url":"https:\/\/santa-giulia.net\/de\/","logo":{"@type":"ImageObject","inLanguage":"de","@id":"https:\/\/santa-giulia.net\/de\/#\/schema\/logo\/image\/","url":"https:\/\/santagiulia.net\/wp-content\/uploads\/2023\/06\/Logo-Domaine-Santa-Giulia-Palace-600.png","contentUrl":"https:\/\/santagiulia.net\/wp-content\/uploads\/2023\/06\/Logo-Domaine-Santa-Giulia-Palace-600.png","width":600,"height":438,"caption":"Domaine Santa Giulia Palace - S\u00e9jour de luxe - Vue Mer en Corse"},"image":{"@id":"https:\/\/santa-giulia.net\/de\/#\/schema\/logo\/image\/"},"sameAs":["https:\/\/www.facebook.com\/ResidenceSantaGiuliaPalace","https:\/\/www.instagram.com\/santagiuliapalace\/"]}]}},"_links":{"self":[{"href":"https:\/\/santa-giulia.net\/de\/wp-json\/wp\/v2\/pages\/2982","targetHints":{"allow":["GET"]}}],"collection":[{"href":"https:\/\/santa-giulia.net\/de\/wp-json\/wp\/v2\/pages"}],"about":[{"href":"https:\/\/santa-giulia.net\/de\/wp-json\/wp\/v2\/types\/page"}],"author":[{"embeddable":true,"href":"https:\/\/santa-giulia.net\/de\/wp-json\/wp\/v2\/users\/1"}],"replies":[{"embeddable":true,"href":"https:\/\/santa-giulia.net\/de\/wp-json\/wp\/v2\/comments?post=2982"}],"version-history":[{"count":6,"href":"https:\/\/santa-giulia.net\/de\/wp-json\/wp\/v2\/pages\/2982\/revisions"}],"predecessor-version":[{"id":3221,"href":"https:\/\/santa-giulia.net\/de\/wp-json\/wp\/v2\/pages\/2982\/revisions\/3221"}],"wp:attachment":[{"href":"https:\/\/santa-giulia.net\/de\/wp-json\/wp\/v2\/media?parent=2982"}],"curies":[{"name":"wp","href":"https:\/\/api.w.org\/{rel}","templated":true}]}}