{"id":2480,"date":"2024-01-09T13:24:57","date_gmt":"2024-01-09T12:24:57","guid":{"rendered":"https:\/\/santa-giulia.net\/family-history-page\/"},"modified":"2024-06-03T18:11:56","modified_gmt":"2024-06-03T16:11:56","slug":"family-history","status":"publish","type":"page","link":"https:\/\/santa-giulia.net\/en\/family-history\/","title":{"rendered":"Family history"},"content":{"rendered":"<div class=\"wpb-content-wrapper\"><p>[vc_row full_width=&#8221;stretch_row_content_no_spaces&#8221; disable_element=&#8221;yes&#8221; type=&#8221;vc_default&#8221; css=&#8221;.vc_custom_1704812312106{margin-top: 0px !important;padding-top: 0px !important;background-position: center !important;background-repeat: no-repeat !important;background-size: cover !important;}&#8221;][vc_column css=&#8221;.vc_custom_1699523036787{padding-top: 0px !important;}&#8221;][vc_single_image image=&#8221;850&#8243; img_size=&#8221;full&#8221; alignment=&#8221;center&#8221; css=&#8221;.vc_custom_1704803043729{margin-top: 0px !important;margin-right: 0px !important;margin-bottom: 0px !important;margin-left: 0px !important;border-top-width: 0px !important;border-right-width: 0px !important;border-bottom-width: 0px !important;border-left-width: 0px !important;padding-top: 0px !important;padding-right: 0px !important;padding-bottom: 0px !important;padding-left: 0px !important;}&#8221;][\/vc_column][\/vc_row][vc_row][vc_column width=&#8221;1\/6&#8243;][\/vc_column][vc_column width=&#8221;2\/3&#8243;]<div class=\"ult-spacer spacer-69e451d6ef423\" data-id=\"69e451d6ef423\" data-height=\"100\" data-height-mobile=\"75\" data-height-tab=\"\" data-height-tab-portrait=\"\" data-height-mobile-landscape=\"\" style=\"clear:both;display:block;\"><\/div>[vc_custom_heading text=&#8221;AN <i>AVANT-GARDE <\/i> Vision&#8221; font_container=&#8221;tag:h1|text_align:center&#8221; use_theme_fonts=&#8221;yes&#8221;][vc_column_text css=&#8221;.vc_custom_1715329483291{margin-bottom: 10px !important;}&#8221;]<\/p>\n<p style=\"text-align: center;\">From the outset, Antoine Cesari and his daughter Catherine Cesari called upon the architect Pierre Puccinelli, winner of the Prix de Rome and a pupil of the world-famous Renzo Piano, to capture the natural beauty of the bay of Santa Giulia and offer it to the guests of Domaine Santa Giulia Palace.<\/p>\n<p style=\"text-align: center;\">The result in 1988 was a refined, uncluttered environment that encourages guests to reconnect with themselves and share unique moments with family and friends.<\/p>\n<p>[\/vc_column_text]<div class=\"ult-spacer spacer-69e451d6ef44f\" data-id=\"69e451d6ef44f\" data-height=\"100\" data-height-mobile=\"75\" data-height-tab=\"\" data-height-tab-portrait=\"\" data-height-mobile-landscape=\"\" style=\"clear:both;display:block;\"><\/div>[\/vc_column][vc_column width=&#8221;1\/6&#8243;][\/vc_column][\/vc_row][vc_row][vc_column width=&#8221;1\/2&#8243;][vc_single_image image=&#8221;936&#8243; img_size=&#8221;full&#8221; css=&#8221;.vc_custom_1704811317234{margin-bottom: 0px !important;}&#8221;]<div class=\"ult-spacer spacer-69e451d6ef468\" data-id=\"69e451d6ef468\" data-height=\"100\" data-height-mobile=\"50\" data-height-tab=\"\" data-height-tab-portrait=\"\" data-height-mobile-landscape=\"\" style=\"clear:both;display:block;\"><\/div>[\/vc_column][vc_column width=&#8221;1\/2&#8243;]<div class=\"ult-spacer spacer-69e451d6ef47c\" data-id=\"69e451d6ef47c\" data-height=\"100\" data-height-mobile=\"0\" data-height-tab=\"\" data-height-tab-portrait=\"\" data-height-mobile-landscape=\"\" style=\"clear:both;display:block;\"><\/div>[vc_custom_heading text=&#8221;A <i>family <\/i> story&#8221; font_container=&#8221;tag:h1|text_align:left&#8221; use_theme_fonts=&#8221;yes&#8221;][vc_column_text css=&#8221;.vc_custom_1714732232150{margin-bottom: 10px !important;}&#8221;]&#8221;Domaine Santa Giulia Palace is an ode to the vibrant history of our family, where we are deepening the spirit of welcome, the authenticity of Corsican culture and know-how, while adding a new era to the legend by embellishing the establishment, modernising the services at the cutting edge of the moment and creating new experiences to share.<\/p>\n<p>Since 2023, Sarah Cesari has taken over the management of the establishment from her mother.&#8221;[\/vc_column_text][\/vc_column][\/vc_row][vc_row][vc_column]<div class=\"ult-spacer spacer-69e451d6ef48e\" data-id=\"69e451d6ef48e\" data-height=\"100\" data-height-mobile=\"100\" data-height-tab=\"100\" data-height-tab-portrait=\"\" data-height-mobile-landscape=\"\" style=\"clear:both;display:block;\"><\/div>[\/vc_column][\/vc_row][vc_row full_width=&#8221;stretch_row_content_no_spaces&#8221; type=&#8221;vc_default&#8221; css=&#8221;.vc_custom_1699458741602{background-position: center !important;background-repeat: no-repeat !important;background-size: cover !important;}&#8221;][vc_column width=&#8221;1\/2&#8243; css=&#8221;.vc_custom_1699524849412{padding-top: 0px !important;}&#8221;][vc_single_image image=&#8221;869&#8243; img_size=&#8221;full&#8221; alignment=&#8221;center&#8221; css=&#8221;.vc_custom_1704806644587{margin-top: 0px !important;margin-right: 0px !important;margin-bottom: 0px !important;margin-left: 0px !important;border-top-width: 0px !important;border-right-width: 0px !important;border-bottom-width: 0px !important;border-left-width: 0px !important;padding-top: 0px !important;padding-right: 0px !important;padding-bottom: 0px !important;padding-left: 0px !important;}&#8221;][\/vc_column][vc_column width=&#8221;1\/2&#8243; css=&#8221;.vc_custom_1704806694209{padding-top: 0px !important;}&#8221;][vc_single_image image=&#8221;865&#8243; img_size=&#8221;full&#8221; alignment=&#8221;center&#8221; css=&#8221;.vc_custom_1704806628072{margin-top: 0px !important;margin-right: 0px !important;margin-bottom: 0px !important;margin-left: 0px !important;border-top-width: 0px !important;border-right-width: 0px !important;border-bottom-width: 0px !important;border-left-width: 0px !important;padding-top: 0px !important;padding-right: 0px !important;padding-bottom: 0px !important;padding-left: 0px !important;}&#8221;][\/vc_column][\/vc_row][vc_row][vc_column]<div class=\"ult-spacer spacer-69e451d6ef49f\" data-id=\"69e451d6ef49f\" data-height=\"200\" data-height-mobile=\"100\" data-height-tab=\"\" data-height-tab-portrait=\"\" data-height-mobile-landscape=\"\" style=\"clear:both;display:block;\"><\/div>[\/vc_column][\/vc_row][vc_row][vc_column width=&#8221;1\/2&#8243; css=&#8221;.vc_custom_1700587249894{padding-top: 0px !important;}&#8221;][vc_single_image image=&#8221;887&#8243; img_size=&#8221;full&#8221; css=&#8221;.vc_custom_1704807465022{margin-bottom: 0px !important;}&#8221;]<div class=\"ult-spacer spacer-69e451d6ef4b4\" data-id=\"69e451d6ef4b4\" data-height=\"100\" data-height-mobile=\"50\" data-height-tab=\"\" data-height-tab-portrait=\"\" data-height-mobile-landscape=\"\" style=\"clear:both;display:block;\"><\/div>[\/vc_column][vc_column width=&#8221;1\/2&#8243; css=&#8221;.vc_custom_1700587258531{padding-top: 0px !important;}&#8221;]<div class=\"ult-spacer spacer-69e451d6ef4c4\" data-id=\"69e451d6ef4c4\" data-height=\"100\" data-height-mobile=\"0\" data-height-tab=\"\" data-height-tab-portrait=\"\" data-height-mobile-landscape=\"\" style=\"clear:both;display:block;\"><\/div>[vc_custom_heading text=&#8221;To<i>flourish<\/i> TOGETHER&#8221; font_container=&#8221;tag:h1|text_align:left&#8221; use_theme_fonts=&#8221;yes&#8221;][vc_column_text css=&#8221;.vc_custom_1715329585441{margin-bottom: 10px !important;}&#8221;]Employees are invited to grow, through intelligence, knowledge, exchange as well as sharing. At Santa Giulia Palace, pleasure, exemplarity, sharing and performance are the values that guide us every day.<\/p>\n<p>Our aim: to offer our guests an exceptional experience through a moral contract that reveals and magnifies this site that is so precious to us.<\/p>\n<p>We encourage you to slow down, to take the time you need to welcome, listen, share and learn from each other&#8217;s cultures.<\/p>\n<p>It&#8217;s about opening up to everyone and anchoring ourselves in the history and future of a land, a terroir and a territory, for the lasting and equitable benefit of everyone, neighbours and distant visitors alike.<\/p>\n<p>The aim is to build harmonious, equitable relationships that respect the living world, the rhythm of the seasons, the people and the diversity of ecosystems, and to unite all the stakeholders in putting in place the means to create and accelerate initiatives that embody this vision.<\/p>\n<p>With the boldness of common sense.[\/vc_column_text][\/vc_column][\/vc_row][vc_row][vc_column]<div class=\"ult-spacer spacer-69e451d6ef4d3\" data-id=\"69e451d6ef4d3\" data-height=\"100\" data-height-mobile=\"50\" data-height-tab=\"\" data-height-tab-portrait=\"\" data-height-mobile-landscape=\"\" style=\"clear:both;display:block;\"><\/div>[\/vc_column][\/vc_row][vc_row full_width=&#8221;stretch_row_content_no_spaces&#8221; type=&#8221;vc_default&#8221; css=&#8221;.vc_custom_1699458741602{background-position: center !important;background-repeat: no-repeat !important;background-size: cover !important;}&#8221;][vc_column width=&#8221;1\/3&#8243; css=&#8221;.vc_custom_1699524849412{padding-top: 0px !important;}&#8221;][vc_single_image image=&#8221;879&#8243; img_size=&#8221;full&#8221; alignment=&#8221;center&#8221; css=&#8221;.vc_custom_1704807227467{margin-top: 0px !important;margin-right: 0px !important;margin-bottom: 0px !important;margin-left: 0px !important;border-top-width: 0px !important;border-right-width: 0px !important;border-bottom-width: 0px !important;border-left-width: 0px !important;padding-top: 0px !important;padding-right: 0px !important;padding-bottom: 0px !important;padding-left: 0px !important;}&#8221;][\/vc_column][vc_column width=&#8221;1\/3&#8243; css=&#8221;.vc_custom_1704807299263{padding-top: 0px !important;}&#8221;][vc_single_image image=&#8221;875&#8243; img_size=&#8221;full&#8221; alignment=&#8221;center&#8221; css=&#8221;.vc_custom_1704807292251{margin-top: 0px !important;margin-right: 0px !important;margin-bottom: 0px !important;margin-left: 0px !important;border-top-width: 0px !important;border-right-width: 0px !important;border-bottom-width: 0px !important;border-left-width: 0px !important;padding-top: 0px !important;padding-right: 0px !important;padding-bottom: 0px !important;padding-left: 0px !important;}&#8221;][\/vc_column][vc_column width=&#8221;1\/3&#8243; css=&#8221;.vc_custom_1704807305764{padding-top: 0px !important;}&#8221;][vc_single_image image=&#8221;883&#8243; img_size=&#8221;full&#8221; alignment=&#8221;center&#8221; css=&#8221;.vc_custom_1704807258693{margin-top: 0px !important;margin-right: 0px !important;margin-bottom: 0px !important;margin-left: 0px !important;border-top-width: 0px !important;border-right-width: 0px !important;border-bottom-width: 0px !important;border-left-width: 0px !important;padding-top: 0px !important;padding-right: 0px !important;padding-bottom: 0px !important;padding-left: 0px !important;}&#8221;][\/vc_column][\/vc_row][vc_row][vc_column width=&#8221;1\/6&#8243;][\/vc_column][vc_column width=&#8221;2\/3&#8243;]<div class=\"ult-spacer spacer-69e451d6ef4e1\" data-id=\"69e451d6ef4e1\" data-height=\"100\" data-height-mobile=\"0\" data-height-tab=\"\" data-height-tab-portrait=\"\" data-height-mobile-landscape=\"\" style=\"clear:both;display:block;\"><\/div>[vc_custom_heading text=&#8221;A <i>sense<\/i> of RESPONSIBILITY&#8221; font_container=&#8221;tag:h1|text_align:center&#8221; use_theme_fonts=&#8221;yes&#8221;][vc_column_text css=&#8221;.vc_custom_1714732682901{margin-bottom: 10px !important;}&#8221;]<\/p>\n<p style=\"text-align: center;\">At Domaine Santa Giulia Palace, there&#8217;s one issue we don&#8217;t argue about: preserving the environment. We make protecting nature an integral part of everything we do, in both production and service, with concrete, everyday actions and not just ideological ones. With humility, with the idea of protecting our family, our guests and this Corsica to which we owe everything.<\/p>\n<p>[\/vc_column_text]<style type=\"text\/css\" data-type=\"the7_shortcodes-inline-css\">#default-btn-82c16e4353ad8724dc9940a46d083227.ico-right-side > i {\n  margin-right: 0px;\n  margin-left: 8px;\n}\n#default-btn-82c16e4353ad8724dc9940a46d083227 > i {\n  margin-right: 8px;\n}<\/style><div class=\"btn-align-center\"><a href=\"https:\/\/santa-giulia.net\/en\/eco-responsability\/\" class=\"default-btn-shortcode dt-btn dt-btn-m link-hover-off \" id=\"default-btn-82c16e4353ad8724dc9940a46d083227\" title=\"Our commitments\"><span>Our commitments<\/span><\/a><\/div><div class=\"ult-spacer spacer-69e451d6ef5c2\" data-id=\"69e451d6ef5c2\" data-height=\"150\" data-height-mobile=\"75\" data-height-tab=\"\" data-height-tab-portrait=\"\" data-height-mobile-landscape=\"\" style=\"clear:both;display:block;\"><\/div>[\/vc_column][vc_column width=&#8221;1\/6&#8243;][\/vc_column][\/vc_row]<\/p>\n<\/div>","protected":false},"excerpt":{"rendered":"<p>[vc_row full_width=&#8221;stretch_row_content_no_spaces&#8221; disable_element=&#8221;yes&#8221; type=&#8221;vc_default&#8221; css=&#8221;.vc_custom_1704812312106{margin-top: 0px !important;padding-top: 0px !important;background-position: center !important;background-repeat: no-repeat !important;background-size: cover !important;}&#8221;][vc_column css=&#8221;.vc_custom_1699523036787{padding-top: 0px !important;}&#8221;][vc_single_image image=&#8221;850&#8243; img_size=&#8221;full&#8221; alignment=&#8221;center&#8221; css=&#8221;.vc_custom_1704803043729{margin-top: 0px !important;margin-right: 0px !important;margin-bottom: 0px !important;margin-left: 0px !important;border-top-width: 0px !important;border-right-width: 0px !important;border-bottom-width: 0px !important;border-left-width: 0px !important;padding-top: 0px !important;padding-right: 0px !important;padding-bottom: 0px !important;padding-left: 0px !important;}&#8221;][\/vc_column][\/vc_row][vc_row][vc_column width=&#8221;1\/6&#8243;][\/vc_column][vc_column width=&#8221;2\/3&#8243;][vc_custom_heading text=&#8221;AN AVANT-GARDE Vision&#8221; font_container=&#8221;tag:h1|text_align:center&#8221; use_theme_fonts=&#8221;yes&#8221;][vc_column_text css=&#8221;.vc_custom_1715329483291{margin-bottom: 10px&hellip;<\/p>\n","protected":false},"author":1,"featured_media":0,"parent":0,"menu_order":1,"comment_status":"closed","ping_status":"closed","template":"","meta":{"footnotes":""},"class_list":["post-2480","page","type-page","status-publish","hentry","description-off"],"yoast_head":"<!-- This site is optimized with the Yoast SEO plugin v27.4 - https:\/\/yoast.com\/product\/yoast-seo-wordpress\/ -->\n<title>Family history - Domain Santa Giulia Palace - Luxury stay Corsica<\/title>\n<meta name=\"description\" content=\"Domaine Santa Giulia Palace is an ode to the history of our family, where we deepen the spirit of welcome and authenticity of Corsica.\" \/>\n<meta name=\"robots\" content=\"index, follow, max-snippet:-1, max-image-preview:large, max-video-preview:-1\" \/>\n<link rel=\"canonical\" href=\"https:\/\/santa-giulia.net\/en\/family-history\/\" \/>\n<meta property=\"og:locale\" content=\"en_US\" \/>\n<meta property=\"og:type\" content=\"article\" \/>\n<meta property=\"og:title\" content=\"Family history - Domain Santa Giulia Palace - Luxury stay Corsica\" \/>\n<meta property=\"og:description\" content=\"Domaine Santa Giulia Palace is an ode to the history of our family, where we deepen the spirit of welcome and authenticity of Corsica.\" \/>\n<meta property=\"og:url\" content=\"https:\/\/santa-giulia.net\/en\/family-history\/\" \/>\n<meta property=\"og:site_name\" content=\"Domaine Santa Giulia Palace - S\u00e9jour de luxe - Vue Mer en Corse\" \/>\n<meta property=\"article:publisher\" content=\"https:\/\/www.facebook.com\/ResidenceSantaGiuliaPalace\" \/>\n<meta property=\"article:modified_time\" content=\"2024-06-03T16:11:56+00:00\" \/>\n<meta name=\"twitter:card\" content=\"summary_large_image\" \/>\n<meta name=\"twitter:label1\" content=\"Est. reading time\" \/>\n\t<meta name=\"twitter:data1\" content=\"6 minutes\" \/>\n<script type=\"application\/ld+json\" class=\"yoast-schema-graph\">{\"@context\":\"https:\\\/\\\/schema.org\",\"@graph\":[{\"@type\":\"WebPage\",\"@id\":\"https:\\\/\\\/santa-giulia.net\\\/en\\\/family-history\\\/\",\"url\":\"https:\\\/\\\/santa-giulia.net\\\/en\\\/family-history\\\/\",\"name\":\"Family history - Domain Santa Giulia Palace - Luxury stay Corsica\",\"isPartOf\":{\"@id\":\"https:\\\/\\\/santa-giulia.net\\\/en\\\/#website\"},\"datePublished\":\"2024-01-09T12:24:57+00:00\",\"dateModified\":\"2024-06-03T16:11:56+00:00\",\"description\":\"Domaine Santa Giulia Palace is an ode to the history of our family, where we deepen the spirit of welcome and authenticity of Corsica.\",\"breadcrumb\":{\"@id\":\"https:\\\/\\\/santa-giulia.net\\\/en\\\/family-history\\\/#breadcrumb\"},\"inLanguage\":\"en-US\",\"potentialAction\":[{\"@type\":\"ReadAction\",\"target\":[\"https:\\\/\\\/santa-giulia.net\\\/en\\\/family-history\\\/\"]}]},{\"@type\":\"BreadcrumbList\",\"@id\":\"https:\\\/\\\/santa-giulia.net\\\/en\\\/family-history\\\/#breadcrumb\",\"itemListElement\":[{\"@type\":\"ListItem\",\"position\":1,\"name\":\"Accueil\",\"item\":\"https:\\\/\\\/santa-giulia.net\\\/en\\\/\"},{\"@type\":\"ListItem\",\"position\":2,\"name\":\"Family history\"}]},{\"@type\":\"WebSite\",\"@id\":\"https:\\\/\\\/santa-giulia.net\\\/en\\\/#website\",\"url\":\"https:\\\/\\\/santa-giulia.net\\\/en\\\/\",\"name\":\"Domaine Santa Giulia Palace - S\u00e9jour de luxe - Vue Mer en Corse\",\"description\":\"Un Site d\u00e9velopp\u00e9 par PMT Hotels\",\"publisher\":{\"@id\":\"https:\\\/\\\/santa-giulia.net\\\/en\\\/#organization\"},\"potentialAction\":[{\"@type\":\"SearchAction\",\"target\":{\"@type\":\"EntryPoint\",\"urlTemplate\":\"https:\\\/\\\/santa-giulia.net\\\/en\\\/?s={search_term_string}\"},\"query-input\":{\"@type\":\"PropertyValueSpecification\",\"valueRequired\":true,\"valueName\":\"search_term_string\"}}],\"inLanguage\":\"en-US\"},{\"@type\":\"Organization\",\"@id\":\"https:\\\/\\\/santa-giulia.net\\\/en\\\/#organization\",\"name\":\"Domaine Santa Giulia Palace - S\u00e9jour de luxe - Vue Mer en Corse\",\"url\":\"https:\\\/\\\/santa-giulia.net\\\/en\\\/\",\"logo\":{\"@type\":\"ImageObject\",\"inLanguage\":\"en-US\",\"@id\":\"https:\\\/\\\/santa-giulia.net\\\/en\\\/#\\\/schema\\\/logo\\\/image\\\/\",\"url\":\"https:\\\/\\\/santagiulia.net\\\/wp-content\\\/uploads\\\/2023\\\/06\\\/Logo-Domaine-Santa-Giulia-Palace-600.png\",\"contentUrl\":\"https:\\\/\\\/santagiulia.net\\\/wp-content\\\/uploads\\\/2023\\\/06\\\/Logo-Domaine-Santa-Giulia-Palace-600.png\",\"width\":600,\"height\":438,\"caption\":\"Domaine Santa Giulia Palace - S\u00e9jour de luxe - Vue Mer en Corse\"},\"image\":{\"@id\":\"https:\\\/\\\/santa-giulia.net\\\/en\\\/#\\\/schema\\\/logo\\\/image\\\/\"},\"sameAs\":[\"https:\\\/\\\/www.facebook.com\\\/ResidenceSantaGiuliaPalace\",\"https:\\\/\\\/www.instagram.com\\\/santagiuliapalace\\\/\"]}]}<\/script>\n<!-- \/ Yoast SEO plugin. -->","yoast_head_json":{"title":"Family history - Domain Santa Giulia Palace - Luxury stay Corsica","description":"Domaine Santa Giulia Palace is an ode to the history of our family, where we deepen the spirit of welcome and authenticity of Corsica.","robots":{"index":"index","follow":"follow","max-snippet":"max-snippet:-1","max-image-preview":"max-image-preview:large","max-video-preview":"max-video-preview:-1"},"canonical":"https:\/\/santa-giulia.net\/en\/family-history\/","og_locale":"en_US","og_type":"article","og_title":"Family history - Domain Santa Giulia Palace - Luxury stay Corsica","og_description":"Domaine Santa Giulia Palace is an ode to the history of our family, where we deepen the spirit of welcome and authenticity of Corsica.","og_url":"https:\/\/santa-giulia.net\/en\/family-history\/","og_site_name":"Domaine Santa Giulia Palace - S\u00e9jour de luxe - Vue Mer en Corse","article_publisher":"https:\/\/www.facebook.com\/ResidenceSantaGiuliaPalace","article_modified_time":"2024-06-03T16:11:56+00:00","twitter_card":"summary_large_image","twitter_misc":{"Est. reading time":"6 minutes"},"schema":{"@context":"https:\/\/schema.org","@graph":[{"@type":"WebPage","@id":"https:\/\/santa-giulia.net\/en\/family-history\/","url":"https:\/\/santa-giulia.net\/en\/family-history\/","name":"Family history - Domain Santa Giulia Palace - Luxury stay Corsica","isPartOf":{"@id":"https:\/\/santa-giulia.net\/en\/#website"},"datePublished":"2024-01-09T12:24:57+00:00","dateModified":"2024-06-03T16:11:56+00:00","description":"Domaine Santa Giulia Palace is an ode to the history of our family, where we deepen the spirit of welcome and authenticity of Corsica.","breadcrumb":{"@id":"https:\/\/santa-giulia.net\/en\/family-history\/#breadcrumb"},"inLanguage":"en-US","potentialAction":[{"@type":"ReadAction","target":["https:\/\/santa-giulia.net\/en\/family-history\/"]}]},{"@type":"BreadcrumbList","@id":"https:\/\/santa-giulia.net\/en\/family-history\/#breadcrumb","itemListElement":[{"@type":"ListItem","position":1,"name":"Accueil","item":"https:\/\/santa-giulia.net\/en\/"},{"@type":"ListItem","position":2,"name":"Family history"}]},{"@type":"WebSite","@id":"https:\/\/santa-giulia.net\/en\/#website","url":"https:\/\/santa-giulia.net\/en\/","name":"Domaine Santa Giulia Palace - S\u00e9jour de luxe - Vue Mer en Corse","description":"Un Site d\u00e9velopp\u00e9 par PMT Hotels","publisher":{"@id":"https:\/\/santa-giulia.net\/en\/#organization"},"potentialAction":[{"@type":"SearchAction","target":{"@type":"EntryPoint","urlTemplate":"https:\/\/santa-giulia.net\/en\/?s={search_term_string}"},"query-input":{"@type":"PropertyValueSpecification","valueRequired":true,"valueName":"search_term_string"}}],"inLanguage":"en-US"},{"@type":"Organization","@id":"https:\/\/santa-giulia.net\/en\/#organization","name":"Domaine Santa Giulia Palace - S\u00e9jour de luxe - Vue Mer en Corse","url":"https:\/\/santa-giulia.net\/en\/","logo":{"@type":"ImageObject","inLanguage":"en-US","@id":"https:\/\/santa-giulia.net\/en\/#\/schema\/logo\/image\/","url":"https:\/\/santagiulia.net\/wp-content\/uploads\/2023\/06\/Logo-Domaine-Santa-Giulia-Palace-600.png","contentUrl":"https:\/\/santagiulia.net\/wp-content\/uploads\/2023\/06\/Logo-Domaine-Santa-Giulia-Palace-600.png","width":600,"height":438,"caption":"Domaine Santa Giulia Palace - S\u00e9jour de luxe - Vue Mer en Corse"},"image":{"@id":"https:\/\/santa-giulia.net\/en\/#\/schema\/logo\/image\/"},"sameAs":["https:\/\/www.facebook.com\/ResidenceSantaGiuliaPalace","https:\/\/www.instagram.com\/santagiuliapalace\/"]}]}},"_links":{"self":[{"href":"https:\/\/santa-giulia.net\/en\/wp-json\/wp\/v2\/pages\/2480","targetHints":{"allow":["GET"]}}],"collection":[{"href":"https:\/\/santa-giulia.net\/en\/wp-json\/wp\/v2\/pages"}],"about":[{"href":"https:\/\/santa-giulia.net\/en\/wp-json\/wp\/v2\/types\/page"}],"author":[{"embeddable":true,"href":"https:\/\/santa-giulia.net\/en\/wp-json\/wp\/v2\/users\/1"}],"replies":[{"embeddable":true,"href":"https:\/\/santa-giulia.net\/en\/wp-json\/wp\/v2\/comments?post=2480"}],"version-history":[{"count":5,"href":"https:\/\/santa-giulia.net\/en\/wp-json\/wp\/v2\/pages\/2480\/revisions"}],"predecessor-version":[{"id":2686,"href":"https:\/\/santa-giulia.net\/en\/wp-json\/wp\/v2\/pages\/2480\/revisions\/2686"}],"wp:attachment":[{"href":"https:\/\/santa-giulia.net\/en\/wp-json\/wp\/v2\/media?parent=2480"}],"curies":[{"name":"wp","href":"https:\/\/api.w.org\/{rel}","templated":true}]}}