{"id":2497,"date":"2024-03-22T10:22:31","date_gmt":"2024-03-22T09:22:31","guid":{"rendered":"https:\/\/santa-giulia.net\/eco-responsability\/"},"modified":"2025-12-08T12:03:17","modified_gmt":"2025-12-08T11:03:17","slug":"eco-responsability","status":"publish","type":"page","link":"https:\/\/santa-giulia.net\/en\/eco-responsability\/","title":{"rendered":"Eco-responsability"},"content":{"rendered":"<div class=\"wpb-content-wrapper\"><p>[vc_row full_width=&#8221;stretch_row_content_no_spaces&#8221; disable_element=&#8221;yes&#8221; type=&#8221;vc_default&#8221; css=&#8221;.vc_custom_1704812312106{margin-top: 0px !important;padding-top: 0px !important;background-position: center !important;background-repeat: no-repeat !important;background-size: cover !important;}&#8221;][vc_column css=&#8221;.vc_custom_1699523036787{padding-top: 0px !important;}&#8221;][vc_single_image image=&#8221;851&#8243; img_size=&#8221;full&#8221; alignment=&#8221;center&#8221; css=&#8221;.vc_custom_1704803043729{margin-top: 0px !important;margin-right: 0px !important;margin-bottom: 0px !important;margin-left: 0px !important;border-top-width: 0px !important;border-right-width: 0px !important;border-bottom-width: 0px !important;border-left-width: 0px !important;padding-top: 0px !important;padding-right: 0px !important;padding-bottom: 0px !important;padding-left: 0px !important;}&#8221;][\/vc_column][\/vc_row][vc_row][vc_column width=&#8221;1\/6&#8243;][\/vc_column][vc_column width=&#8221;2\/3&#8243;]<div class=\"ult-spacer spacer-69e600481eb45\" data-id=\"69e600481eb45\" data-height=\"100\" data-height-mobile=\"50\" data-height-tab=\"\" data-height-tab-portrait=\"\" data-height-mobile-landscape=\"\" style=\"clear:both;display:block;\"><\/div>[vc_custom_heading text=&#8221;<i>Our <\/i> COMMITMENT&#8221; font_container=&#8221;tag:h1|text_align:center&#8221; use_theme_fonts=&#8221;yes&#8221;]<div class=\"ult-spacer spacer-69e600481eb7a\" data-id=\"69e600481eb7a\" data-height=\"0\" data-height-mobile=\"25\" data-height-tab=\"\" data-height-tab-portrait=\"\" data-height-mobile-landscape=\"\" style=\"clear:both;display:block;\"><\/div>[vc_column_text css=&#8221;.vc_custom_1715331001264{margin-bottom: 10px !important;}&#8221;]<\/p>\n<p style=\"text-align: center;\">At Domaine Santa Giulia Palace, respect, especially for nature, is the essence of our values.<\/p>\n<p style=\"text-align: center;\">Our family home, which we are handing down to future generations, ensures that good practice is followed so that welcoming our guests, discovering this enchanting place and sharing friendly, authentic moments can continue.<\/p>\n<p style=\"text-align: center;\">We are committed to preserving the environment in order to leave a positive and lasting impact locally. Domaine Santa Giulia Palace was a forerunner in this approach, being one of the first in 2017 to join the Rispettu programme, a Corsican sustainable development programme integrating the issues of this beautiful island that we cherish and wish to continue in the long term.<\/p>\n<p style=\"text-align: center;\">Below are some of the sustainable development initiatives we have introduced at our establishment.<\/p>\n<p>[\/vc_column_text][\/vc_column][vc_column width=&#8221;1\/6&#8243;][\/vc_column][\/vc_row][vc_row][vc_column]<div class=\"ult-spacer spacer-69e600481eb95\" data-id=\"69e600481eb95\" data-height=\"100\" data-height-mobile=\"50\" data-height-tab=\"\" data-height-tab-portrait=\"\" data-height-mobile-landscape=\"\" style=\"clear:both;display:block;\"><\/div>[\/vc_column][\/vc_row][vc_row full_width=&#8221;stretch_row_content&#8221;][vc_column width=&#8221;1\/2&#8243; css=&#8221;.vc_custom_1712243463787{margin-top: 0px !important;margin-right: 0px !important;margin-bottom: 0px !important;margin-left: 0px !important;padding-top: 0px !important;padding-right: 0px !important;padding-bottom: 0px !important;padding-left: 0px !important;}&#8221;][vc_single_image image=&#8221;2232&#8243; img_size=&#8221;full&#8221; css=&#8221;.vc_custom_1712243095289{margin-top: 0px !important;margin-right: 0px !important;margin-bottom: 0px !important;margin-left: 0px !important;padding-top: 0px !important;padding-right: 0px !important;padding-bottom: 0px !important;padding-left: 0px !important;}&#8221;][\/vc_column][vc_column width=&#8221;1\/2&#8243; css=&#8221;.vc_custom_1712243117823{margin-top: 0px !important;margin-right: 0px !important;margin-bottom: 0px !important;margin-left: 0px !important;padding-top: 0px !important;padding-right: 0px !important;padding-bottom: 0px !important;padding-left: 0px !important;}&#8221;][vc_single_image image=&#8221;2240&#8243; img_size=&#8221;full&#8221; css=&#8221;.vc_custom_1712243058311{margin-top: 0px !important;margin-right: 0px !important;margin-bottom: 0px !important;margin-left: 0px !important;padding-top: 0px !important;padding-right: 0px !important;padding-bottom: 0px !important;padding-left: 0px !important;}&#8221;][\/vc_column][\/vc_row][vc_row full_width=&#8221;stretch_row_content_no_spaces&#8221; disable_element=&#8221;yes&#8221; type=&#8221;vc_default&#8221; css=&#8221;.vc_custom_1712243350483{margin-top: 0px !important;padding-top: 0px !important;background-position: center !important;background-repeat: no-repeat !important;background-size: cover !important;}&#8221;][vc_column css=&#8221;.vc_custom_1699523036787{padding-top: 0px !important;}&#8221;][vc_single_image image=&#8221;2044&#8243; img_size=&#8221;full&#8221; alignment=&#8221;center&#8221; css=&#8221;.vc_custom_1711027503431{margin-top: 0px !important;margin-right: 0px !important;margin-bottom: 0px !important;margin-left: 0px !important;border-top-width: 0px !important;border-right-width: 0px !important;border-bottom-width: 0px !important;border-left-width: 0px !important;padding-top: 0px !important;padding-right: 0px !important;padding-bottom: 0px !important;padding-left: 0px !important;}&#8221;][\/vc_column][\/vc_row][vc_row][vc_column]<div class=\"ult-spacer spacer-69e600481ebab\" data-id=\"69e600481ebab\" data-height=\"100\" data-height-mobile=\"50\" data-height-tab=\"\" data-height-tab-portrait=\"\" data-height-mobile-landscape=\"\" style=\"clear:both;display:block;\"><\/div>[\/vc_column][\/vc_row][vc_row][vc_column width=&#8221;1\/3&#8243;]<div class=\"ult_row_spacer\"><div class=\"ult-sticky-anchor\"><div class=\"ult-sticky-section ult-sticky \"  data-gutter= '100' data-stick_behaviour= 'stick_with_scroll_row'  data-sticky_position= 'top' data-mobile='no' data-support='no'>[vc_custom_heading text=&#8221;OUR <i>Initiatives<\/i>&#8221; use_theme_fonts=&#8221;yes&#8221;]<div class=\"ult-spacer spacer-69e600481ec0d\" data-id=\"69e600481ec0d\" data-height=\"150\" data-height-mobile=\"50\" data-height-tab=\"\" data-height-tab-portrait=\"\" data-height-mobile-landscape=\"\" style=\"clear:both;display:block;\"><\/div><\/div><div class=\"ult-space\"><\/div><\/div><\/div>[\/vc_column][vc_column width=&#8221;2\/3&#8243;][vc_custom_heading text=&#8221;<i>Implementation<\/i>&#8221; use_theme_fonts=&#8221;yes&#8221; css=&#8221;&#8221;]<div class=\"ult-spacer spacer-69e600481ec25\" data-id=\"69e600481ec25\" data-height=\"0\" data-height-mobile=\"25\" data-height-tab=\"\" data-height-tab-portrait=\"\" data-height-mobile-landscape=\"\" style=\"clear:both;display:block;\"><\/div>[vc_column_text css=&#8221;.vc_custom_1765191795084{margin-bottom: 10px !important;}&#8221;]<\/p>\n<ul>\n<li style=\"text-align: left;\"><strong>Our constructions and renovations :<\/strong> We always want to adapt to our natural environment. We protect our trees, we plant new ones every year, we maintain our scrubland&#8230; We don&#8217;t destroy nature when we build, on the contrary, we harmonise with it. We integrate with nature and our environment. We are only as good as our surroundings.<\/li>\n<li><strong>Solar panels :<\/strong> Solar panels are installed on our car parks to help produce hot water and electricity.<\/li>\n<li><strong>Electric car recharging :<\/strong> We have installed several recharging points on the estate to encourage the use of electric vehicles.<\/li>\n<li><strong>Reduction of plastic: :<\/strong> We are constantly striving to reduce the use of plastic. We only offer glass bottles, we have done away with plastic straws and we offer bathroom products in large containers.<\/li>\n<li><strong>Local sourcing :<\/strong> Wherever possible, we favour local sourcing, particularly from local producers (market gardeners, livestock farmers, dairy products, drinks, etc.).<\/li>\n<li><strong>Cleaning products:<\/strong> We only use eco-sustainable products.<\/li>\n<li><strong>Rispettu label <\/strong> (meaning &#8220;Respect&#8221; in Corsican) <strong>:<\/strong> Every year we help to strengthen this label by developing it and making it ever more restrictive in favour of an ever more responsible approach.<\/li>\n<li><strong>Beehives on the estate : <\/strong>Bees are the first link in the food chain. We have set up beehives on our 10-hectare estate to provide a rapid response to pollination and the direct increase in fauna and flora.<\/li>\n<\/ul>\n<p>[\/vc_column_text]<div class=\"ult-spacer spacer-69e600481ec35\" data-id=\"69e600481ec35\" data-height=\"50\" data-height-mobile=\"50\" data-height-tab=\"50\" data-height-tab-portrait=\"\" data-height-mobile-landscape=\"\" style=\"clear:both;display:block;\"><\/div>[vc_custom_heading text=&#8221;FUTURE <i>Projects<\/i>&#8221; use_theme_fonts=&#8221;yes&#8221;]<div class=\"ult-spacer spacer-69e600481ec48\" data-id=\"69e600481ec48\" data-height=\"0\" data-height-mobile=\"25\" data-height-tab=\"\" data-height-tab-portrait=\"\" data-height-mobile-landscape=\"\" style=\"clear:both;display:block;\"><\/div>[vc_column_text css=&#8221;.vc_custom_1765191774201{margin-bottom: 10px !important;}&#8221;]<\/p>\n<ul>\n<li><strong>The Eco Label:<\/strong> While we have focused on raising local awareness and adapting the restrictive measures to be put in place in tourist establishments in Corsica, the Eco Label is the only label recognised in all the countries of the European Union. It has the advantage of being known by everyone, and is an additional guarantee of recognition for our efforts.<\/li>\n<li><strong>Less Plastic<\/strong> <strong>:<\/strong> Who hasn&#8217;t seen plastic packaging washing up on beaches? We&#8217;re all sorry to see it. So if reducing plastic is essential, it&#8217;s even more so when we&#8217;re by the sea. Our aim is to force our suppliers to avoid plastic, and to communicate and finance actions to combat plastic waste at sea.<\/li>\n<li><strong>Water harvesting :<\/strong> We are lucky enough to have spring water flowing all year round on our estate. We want to be able to use it to provide the water we need to irrigate our plants and avoid using groundwater.<\/li>\n<li><strong>Glass processing and recovery :<\/strong> Made from natural materials and available in sufficient quantities, glass is an environmentally-friendly, neutral and 100% recyclable component. We want to strengthen our capacity to collect and recycle glass.<\/li>\n<li><strong>Becoming energy self-sufficient : <\/strong>In Corsica, we are lucky enough to have sunshine almost every day. And yet, electrical energy is not carbon-free. Photovoltaic solar panels are the solution with the most advantages for gaining autonomy. We want to increase our production capacity while preserving the aesthetics of the site.<\/li>\n<li><strong>Participate in the preservation and restoration of environments through sustainable operations.<\/strong><\/li>\n<\/ul>\n<p>[\/vc_column_text]<div class=\"ult-spacer spacer-69e600481ec57\" data-id=\"69e600481ec57\" data-height=\"150\" data-height-mobile=\"75\" data-height-tab=\"\" data-height-tab-portrait=\"\" data-height-mobile-landscape=\"\" style=\"clear:both;display:block;\"><\/div>[\/vc_column][\/vc_row]<\/p>\n<\/div>","protected":false},"excerpt":{"rendered":"<p>[vc_row full_width=&#8221;stretch_row_content_no_spaces&#8221; disable_element=&#8221;yes&#8221; type=&#8221;vc_default&#8221; css=&#8221;.vc_custom_1704812312106{margin-top: 0px !important;padding-top: 0px !important;background-position: center !important;background-repeat: no-repeat !important;background-size: cover !important;}&#8221;][vc_column css=&#8221;.vc_custom_1699523036787{padding-top: 0px !important;}&#8221;][vc_single_image image=&#8221;851&#8243; img_size=&#8221;full&#8221; alignment=&#8221;center&#8221; css=&#8221;.vc_custom_1704803043729{margin-top: 0px !important;margin-right: 0px !important;margin-bottom: 0px !important;margin-left: 0px !important;border-top-width: 0px !important;border-right-width: 0px !important;border-bottom-width: 0px !important;border-left-width: 0px !important;padding-top: 0px !important;padding-right: 0px !important;padding-bottom: 0px !important;padding-left: 0px !important;}&#8221;][\/vc_column][\/vc_row][vc_row][vc_column width=&#8221;1\/6&#8243;][\/vc_column][vc_column width=&#8221;2\/3&#8243;][vc_custom_heading text=&#8221;Our COMMITMENT&#8221; font_container=&#8221;tag:h1|text_align:center&#8221; use_theme_fonts=&#8221;yes&#8221;][vc_column_text css=&#8221;.vc_custom_1715331001264{margin-bottom: 10px !important;}&#8221;]&hellip;<\/p>\n","protected":false},"author":1,"featured_media":0,"parent":0,"menu_order":8,"comment_status":"closed","ping_status":"closed","template":"","meta":{"footnotes":""},"class_list":["post-2497","page","type-page","status-publish","hentry","description-off"],"yoast_head":"<!-- This site is optimized with the Yoast SEO plugin v27.4 - https:\/\/yoast.com\/product\/yoast-seo-wordpress\/ -->\n<title>Eco-responsability Domain Santa Giulia Palace - Luxury stay Corsica<\/title>\n<meta name=\"description\" content=\"At Domaine Santa Giulia Palace, respect, especially for nature, is the essence of our values.\" \/>\n<meta name=\"robots\" content=\"index, follow, max-snippet:-1, max-image-preview:large, max-video-preview:-1\" \/>\n<link rel=\"canonical\" href=\"https:\/\/santa-giulia.net\/en\/eco-responsability\/\" \/>\n<meta property=\"og:locale\" content=\"en_US\" \/>\n<meta property=\"og:type\" content=\"article\" \/>\n<meta property=\"og:title\" content=\"Eco-responsability Domain Santa Giulia Palace - Luxury stay Corsica\" \/>\n<meta property=\"og:description\" content=\"At Domaine Santa Giulia Palace, respect, especially for nature, is the essence of our values.\" \/>\n<meta property=\"og:url\" content=\"https:\/\/santa-giulia.net\/en\/eco-responsability\/\" \/>\n<meta property=\"og:site_name\" content=\"Domaine Santa Giulia Palace - S\u00e9jour de luxe - Vue Mer en Corse\" \/>\n<meta property=\"article:publisher\" content=\"https:\/\/www.facebook.com\/ResidenceSantaGiuliaPalace\" \/>\n<meta property=\"article:modified_time\" content=\"2025-12-08T11:03:17+00:00\" \/>\n<meta name=\"twitter:card\" content=\"summary_large_image\" \/>\n<meta name=\"twitter:label1\" content=\"Est. reading time\" \/>\n\t<meta name=\"twitter:data1\" content=\"5 minutes\" \/>\n<script type=\"application\/ld+json\" class=\"yoast-schema-graph\">{\"@context\":\"https:\\\/\\\/schema.org\",\"@graph\":[{\"@type\":\"WebPage\",\"@id\":\"https:\\\/\\\/santa-giulia.net\\\/en\\\/eco-responsability\\\/\",\"url\":\"https:\\\/\\\/santa-giulia.net\\\/en\\\/eco-responsability\\\/\",\"name\":\"Eco-responsability Domain Santa Giulia Palace - Luxury stay Corsica\",\"isPartOf\":{\"@id\":\"https:\\\/\\\/santa-giulia.net\\\/en\\\/#website\"},\"datePublished\":\"2024-03-22T09:22:31+00:00\",\"dateModified\":\"2025-12-08T11:03:17+00:00\",\"description\":\"At Domaine Santa Giulia Palace, respect, especially for nature, is the essence of our values.\",\"breadcrumb\":{\"@id\":\"https:\\\/\\\/santa-giulia.net\\\/en\\\/eco-responsability\\\/#breadcrumb\"},\"inLanguage\":\"en-US\",\"potentialAction\":[{\"@type\":\"ReadAction\",\"target\":[\"https:\\\/\\\/santa-giulia.net\\\/en\\\/eco-responsability\\\/\"]}]},{\"@type\":\"BreadcrumbList\",\"@id\":\"https:\\\/\\\/santa-giulia.net\\\/en\\\/eco-responsability\\\/#breadcrumb\",\"itemListElement\":[{\"@type\":\"ListItem\",\"position\":1,\"name\":\"Accueil\",\"item\":\"https:\\\/\\\/santa-giulia.net\\\/en\\\/\"},{\"@type\":\"ListItem\",\"position\":2,\"name\":\"Eco-responsability\"}]},{\"@type\":\"WebSite\",\"@id\":\"https:\\\/\\\/santa-giulia.net\\\/en\\\/#website\",\"url\":\"https:\\\/\\\/santa-giulia.net\\\/en\\\/\",\"name\":\"Domaine Santa Giulia Palace - S\u00e9jour de luxe - Vue Mer en Corse\",\"description\":\"Un Site d\u00e9velopp\u00e9 par PMT Hotels\",\"publisher\":{\"@id\":\"https:\\\/\\\/santa-giulia.net\\\/en\\\/#organization\"},\"potentialAction\":[{\"@type\":\"SearchAction\",\"target\":{\"@type\":\"EntryPoint\",\"urlTemplate\":\"https:\\\/\\\/santa-giulia.net\\\/en\\\/?s={search_term_string}\"},\"query-input\":{\"@type\":\"PropertyValueSpecification\",\"valueRequired\":true,\"valueName\":\"search_term_string\"}}],\"inLanguage\":\"en-US\"},{\"@type\":\"Organization\",\"@id\":\"https:\\\/\\\/santa-giulia.net\\\/en\\\/#organization\",\"name\":\"Domaine Santa Giulia Palace - S\u00e9jour de luxe - Vue Mer en Corse\",\"url\":\"https:\\\/\\\/santa-giulia.net\\\/en\\\/\",\"logo\":{\"@type\":\"ImageObject\",\"inLanguage\":\"en-US\",\"@id\":\"https:\\\/\\\/santa-giulia.net\\\/en\\\/#\\\/schema\\\/logo\\\/image\\\/\",\"url\":\"https:\\\/\\\/santagiulia.net\\\/wp-content\\\/uploads\\\/2023\\\/06\\\/Logo-Domaine-Santa-Giulia-Palace-600.png\",\"contentUrl\":\"https:\\\/\\\/santagiulia.net\\\/wp-content\\\/uploads\\\/2023\\\/06\\\/Logo-Domaine-Santa-Giulia-Palace-600.png\",\"width\":600,\"height\":438,\"caption\":\"Domaine Santa Giulia Palace - S\u00e9jour de luxe - Vue Mer en Corse\"},\"image\":{\"@id\":\"https:\\\/\\\/santa-giulia.net\\\/en\\\/#\\\/schema\\\/logo\\\/image\\\/\"},\"sameAs\":[\"https:\\\/\\\/www.facebook.com\\\/ResidenceSantaGiuliaPalace\",\"https:\\\/\\\/www.instagram.com\\\/santagiuliapalace\\\/\"]}]}<\/script>\n<!-- \/ Yoast SEO plugin. -->","yoast_head_json":{"title":"Eco-responsability Domain Santa Giulia Palace - Luxury stay Corsica","description":"At Domaine Santa Giulia Palace, respect, especially for nature, is the essence of our values.","robots":{"index":"index","follow":"follow","max-snippet":"max-snippet:-1","max-image-preview":"max-image-preview:large","max-video-preview":"max-video-preview:-1"},"canonical":"https:\/\/santa-giulia.net\/en\/eco-responsability\/","og_locale":"en_US","og_type":"article","og_title":"Eco-responsability Domain Santa Giulia Palace - Luxury stay Corsica","og_description":"At Domaine Santa Giulia Palace, respect, especially for nature, is the essence of our values.","og_url":"https:\/\/santa-giulia.net\/en\/eco-responsability\/","og_site_name":"Domaine Santa Giulia Palace - S\u00e9jour de luxe - Vue Mer en Corse","article_publisher":"https:\/\/www.facebook.com\/ResidenceSantaGiuliaPalace","article_modified_time":"2025-12-08T11:03:17+00:00","twitter_card":"summary_large_image","twitter_misc":{"Est. reading time":"5 minutes"},"schema":{"@context":"https:\/\/schema.org","@graph":[{"@type":"WebPage","@id":"https:\/\/santa-giulia.net\/en\/eco-responsability\/","url":"https:\/\/santa-giulia.net\/en\/eco-responsability\/","name":"Eco-responsability Domain Santa Giulia Palace - Luxury stay Corsica","isPartOf":{"@id":"https:\/\/santa-giulia.net\/en\/#website"},"datePublished":"2024-03-22T09:22:31+00:00","dateModified":"2025-12-08T11:03:17+00:00","description":"At Domaine Santa Giulia Palace, respect, especially for nature, is the essence of our values.","breadcrumb":{"@id":"https:\/\/santa-giulia.net\/en\/eco-responsability\/#breadcrumb"},"inLanguage":"en-US","potentialAction":[{"@type":"ReadAction","target":["https:\/\/santa-giulia.net\/en\/eco-responsability\/"]}]},{"@type":"BreadcrumbList","@id":"https:\/\/santa-giulia.net\/en\/eco-responsability\/#breadcrumb","itemListElement":[{"@type":"ListItem","position":1,"name":"Accueil","item":"https:\/\/santa-giulia.net\/en\/"},{"@type":"ListItem","position":2,"name":"Eco-responsability"}]},{"@type":"WebSite","@id":"https:\/\/santa-giulia.net\/en\/#website","url":"https:\/\/santa-giulia.net\/en\/","name":"Domaine Santa Giulia Palace - S\u00e9jour de luxe - Vue Mer en Corse","description":"Un Site d\u00e9velopp\u00e9 par PMT Hotels","publisher":{"@id":"https:\/\/santa-giulia.net\/en\/#organization"},"potentialAction":[{"@type":"SearchAction","target":{"@type":"EntryPoint","urlTemplate":"https:\/\/santa-giulia.net\/en\/?s={search_term_string}"},"query-input":{"@type":"PropertyValueSpecification","valueRequired":true,"valueName":"search_term_string"}}],"inLanguage":"en-US"},{"@type":"Organization","@id":"https:\/\/santa-giulia.net\/en\/#organization","name":"Domaine Santa Giulia Palace - S\u00e9jour de luxe - Vue Mer en Corse","url":"https:\/\/santa-giulia.net\/en\/","logo":{"@type":"ImageObject","inLanguage":"en-US","@id":"https:\/\/santa-giulia.net\/en\/#\/schema\/logo\/image\/","url":"https:\/\/santagiulia.net\/wp-content\/uploads\/2023\/06\/Logo-Domaine-Santa-Giulia-Palace-600.png","contentUrl":"https:\/\/santagiulia.net\/wp-content\/uploads\/2023\/06\/Logo-Domaine-Santa-Giulia-Palace-600.png","width":600,"height":438,"caption":"Domaine Santa Giulia Palace - S\u00e9jour de luxe - Vue Mer en Corse"},"image":{"@id":"https:\/\/santa-giulia.net\/en\/#\/schema\/logo\/image\/"},"sameAs":["https:\/\/www.facebook.com\/ResidenceSantaGiuliaPalace","https:\/\/www.instagram.com\/santagiuliapalace\/"]}]}},"_links":{"self":[{"href":"https:\/\/santa-giulia.net\/en\/wp-json\/wp\/v2\/pages\/2497","targetHints":{"allow":["GET"]}}],"collection":[{"href":"https:\/\/santa-giulia.net\/en\/wp-json\/wp\/v2\/pages"}],"about":[{"href":"https:\/\/santa-giulia.net\/en\/wp-json\/wp\/v2\/types\/page"}],"author":[{"embeddable":true,"href":"https:\/\/santa-giulia.net\/en\/wp-json\/wp\/v2\/users\/1"}],"replies":[{"embeddable":true,"href":"https:\/\/santa-giulia.net\/en\/wp-json\/wp\/v2\/comments?post=2497"}],"version-history":[{"count":8,"href":"https:\/\/santa-giulia.net\/en\/wp-json\/wp\/v2\/pages\/2497\/revisions"}],"predecessor-version":[{"id":3063,"href":"https:\/\/santa-giulia.net\/en\/wp-json\/wp\/v2\/pages\/2497\/revisions\/3063"}],"wp:attachment":[{"href":"https:\/\/santa-giulia.net\/en\/wp-json\/wp\/v2\/media?parent=2497"}],"curies":[{"name":"wp","href":"https:\/\/api.w.org\/{rel}","templated":true}]}}