{"id":2498,"date":"2024-05-03T13:12:36","date_gmt":"2024-05-03T11:12:36","guid":{"rendered":"https:\/\/santa-giulia.net\/photo-gallery\/"},"modified":"2024-05-31T15:13:14","modified_gmt":"2024-05-31T13:13:14","slug":"photo-gallery","status":"publish","type":"page","link":"https:\/\/santa-giulia.net\/en\/photo-gallery\/","title":{"rendered":"Photo Gallery"},"content":{"rendered":"","protected":false},"excerpt":{"rendered":"","protected":false},"author":1,"featured_media":0,"parent":0,"menu_order":9,"comment_status":"closed","ping_status":"closed","template":"template-media.php","meta":{"footnotes":""},"class_list":["post-2498","page","type-page","status-publish","hentry","description-off"],"yoast_head":"<!-- This site is optimized with the Yoast SEO plugin v27.4 - https:\/\/yoast.com\/product\/yoast-seo-wordpress\/ -->\n<title>Photo Gallery Domain Santa Giulia Palace - Luxury stay Corsica<\/title>\n<meta name=\"description\" content=\"Residence in Porto-Vecchio near Bonifacio. Flats &amp; Villas for rent with sea view, 3 swimming pools, jacuzzi. Santa Giulia beach 300m away by foot.\" \/>\n<meta name=\"robots\" content=\"index, follow, max-snippet:-1, max-image-preview:large, max-video-preview:-1\" \/>\n<link rel=\"canonical\" href=\"https:\/\/santa-giulia.net\/en\/photo-gallery\/\" \/>\n<meta property=\"og:locale\" content=\"en_US\" \/>\n<meta property=\"og:type\" content=\"article\" \/>\n<meta property=\"og:title\" content=\"Photo Gallery Domain Santa Giulia Palace - Luxury stay Corsica\" \/>\n<meta property=\"og:description\" content=\"Residence in Porto-Vecchio near Bonifacio. Flats &amp; Villas for rent with sea view, 3 swimming pools, jacuzzi. Santa Giulia beach 300m away by foot.\" \/>\n<meta property=\"og:url\" content=\"https:\/\/santa-giulia.net\/en\/photo-gallery\/\" \/>\n<meta property=\"og:site_name\" content=\"Domaine Santa Giulia Palace - S\u00e9jour de luxe - Vue Mer en Corse\" \/>\n<meta property=\"article:publisher\" content=\"https:\/\/www.facebook.com\/ResidenceSantaGiuliaPalace\" \/>\n<meta property=\"article:modified_time\" content=\"2024-05-31T13:13:14+00:00\" \/>\n<meta name=\"twitter:card\" content=\"summary_large_image\" \/>\n<script type=\"application\/ld+json\" class=\"yoast-schema-graph\">{\"@context\":\"https:\\\/\\\/schema.org\",\"@graph\":[{\"@type\":\"WebPage\",\"@id\":\"https:\\\/\\\/santa-giulia.net\\\/en\\\/photo-gallery\\\/\",\"url\":\"https:\\\/\\\/santa-giulia.net\\\/en\\\/photo-gallery\\\/\",\"name\":\"Photo Gallery Domain Santa Giulia Palace - Luxury stay Corsica\",\"isPartOf\":{\"@id\":\"https:\\\/\\\/santa-giulia.net\\\/en\\\/#website\"},\"datePublished\":\"2024-05-03T11:12:36+00:00\",\"dateModified\":\"2024-05-31T13:13:14+00:00\",\"description\":\"Residence in Porto-Vecchio near Bonifacio. Flats & Villas for rent with sea view, 3 swimming pools, jacuzzi. Santa Giulia beach 300m away by foot.\",\"breadcrumb\":{\"@id\":\"https:\\\/\\\/santa-giulia.net\\\/en\\\/photo-gallery\\\/#breadcrumb\"},\"inLanguage\":\"en-US\",\"potentialAction\":[{\"@type\":\"ReadAction\",\"target\":[\"https:\\\/\\\/santa-giulia.net\\\/en\\\/photo-gallery\\\/\"]}]},{\"@type\":\"BreadcrumbList\",\"@id\":\"https:\\\/\\\/santa-giulia.net\\\/en\\\/photo-gallery\\\/#breadcrumb\",\"itemListElement\":[{\"@type\":\"ListItem\",\"position\":1,\"name\":\"Accueil\",\"item\":\"https:\\\/\\\/santa-giulia.net\\\/en\\\/\"},{\"@type\":\"ListItem\",\"position\":2,\"name\":\"Photo Gallery\"}]},{\"@type\":\"WebSite\",\"@id\":\"https:\\\/\\\/santa-giulia.net\\\/en\\\/#website\",\"url\":\"https:\\\/\\\/santa-giulia.net\\\/en\\\/\",\"name\":\"Domaine Santa Giulia Palace - S\u00e9jour de luxe - Vue Mer en Corse\",\"description\":\"Un Site d\u00e9velopp\u00e9 par PMT Hotels\",\"publisher\":{\"@id\":\"https:\\\/\\\/santa-giulia.net\\\/en\\\/#organization\"},\"potentialAction\":[{\"@type\":\"SearchAction\",\"target\":{\"@type\":\"EntryPoint\",\"urlTemplate\":\"https:\\\/\\\/santa-giulia.net\\\/en\\\/?s={search_term_string}\"},\"query-input\":{\"@type\":\"PropertyValueSpecification\",\"valueRequired\":true,\"valueName\":\"search_term_string\"}}],\"inLanguage\":\"en-US\"},{\"@type\":\"Organization\",\"@id\":\"https:\\\/\\\/santa-giulia.net\\\/en\\\/#organization\",\"name\":\"Domaine Santa Giulia Palace - S\u00e9jour de luxe - Vue Mer en Corse\",\"url\":\"https:\\\/\\\/santa-giulia.net\\\/en\\\/\",\"logo\":{\"@type\":\"ImageObject\",\"inLanguage\":\"en-US\",\"@id\":\"https:\\\/\\\/santa-giulia.net\\\/en\\\/#\\\/schema\\\/logo\\\/image\\\/\",\"url\":\"https:\\\/\\\/santagiulia.net\\\/wp-content\\\/uploads\\\/2023\\\/06\\\/Logo-Domaine-Santa-Giulia-Palace-600.png\",\"contentUrl\":\"https:\\\/\\\/santagiulia.net\\\/wp-content\\\/uploads\\\/2023\\\/06\\\/Logo-Domaine-Santa-Giulia-Palace-600.png\",\"width\":600,\"height\":438,\"caption\":\"Domaine Santa Giulia Palace - S\u00e9jour de luxe - Vue Mer en Corse\"},\"image\":{\"@id\":\"https:\\\/\\\/santa-giulia.net\\\/en\\\/#\\\/schema\\\/logo\\\/image\\\/\"},\"sameAs\":[\"https:\\\/\\\/www.facebook.com\\\/ResidenceSantaGiuliaPalace\",\"https:\\\/\\\/www.instagram.com\\\/santagiuliapalace\\\/\"]}]}<\/script>\n<!-- \/ Yoast SEO plugin. -->","yoast_head_json":{"title":"Photo Gallery Domain Santa Giulia Palace - Luxury stay Corsica","description":"Residence in Porto-Vecchio near Bonifacio. Flats & Villas for rent with sea view, 3 swimming pools, jacuzzi. Santa Giulia beach 300m away by foot.","robots":{"index":"index","follow":"follow","max-snippet":"max-snippet:-1","max-image-preview":"max-image-preview:large","max-video-preview":"max-video-preview:-1"},"canonical":"https:\/\/santa-giulia.net\/en\/photo-gallery\/","og_locale":"en_US","og_type":"article","og_title":"Photo Gallery Domain Santa Giulia Palace - Luxury stay Corsica","og_description":"Residence in Porto-Vecchio near Bonifacio. Flats & Villas for rent with sea view, 3 swimming pools, jacuzzi. Santa Giulia beach 300m away by foot.","og_url":"https:\/\/santa-giulia.net\/en\/photo-gallery\/","og_site_name":"Domaine Santa Giulia Palace - S\u00e9jour de luxe - Vue Mer en Corse","article_publisher":"https:\/\/www.facebook.com\/ResidenceSantaGiuliaPalace","article_modified_time":"2024-05-31T13:13:14+00:00","twitter_card":"summary_large_image","schema":{"@context":"https:\/\/schema.org","@graph":[{"@type":"WebPage","@id":"https:\/\/santa-giulia.net\/en\/photo-gallery\/","url":"https:\/\/santa-giulia.net\/en\/photo-gallery\/","name":"Photo Gallery Domain Santa Giulia Palace - Luxury stay Corsica","isPartOf":{"@id":"https:\/\/santa-giulia.net\/en\/#website"},"datePublished":"2024-05-03T11:12:36+00:00","dateModified":"2024-05-31T13:13:14+00:00","description":"Residence in Porto-Vecchio near Bonifacio. Flats & Villas for rent with sea view, 3 swimming pools, jacuzzi. Santa Giulia beach 300m away by foot.","breadcrumb":{"@id":"https:\/\/santa-giulia.net\/en\/photo-gallery\/#breadcrumb"},"inLanguage":"en-US","potentialAction":[{"@type":"ReadAction","target":["https:\/\/santa-giulia.net\/en\/photo-gallery\/"]}]},{"@type":"BreadcrumbList","@id":"https:\/\/santa-giulia.net\/en\/photo-gallery\/#breadcrumb","itemListElement":[{"@type":"ListItem","position":1,"name":"Accueil","item":"https:\/\/santa-giulia.net\/en\/"},{"@type":"ListItem","position":2,"name":"Photo Gallery"}]},{"@type":"WebSite","@id":"https:\/\/santa-giulia.net\/en\/#website","url":"https:\/\/santa-giulia.net\/en\/","name":"Domaine Santa Giulia Palace - S\u00e9jour de luxe - Vue Mer en Corse","description":"Un Site d\u00e9velopp\u00e9 par PMT Hotels","publisher":{"@id":"https:\/\/santa-giulia.net\/en\/#organization"},"potentialAction":[{"@type":"SearchAction","target":{"@type":"EntryPoint","urlTemplate":"https:\/\/santa-giulia.net\/en\/?s={search_term_string}"},"query-input":{"@type":"PropertyValueSpecification","valueRequired":true,"valueName":"search_term_string"}}],"inLanguage":"en-US"},{"@type":"Organization","@id":"https:\/\/santa-giulia.net\/en\/#organization","name":"Domaine Santa Giulia Palace - S\u00e9jour de luxe - Vue Mer en Corse","url":"https:\/\/santa-giulia.net\/en\/","logo":{"@type":"ImageObject","inLanguage":"en-US","@id":"https:\/\/santa-giulia.net\/en\/#\/schema\/logo\/image\/","url":"https:\/\/santagiulia.net\/wp-content\/uploads\/2023\/06\/Logo-Domaine-Santa-Giulia-Palace-600.png","contentUrl":"https:\/\/santagiulia.net\/wp-content\/uploads\/2023\/06\/Logo-Domaine-Santa-Giulia-Palace-600.png","width":600,"height":438,"caption":"Domaine Santa Giulia Palace - S\u00e9jour de luxe - Vue Mer en Corse"},"image":{"@id":"https:\/\/santa-giulia.net\/en\/#\/schema\/logo\/image\/"},"sameAs":["https:\/\/www.facebook.com\/ResidenceSantaGiuliaPalace","https:\/\/www.instagram.com\/santagiuliapalace\/"]}]}},"_links":{"self":[{"href":"https:\/\/santa-giulia.net\/en\/wp-json\/wp\/v2\/pages\/2498","targetHints":{"allow":["GET"]}}],"collection":[{"href":"https:\/\/santa-giulia.net\/en\/wp-json\/wp\/v2\/pages"}],"about":[{"href":"https:\/\/santa-giulia.net\/en\/wp-json\/wp\/v2\/types\/page"}],"author":[{"embeddable":true,"href":"https:\/\/santa-giulia.net\/en\/wp-json\/wp\/v2\/users\/1"}],"replies":[{"embeddable":true,"href":"https:\/\/santa-giulia.net\/en\/wp-json\/wp\/v2\/comments?post=2498"}],"version-history":[{"count":1,"href":"https:\/\/santa-giulia.net\/en\/wp-json\/wp\/v2\/pages\/2498\/revisions"}],"predecessor-version":[{"id":2499,"href":"https:\/\/santa-giulia.net\/en\/wp-json\/wp\/v2\/pages\/2498\/revisions\/2499"}],"wp:attachment":[{"href":"https:\/\/santa-giulia.net\/en\/wp-json\/wp\/v2\/media?parent=2498"}],"curies":[{"name":"wp","href":"https:\/\/api.w.org\/{rel}","templated":true}]}}