{"id":2971,"date":"2025-06-17T13:28:14","date_gmt":"2025-06-17T11:28:14","guid":{"rendered":"https:\/\/santa-giulia.net\/swimming-pools\/"},"modified":"2026-03-18T22:44:04","modified_gmt":"2026-03-18T21:44:04","slug":"swimming-pools","status":"publish","type":"page","link":"https:\/\/santa-giulia.net\/en\/swimming-pools\/","title":{"rendered":"Swimming Pools"},"content":{"rendered":"<div class=\"wpb-content-wrapper\"><p>[vc_row][vc_column width=&#8221;1\/6&#8243;][\/vc_column][vc_column width=&#8221;2\/3&#8243;]<div class=\"ult-spacer spacer-69d73448e847e\" data-id=\"69d73448e847e\" data-height=\"100\" data-height-mobile=\"50\" data-height-tab=\"\" data-height-tab-portrait=\"\" data-height-mobile-landscape=\"\" style=\"clear:both;display:block;\"><\/div>[vc_custom_heading text=&#8221;THE <i>Pools<\/i><br \/>\nAT YOUR DISPOSAL&#8221; font_container=&#8221;tag:h1|text_align:center&#8221; use_theme_fonts=&#8221;yes&#8221; css=&#8221;&#8221;]<div class=\"ult-spacer spacer-69d73448e84a8\" data-id=\"69d73448e84a8\" data-height=\"0\" data-height-mobile=\"25\" data-height-tab=\"\" data-height-tab-portrait=\"\" data-height-mobile-landscape=\"\" style=\"clear:both;display:block;\"><\/div>[vc_column_text css=&#8221;.vc_custom_1773870226400{margin-bottom: 10px !important;}&#8221;]<\/p>\n<p style=\"text-align: center;\">Between sky and sea, in the heart of the Corsican maquis, Domaine Santa Giulia Palace invites you to discover its various aquatic areas, designed to meet your every desire.<\/p>\n<p style=\"text-align: center;\">Whether you\u2019re dreaming of a moment of total serenity, a family splash, a cocktail by the water, or a gentle fitness session, our pools provide the perfect setting\u2014just steps from your residence.<br \/>\nElegance, comfort, and well-being await you under the Porto-Vecchio sun.<\/p>\n<p style=\"text-align: center;\">To ensure optimal comfort throughout the year, our pools are heated during the off-season.<\/p>\n<p>[\/vc_column_text]<div class=\"ult-spacer spacer-69d73448e84c1\" data-id=\"69d73448e84c1\" data-height=\"100\" data-height-mobile=\"50\" data-height-tab=\"\" data-height-tab-portrait=\"\" data-height-mobile-landscape=\"\" style=\"clear:both;display:block;\"><\/div>[\/vc_column][vc_column width=&#8221;1\/6&#8243;][\/vc_column][\/vc_row][vc_row][vc_column width=&#8221;1\/2&#8243;][vc_single_image image=&#8221;2870&#8243; img_size=&#8221;1000&#215;1000&#8243; css=&#8221;.vc_custom_1750159727410{margin-bottom: 0px !important;}&#8221;]<div class=\"ult-spacer spacer-69d73448e84d5\" data-id=\"69d73448e84d5\" data-height=\"100\" data-height-mobile=\"50\" data-height-tab=\"\" data-height-tab-portrait=\"\" data-height-mobile-landscape=\"\" style=\"clear:both;display:block;\"><\/div>[\/vc_column][vc_column width=&#8221;1\/2&#8243;]<div class=\"ult-spacer spacer-69d73448e84e7\" data-id=\"69d73448e84e7\" data-height=\"100\" data-height-mobile=\"0\" data-height-tab=\"\" data-height-tab-portrait=\"\" data-height-mobile-landscape=\"\" style=\"clear:both;display:block;\"><\/div>[vc_custom_heading text=&#8221;A <i>Breathtaking<\/i><br \/>\nVIEW&#8221; font_container=&#8221;tag:h1|text_align:left&#8221; use_theme_fonts=&#8221;yes&#8221; css=&#8221;&#8221;]<div class=\"ult-spacer spacer-69d73448e84f8\" data-id=\"69d73448e84f8\" data-height=\"0\" data-height-mobile=\"25\" data-height-tab=\"\" data-height-tab-portrait=\"\" data-height-mobile-landscape=\"\" style=\"clear:both;display:block;\"><\/div>[vc_column_text css=&#8221;.vc_custom_1750233792987{margin-bottom: 10px !important;}&#8221;]Overlooking one of Corsica\u2019s most beautiful beaches, our Lagoon Pool offers an exceptional natural spectacle. From your sun lounger, let your gaze drift between the deep blue of the sea and the turquoise shades of Santa Giulia.<\/p>\n<p>Here, every swim becomes a dreamlike escape, embraced by the gentle climate and the stunning Corsican landscapes.<\/p>\n<p>A unique place, suspended between sky and sea.[\/vc_column_text]<div class=\"ult-spacer spacer-69d73448e850a\" data-id=\"69d73448e850a\" data-height=\"0\" data-height-mobile=\"25\" data-height-tab=\"\" data-height-tab-portrait=\"\" data-height-mobile-landscape=\"\" style=\"clear:both;display:block;\"><\/div>[\/vc_column][\/vc_row][vc_row][vc_column]<div class=\"ult-spacer spacer-69d73448e851b\" data-id=\"69d73448e851b\" data-height=\"100\" data-height-mobile=\"50\" data-height-tab=\"\" data-height-tab-portrait=\"\" data-height-mobile-landscape=\"\" style=\"clear:both;display:block;\"><\/div>[\/vc_column][\/vc_row][vc_row full_width=&#8221;stretch_row_content_no_spaces&#8221; disable_element=&#8221;yes&#8221; type=&#8221;vc_default&#8221; css=&#8221;.vc_custom_1712246335007{background-position: center !important;background-repeat: no-repeat !important;background-size: cover !important;}&#8221;][vc_column width=&#8221;1\/3&#8243; css=&#8221;.vc_custom_1699524849412{padding-top: 0px !important;}&#8221;][vc_single_image image=&#8221;2053&#8243; img_size=&#8221;full&#8221; alignment=&#8221;center&#8221; css=&#8221;.vc_custom_1711097431616{margin-top: 0px !important;margin-right: 0px !important;margin-bottom: 0px !important;margin-left: 0px !important;border-top-width: 0px !important;border-right-width: 0px !important;border-bottom-width: 0px !important;border-left-width: 0px !important;padding-top: 0px !important;padding-right: 0px !important;padding-bottom: 0px !important;padding-left: 0px !important;}&#8221;][\/vc_column][vc_column width=&#8221;1\/3&#8243; css=&#8221;.vc_custom_1704807305764{padding-top: 0px !important;}&#8221;][vc_single_image image=&#8221;2058&#8243; img_size=&#8221;full&#8221; alignment=&#8221;center&#8221; css=&#8221;.vc_custom_1711097464437{margin-top: 0px !important;margin-right: 0px !important;margin-bottom: 0px !important;margin-left: 0px !important;border-top-width: 0px !important;border-right-width: 0px !important;border-bottom-width: 0px !important;border-left-width: 0px !important;padding-top: 0px !important;padding-right: 0px !important;padding-bottom: 0px !important;padding-left: 0px !important;}&#8221;][\/vc_column][vc_column width=&#8221;1\/3&#8243; css=&#8221;.vc_custom_1704807299263{padding-top: 0px !important;}&#8221;][vc_single_image image=&#8221;2062&#8243; img_size=&#8221;full&#8221; alignment=&#8221;center&#8221; css=&#8221;.vc_custom_1711097447045{margin-top: 0px !important;margin-right: 0px !important;margin-bottom: 0px !important;margin-left: 0px !important;border-top-width: 0px !important;border-right-width: 0px !important;border-bottom-width: 0px !important;border-left-width: 0px !important;padding-top: 0px !important;padding-right: 0px !important;padding-bottom: 0px !important;padding-left: 0px !important;}&#8221;][\/vc_column][\/vc_row][vc_row full_width=&#8221;stretch_row_content_no_spaces&#8221; type=&#8221;vc_default&#8221; css=&#8221;.vc_custom_1699522972298{margin-top: 0px !important;padding-top: 0px !important;background-position: center !important;background-repeat: no-repeat !important;background-size: cover !important;}&#8221;][vc_column css=&#8221;.vc_custom_1699523036787{padding-top: 0px !important;}&#8221;][vc_single_image image=&#8221;2846&#8243; img_size=&#8221;full&#8221; alignment=&#8221;center&#8221; css=&#8221;.vc_custom_1749849554789{margin-top: 0px !important;margin-right: 0px !important;margin-bottom: 0px !important;margin-left: 0px !important;border-top-width: 0px !important;border-right-width: 0px !important;border-bottom-width: 0px !important;border-left-width: 0px !important;padding-top: 0px !important;padding-right: 0px !important;padding-bottom: 0px !important;padding-left: 0px !important;}&#8221;][\/vc_column][\/vc_row][vc_row][vc_column width=&#8221;1\/6&#8243;][\/vc_column][vc_column width=&#8221;2\/3&#8243;]<div class=\"ult-spacer spacer-69d73448e8530\" data-id=\"69d73448e8530\" data-height=\"100\" data-height-mobile=\"50\" data-height-tab=\"\" data-height-tab-portrait=\"\" data-height-mobile-landscape=\"\" style=\"clear:both;display:block;\"><\/div>[vc_custom_heading text=&#8221;<i>Luxury<\/i><br \/>\nBY THE WATER&#8217;S EDGE&#8221; font_container=&#8221;tag:h1|text_align:center&#8221; use_theme_fonts=&#8221;yes&#8221; css=&#8221;&#8221;]<div class=\"ult-spacer spacer-69d73448e8543\" data-id=\"69d73448e8543\" data-height=\"0\" data-height-mobile=\"25\" data-height-tab=\"\" data-height-tab-portrait=\"\" data-height-mobile-landscape=\"\" style=\"clear:both;display:block;\"><\/div>[vc_column_text css=&#8221;.vc_custom_1750233713613{margin-bottom: 10px !important;}&#8221;]<\/p>\n<p style=\"text-align: center;\">Step into a truly exceptional escape at our Zen Pool\u2014an adults-only haven designed for those who cherish peace and refinement. Tucked away in a serene, carefully curated setting, this pool offers an exclusive atmosphere, far from the hustle and bustle.<\/p>\n<p style=\"text-align: center;\">Designer sunbeds, private islands, and the gentle song of cicadas from the surrounding maquis\u2026 everything here is designed to offer you an exclusive moment, set against a breathtaking backdrop.<\/p>\n<p style=\"text-align: center;\">The atmosphere is hushed, the view unobstructed, the surrounding greenery soothing. A sophisticated, elegant, and refined setting\u2014where time seems to stand still.<\/p>\n<p>[\/vc_column_text]<div class=\"ult-spacer spacer-69d73448e8553\" data-id=\"69d73448e8553\" data-height=\"100\" data-height-mobile=\"50\" data-height-tab=\"\" data-height-tab-portrait=\"\" data-height-mobile-landscape=\"\" style=\"clear:both;display:block;\"><\/div>[\/vc_column][vc_column width=&#8221;1\/6&#8243;][\/vc_column][\/vc_row][vc_row][vc_column width=&#8221;1\/3&#8243;][vc_single_image image=&#8221;2879&#8243; img_size=&#8221;full&#8221; css=&#8221;&#8221;][vc_custom_heading text=&#8221;Aqua-biking&#8221; font_container=&#8221;tag:h5|text_align:left&#8221; use_theme_fonts=&#8221;yes&#8221; css=&#8221;&#8221;][vc_column_text css=&#8221;&#8221;]Combine well-being and vitality in our Aquabike Pool: equipped with state-of-the-art underwater bikes, it invites you to enjoy aquabiking sessions right in the water, guided by our expert coaches. Whether you\u2019re a seasoned athlete or a relaxed beginner, add a gentle twist to your cardio workout in perfectly heated water, surrounded by a soothing setting overlooking the sea.[\/vc_column_text][\/vc_column][vc_column width=&#8221;1\/3&#8243;][vc_single_image image=&#8221;2901&#8243; img_size=&#8221;full&#8221; css=&#8221;&#8221;][vc_custom_heading text=&#8221;Snacks &amp; Aperitifs&#8221; font_container=&#8221;tag:h5|text_align:left&#8221; use_theme_fonts=&#8221;yes&#8221;][vc_column_text css=&#8221;&#8221;]For the ultimate relaxation experience, dive into our Lagoon Pool featuring a Pool Bar where refreshment meets conviviality. Enjoy aquatic siestas, signature cocktails, or tasty gourmet bites\u2014our poolside bar welcomes you for moments of togetherness under the Corsican sun, right by the water, until sunset. The perfect spot to recharge without lifting a finger.[\/vc_column_text][\/vc_column][vc_column width=&#8221;1\/3&#8243;][vc_single_image image=&#8221;2891&#8243; img_size=&#8221;full&#8221; css=&#8221;&#8221;][vc_custom_heading text=&#8221;Let go in the Maquis&#8221; font_container=&#8221;tag:h5|text_align:left&#8221; use_theme_fonts=&#8221;yes&#8221; css=&#8221;&#8221;][vc_column_text css=&#8221;&#8221;]Tucked away in the heart of the maquis or by the poolside, shaded spaces invite you to slow down, breathe, and savor the moment. Whether nestled into a cozy lounge area or stretched out on an ultra-comfy sun bed, let yourself be lulled by the song of the cicadas, the soft whisper of the breeze, and the subtle scent of the blooming maquis. Here, time feels suspended. A nap, a book, a quiet pause\u2014everything becomes an excuse for gentleness in this unspoiled natural setting, between sea and mountains.[\/vc_column_text][\/vc_column][\/vc_row][vc_row][vc_column]<div class=\"ult-spacer spacer-69d73448e8562\" data-id=\"69d73448e8562\" data-height=\"100\" data-height-mobile=\"50\" data-height-tab=\"\" data-height-tab-portrait=\"\" data-height-mobile-landscape=\"\" style=\"clear:both;display:block;\"><\/div>[\/vc_column][\/vc_row][vc_row full_width=&#8221;stretch_row_content_no_spaces&#8221; type=&#8221;vc_default&#8221;][vc_column css=&#8221;.vc_custom_1699527067217{padding-top: 0px !important;}&#8221;]<div class=\"sbvcgmap-map-wrapper\" style=\"width:100%;height:500px\"><div class=\"sbvcgmap-map\" zoom=\"10\" maptype=\"ROADMAP\" panoramatogglebutton=\"no\" pancontrol=\"yes\" pancontrol_position=\"TOP_LEFT\" zoomcontrol=\"yes\" zoomcontrol_position=\"TOP_LEFT\" zoomcontrolstyle=\"DEFAULT\" maptypecontrol=\"no\" maptypecontrol_position=\"TOP_RIGHT\" streetviewcontrol=\"no\" streetviewcontrol_position=\"TOP_LEFT\" overviewmapcontrol=\"yes\" overviewmapcontrolvisible=\"no\" maptypecontrolstyle=\"DEFAULT\" mapstyle=\"style-2\" weather=\"no\" traffic=\"no\" transit=\"no\" bicycle=\"no\" panoramio=\"no\" draggable=\"yes\" scrollwheel=\"no\" cplatitude=\"41.537686008547\" cplongitude=\"9.2759011831809\" scalecontrol=\"yes\" searchtype=\"disabled\" searchradius=\"500\" searchiconanimation=\"NONE\" searchdirectiontext=\"\" reloadonresize=\"no\" clustering=\"no\" style=\"width:100%;height:500px\"><div class=\"sbvcgmap-marker\" data-lat=\"41.537686008547\" data-lng=\"9.2759011831809\" infowindow=\"no\" icon=\"https:\/\/santa-giulia.net\/wp-content\/uploads\/2023\/11\/pin-dsgp.png\" animation=\"NONE\" customstyles=\"no\" ><\/p>\n<p style=\"text-align: center;\"><strong>Domaine de Santa Giulia Palace<\/strong><br \/>\nBaie de Santa Giulia<br \/>\n20137 Porto-Vecchio<\/p>\n<p><\/div><\/div><\/div>[\/vc_column][\/vc_row]<\/p>\n<\/div>","protected":false},"excerpt":{"rendered":"<p>[vc_row][vc_column width=&#8221;1\/6&#8243;][\/vc_column][vc_column width=&#8221;2\/3&#8243;][vc_custom_heading text=&#8221;THE Pools AT YOUR DISPOSAL&#8221; font_container=&#8221;tag:h1|text_align:center&#8221; use_theme_fonts=&#8221;yes&#8221; css=&#8221;&#8221;][vc_column_text css=&#8221;.vc_custom_1773870226400{margin-bottom: 10px !important;}&#8221;] Between sky and sea, in the heart of the Corsican maquis, Domaine Santa Giulia Palace invites you to discover its various aquatic areas, designed to meet your every desire. Whether you\u2019re dreaming of a moment of total serenity, a family splash,&hellip;<\/p>\n","protected":false},"author":1,"featured_media":0,"parent":0,"menu_order":6,"comment_status":"closed","ping_status":"closed","template":"","meta":{"footnotes":""},"class_list":["post-2971","page","type-page","status-publish","hentry","description-off"],"yoast_head":"<!-- This site is optimized with the Yoast SEO plugin v27.3 - https:\/\/yoast.com\/product\/yoast-seo-wordpress\/ -->\n<title>Swimming Pools - Domaine Santa Giulia Palace - S\u00e9jour de luxe - Vue Mer en Corse<\/title>\n<meta name=\"description\" content=\"Discover the pools of Domaine Santa Giulia Palace: relaxation, fitness, sea views, and elegance\u2014all in an exceptional setting just steps from the beach.\" \/>\n<meta name=\"robots\" content=\"index, follow, max-snippet:-1, max-image-preview:large, max-video-preview:-1\" \/>\n<link rel=\"canonical\" href=\"https:\/\/santa-giulia.net\/en\/swimming-pools\/\" \/>\n<meta property=\"og:locale\" content=\"en_US\" \/>\n<meta property=\"og:type\" content=\"article\" \/>\n<meta property=\"og:title\" content=\"Swimming Pools - Domaine Santa Giulia Palace - S\u00e9jour de luxe - Vue Mer en Corse\" \/>\n<meta property=\"og:description\" content=\"Discover the pools of Domaine Santa Giulia Palace: relaxation, fitness, sea views, and elegance\u2014all in an exceptional setting just steps from the beach.\" \/>\n<meta property=\"og:url\" content=\"https:\/\/santa-giulia.net\/en\/swimming-pools\/\" \/>\n<meta property=\"og:site_name\" content=\"Domaine Santa Giulia Palace - S\u00e9jour de luxe - Vue Mer en Corse\" \/>\n<meta property=\"article:publisher\" content=\"https:\/\/www.facebook.com\/ResidenceSantaGiuliaPalace\" \/>\n<meta property=\"article:modified_time\" content=\"2026-03-18T21:44:04+00:00\" \/>\n<meta name=\"twitter:card\" content=\"summary_large_image\" \/>\n<meta name=\"twitter:label1\" content=\"Est. reading time\" \/>\n\t<meta name=\"twitter:data1\" content=\"6 minutes\" \/>\n<script type=\"application\/ld+json\" class=\"yoast-schema-graph\">{\"@context\":\"https:\\\/\\\/schema.org\",\"@graph\":[{\"@type\":\"WebPage\",\"@id\":\"https:\\\/\\\/santa-giulia.net\\\/en\\\/swimming-pools\\\/\",\"url\":\"https:\\\/\\\/santa-giulia.net\\\/en\\\/swimming-pools\\\/\",\"name\":\"Swimming Pools - Domaine Santa Giulia Palace - S\u00e9jour de luxe - Vue Mer en Corse\",\"isPartOf\":{\"@id\":\"https:\\\/\\\/santa-giulia.net\\\/en\\\/#website\"},\"datePublished\":\"2025-06-17T11:28:14+00:00\",\"dateModified\":\"2026-03-18T21:44:04+00:00\",\"description\":\"Discover the pools of Domaine Santa Giulia Palace: relaxation, fitness, sea views, and elegance\u2014all in an exceptional setting just steps from the beach.\",\"breadcrumb\":{\"@id\":\"https:\\\/\\\/santa-giulia.net\\\/en\\\/swimming-pools\\\/#breadcrumb\"},\"inLanguage\":\"en-US\",\"potentialAction\":[{\"@type\":\"ReadAction\",\"target\":[\"https:\\\/\\\/santa-giulia.net\\\/en\\\/swimming-pools\\\/\"]}]},{\"@type\":\"BreadcrumbList\",\"@id\":\"https:\\\/\\\/santa-giulia.net\\\/en\\\/swimming-pools\\\/#breadcrumb\",\"itemListElement\":[{\"@type\":\"ListItem\",\"position\":1,\"name\":\"Accueil\",\"item\":\"https:\\\/\\\/santa-giulia.net\\\/en\\\/\"},{\"@type\":\"ListItem\",\"position\":2,\"name\":\"Swimming Pools\"}]},{\"@type\":\"WebSite\",\"@id\":\"https:\\\/\\\/santa-giulia.net\\\/en\\\/#website\",\"url\":\"https:\\\/\\\/santa-giulia.net\\\/en\\\/\",\"name\":\"Domaine Santa Giulia Palace - S\u00e9jour de luxe - Vue Mer en Corse\",\"description\":\"Un Site d\u00e9velopp\u00e9 par PMT Hotels\",\"publisher\":{\"@id\":\"https:\\\/\\\/santa-giulia.net\\\/en\\\/#organization\"},\"potentialAction\":[{\"@type\":\"SearchAction\",\"target\":{\"@type\":\"EntryPoint\",\"urlTemplate\":\"https:\\\/\\\/santa-giulia.net\\\/en\\\/?s={search_term_string}\"},\"query-input\":{\"@type\":\"PropertyValueSpecification\",\"valueRequired\":true,\"valueName\":\"search_term_string\"}}],\"inLanguage\":\"en-US\"},{\"@type\":\"Organization\",\"@id\":\"https:\\\/\\\/santa-giulia.net\\\/en\\\/#organization\",\"name\":\"Domaine Santa Giulia Palace - S\u00e9jour de luxe - Vue Mer en Corse\",\"url\":\"https:\\\/\\\/santa-giulia.net\\\/en\\\/\",\"logo\":{\"@type\":\"ImageObject\",\"inLanguage\":\"en-US\",\"@id\":\"https:\\\/\\\/santa-giulia.net\\\/en\\\/#\\\/schema\\\/logo\\\/image\\\/\",\"url\":\"https:\\\/\\\/santagiulia.net\\\/wp-content\\\/uploads\\\/2023\\\/06\\\/Logo-Domaine-Santa-Giulia-Palace-600.png\",\"contentUrl\":\"https:\\\/\\\/santagiulia.net\\\/wp-content\\\/uploads\\\/2023\\\/06\\\/Logo-Domaine-Santa-Giulia-Palace-600.png\",\"width\":600,\"height\":438,\"caption\":\"Domaine Santa Giulia Palace - S\u00e9jour de luxe - Vue Mer en Corse\"},\"image\":{\"@id\":\"https:\\\/\\\/santa-giulia.net\\\/en\\\/#\\\/schema\\\/logo\\\/image\\\/\"},\"sameAs\":[\"https:\\\/\\\/www.facebook.com\\\/ResidenceSantaGiuliaPalace\",\"https:\\\/\\\/www.instagram.com\\\/santagiuliapalace\\\/\"]}]}<\/script>\n<!-- \/ Yoast SEO plugin. -->","yoast_head_json":{"title":"Swimming Pools - Domaine Santa Giulia Palace - S\u00e9jour de luxe - Vue Mer en Corse","description":"Discover the pools of Domaine Santa Giulia Palace: relaxation, fitness, sea views, and elegance\u2014all in an exceptional setting just steps from the beach.","robots":{"index":"index","follow":"follow","max-snippet":"max-snippet:-1","max-image-preview":"max-image-preview:large","max-video-preview":"max-video-preview:-1"},"canonical":"https:\/\/santa-giulia.net\/en\/swimming-pools\/","og_locale":"en_US","og_type":"article","og_title":"Swimming Pools - Domaine Santa Giulia Palace - S\u00e9jour de luxe - Vue Mer en Corse","og_description":"Discover the pools of Domaine Santa Giulia Palace: relaxation, fitness, sea views, and elegance\u2014all in an exceptional setting just steps from the beach.","og_url":"https:\/\/santa-giulia.net\/en\/swimming-pools\/","og_site_name":"Domaine Santa Giulia Palace - S\u00e9jour de luxe - Vue Mer en Corse","article_publisher":"https:\/\/www.facebook.com\/ResidenceSantaGiuliaPalace","article_modified_time":"2026-03-18T21:44:04+00:00","twitter_card":"summary_large_image","twitter_misc":{"Est. reading time":"6 minutes"},"schema":{"@context":"https:\/\/schema.org","@graph":[{"@type":"WebPage","@id":"https:\/\/santa-giulia.net\/en\/swimming-pools\/","url":"https:\/\/santa-giulia.net\/en\/swimming-pools\/","name":"Swimming Pools - Domaine Santa Giulia Palace - S\u00e9jour de luxe - Vue Mer en Corse","isPartOf":{"@id":"https:\/\/santa-giulia.net\/en\/#website"},"datePublished":"2025-06-17T11:28:14+00:00","dateModified":"2026-03-18T21:44:04+00:00","description":"Discover the pools of Domaine Santa Giulia Palace: relaxation, fitness, sea views, and elegance\u2014all in an exceptional setting just steps from the beach.","breadcrumb":{"@id":"https:\/\/santa-giulia.net\/en\/swimming-pools\/#breadcrumb"},"inLanguage":"en-US","potentialAction":[{"@type":"ReadAction","target":["https:\/\/santa-giulia.net\/en\/swimming-pools\/"]}]},{"@type":"BreadcrumbList","@id":"https:\/\/santa-giulia.net\/en\/swimming-pools\/#breadcrumb","itemListElement":[{"@type":"ListItem","position":1,"name":"Accueil","item":"https:\/\/santa-giulia.net\/en\/"},{"@type":"ListItem","position":2,"name":"Swimming Pools"}]},{"@type":"WebSite","@id":"https:\/\/santa-giulia.net\/en\/#website","url":"https:\/\/santa-giulia.net\/en\/","name":"Domaine Santa Giulia Palace - S\u00e9jour de luxe - Vue Mer en Corse","description":"Un Site d\u00e9velopp\u00e9 par PMT Hotels","publisher":{"@id":"https:\/\/santa-giulia.net\/en\/#organization"},"potentialAction":[{"@type":"SearchAction","target":{"@type":"EntryPoint","urlTemplate":"https:\/\/santa-giulia.net\/en\/?s={search_term_string}"},"query-input":{"@type":"PropertyValueSpecification","valueRequired":true,"valueName":"search_term_string"}}],"inLanguage":"en-US"},{"@type":"Organization","@id":"https:\/\/santa-giulia.net\/en\/#organization","name":"Domaine Santa Giulia Palace - S\u00e9jour de luxe - Vue Mer en Corse","url":"https:\/\/santa-giulia.net\/en\/","logo":{"@type":"ImageObject","inLanguage":"en-US","@id":"https:\/\/santa-giulia.net\/en\/#\/schema\/logo\/image\/","url":"https:\/\/santagiulia.net\/wp-content\/uploads\/2023\/06\/Logo-Domaine-Santa-Giulia-Palace-600.png","contentUrl":"https:\/\/santagiulia.net\/wp-content\/uploads\/2023\/06\/Logo-Domaine-Santa-Giulia-Palace-600.png","width":600,"height":438,"caption":"Domaine Santa Giulia Palace - S\u00e9jour de luxe - Vue Mer en Corse"},"image":{"@id":"https:\/\/santa-giulia.net\/en\/#\/schema\/logo\/image\/"},"sameAs":["https:\/\/www.facebook.com\/ResidenceSantaGiuliaPalace","https:\/\/www.instagram.com\/santagiuliapalace\/"]}]}},"_links":{"self":[{"href":"https:\/\/santa-giulia.net\/en\/wp-json\/wp\/v2\/pages\/2971","targetHints":{"allow":["GET"]}}],"collection":[{"href":"https:\/\/santa-giulia.net\/en\/wp-json\/wp\/v2\/pages"}],"about":[{"href":"https:\/\/santa-giulia.net\/en\/wp-json\/wp\/v2\/types\/page"}],"author":[{"embeddable":true,"href":"https:\/\/santa-giulia.net\/en\/wp-json\/wp\/v2\/users\/1"}],"replies":[{"embeddable":true,"href":"https:\/\/santa-giulia.net\/en\/wp-json\/wp\/v2\/comments?post=2971"}],"version-history":[{"count":6,"href":"https:\/\/santa-giulia.net\/en\/wp-json\/wp\/v2\/pages\/2971\/revisions"}],"predecessor-version":[{"id":3219,"href":"https:\/\/santa-giulia.net\/en\/wp-json\/wp\/v2\/pages\/2971\/revisions\/3219"}],"wp:attachment":[{"href":"https:\/\/santa-giulia.net\/en\/wp-json\/wp\/v2\/media?parent=2971"}],"curies":[{"name":"wp","href":"https:\/\/api.w.org\/{rel}","templated":true}]}}