{"id":2590,"date":"2024-04-04T17:22:47","date_gmt":"2024-04-04T15:22:47","guid":{"rendered":"https:\/\/santa-giulia.net\/services\/"},"modified":"2026-03-16T11:09:56","modified_gmt":"2026-03-16T10:09:56","slug":"servizi","status":"publish","type":"page","link":"https:\/\/santa-giulia.net\/it\/servizi\/","title":{"rendered":"I servizi"},"content":{"rendered":"<div class=\"wpb-content-wrapper\"><p>[vc_row][vc_column width=&#8221;1\/6&#8243;][\/vc_column][vc_column width=&#8221;2\/3&#8243;]<div class=\"ult-spacer spacer-69e90dc6f12fe\" data-id=\"69e90dc6f12fe\" data-height=\"100\" data-height-mobile=\"50\" data-height-tab=\"\" data-height-tab-portrait=\"\" data-height-mobile-landscape=\"\" style=\"clear:both;display:block;\"><\/div>[vc_custom_heading text=&#8221;I <i>Servizi<\/i> D\u2019UN ALBERGO&#8221; font_container=&#8221;tag:h1|text_align:center&#8221; use_theme_fonts=&#8221;yes&#8221;]<div class=\"ult-spacer spacer-69e90dc6f1331\" data-id=\"69e90dc6f1331\" data-height=\"0\" data-height-mobile=\"25\" data-height-tab=\"\" data-height-tab-portrait=\"\" data-height-mobile-landscape=\"\" style=\"clear:both;display:block;\"><\/div>[vc_column_text css=&#8221;.vc_custom_1714733952019{margin-bottom: 10px !important;}&#8221;]<\/p>\n<p style=\"text-align: center;\">Cosa cerchiamo in un residence? Appartamenti completamente attrezzati per le nostre vacanze, con pi\u00f9 spazio, privacy e serenit\u00e0. Cosa manca spesso? I servizi di un hotel.<\/p>\n<p style=\"text-align: center;\">Al Domaine Santa Giulia Palace progettiamo la vostra vacanza in una magnifica cornice naturale, in appartamenti sempre pi\u00f9 confortevoli e dal lusso raffinato, ma vi offriamo anche la possibilit\u00e0 di lasciarvi andare in questi momenti preziosi, per godervi la vostra famiglia e i vostri amici. Al resto pensiamo noi.<\/p>\n<p>[\/vc_column_text]<div class=\"ult-spacer spacer-69e90dc6f134e\" data-id=\"69e90dc6f134e\" data-height=\"100\" data-height-mobile=\"50\" data-height-tab=\"\" data-height-tab-portrait=\"\" data-height-mobile-landscape=\"\" style=\"clear:both;display:block;\"><\/div>[\/vc_column][vc_column width=&#8221;1\/6&#8243;][\/vc_column][\/vc_row][vc_row][vc_column width=&#8221;1\/2&#8243;][vc_single_image image=&#8221;2272&#8243; img_size=&#8221;full&#8221; css=&#8221;.vc_custom_1712245888083{margin-bottom: 0px !important;}&#8221;]<div class=\"ult-spacer spacer-69e90dc6f1365\" data-id=\"69e90dc6f1365\" data-height=\"100\" data-height-mobile=\"50\" data-height-tab=\"\" data-height-tab-portrait=\"\" data-height-mobile-landscape=\"\" style=\"clear:both;display:block;\"><\/div>[\/vc_column][vc_column width=&#8221;1\/2&#8243;]<div class=\"ult-spacer spacer-69e90dc6f137b\" data-id=\"69e90dc6f137b\" data-height=\"100\" data-height-mobile=\"0\" data-height-tab=\"\" data-height-tab-portrait=\"\" data-height-mobile-landscape=\"\" style=\"clear:both;display:block;\"><\/div>[vc_custom_heading text=&#8221;<i>Soggiorno<\/i> INDIMENTICABILE&#8221; font_container=&#8221;tag:h1|text_align:left&#8221; use_theme_fonts=&#8221;yes&#8221;]<div class=\"ult-spacer spacer-69e90dc6f138f\" data-id=\"69e90dc6f138f\" data-height=\"0\" data-height-mobile=\"25\" data-height-tab=\"\" data-height-tab-portrait=\"\" data-height-mobile-landscape=\"\" style=\"clear:both;display:block;\"><\/div>[vc_column_text css=&#8221;.vc_custom_1714734010552{margin-bottom: 10px !important;}&#8221;]Tutto nella vostra camera, suite, appartamento o villa sar\u00e0 pronto per il vostro arrivo. La consegna e il riordino della spesa all&#8217;arrivo e durante il soggiorno sono disponibili per permettervi di sfruttare al meglio la vostra vacanza.<\/p>\n<p>Durante il vostro soggiorno, il vostro appartamento sar\u00e0 rinfrescato per permettervi di vivere al meglio la Corsica.[\/vc_column_text]<style type=\"text\/css\" data-type=\"the7_shortcodes-inline-css\">#default-btn-a6e266053c06034a1859b37766afebab.ico-right-side > i {\n  margin-right: 0px;\n  margin-left: 8px;\n}\n#default-btn-a6e266053c06034a1859b37766afebab > i {\n  margin-right: 8px;\n}<\/style><div class=\"btn-align-left\"><a href=\"#\" class=\"default-btn-shortcode dt-btn dt-btn-m link-hover-off contact \" id=\"default-btn-a6e266053c06034a1859b37766afebab\" title=\"H\u00f4tel\"><span>Siamo a Vostro servizio<\/span><\/a><\/div><div class=\"ult-spacer spacer-69e90dc6f148a\" data-id=\"69e90dc6f148a\" data-height=\"0\" data-height-mobile=\"25\" data-height-tab=\"\" data-height-tab-portrait=\"\" data-height-mobile-landscape=\"\" style=\"clear:both;display:block;\"><\/div>[\/vc_column][\/vc_row][vc_row][vc_column]<div class=\"ult-spacer spacer-69e90dc6f14a4\" data-id=\"69e90dc6f14a4\" data-height=\"100\" data-height-mobile=\"50\" data-height-tab=\"\" data-height-tab-portrait=\"\" data-height-mobile-landscape=\"\" style=\"clear:both;display:block;\"><\/div>[\/vc_column][\/vc_row][vc_row full_width=&#8221;stretch_row_content_no_spaces&#8221; disable_element=&#8221;yes&#8221; type=&#8221;vc_default&#8221; css=&#8221;.vc_custom_1712246335007{background-position: center !important;background-repeat: no-repeat !important;background-size: cover !important;}&#8221;][vc_column width=&#8221;1\/3&#8243; css=&#8221;.vc_custom_1699524849412{padding-top: 0px !important;}&#8221;][vc_single_image image=&#8221;2055&#8243; img_size=&#8221;full&#8221; alignment=&#8221;center&#8221; css=&#8221;.vc_custom_1711097431616{margin-top: 0px !important;margin-right: 0px !important;margin-bottom: 0px !important;margin-left: 0px !important;border-top-width: 0px !important;border-right-width: 0px !important;border-bottom-width: 0px !important;border-left-width: 0px !important;padding-top: 0px !important;padding-right: 0px !important;padding-bottom: 0px !important;padding-left: 0px !important;}&#8221;][\/vc_column][vc_column width=&#8221;1\/3&#8243; css=&#8221;.vc_custom_1704807305764{padding-top: 0px !important;}&#8221;][vc_single_image image=&#8221;2060&#8243; img_size=&#8221;full&#8221; alignment=&#8221;center&#8221; css=&#8221;.vc_custom_1711097464437{margin-top: 0px !important;margin-right: 0px !important;margin-bottom: 0px !important;margin-left: 0px !important;border-top-width: 0px !important;border-right-width: 0px !important;border-bottom-width: 0px !important;border-left-width: 0px !important;padding-top: 0px !important;padding-right: 0px !important;padding-bottom: 0px !important;padding-left: 0px !important;}&#8221;][\/vc_column][vc_column width=&#8221;1\/3&#8243; css=&#8221;.vc_custom_1704807299263{padding-top: 0px !important;}&#8221;][vc_single_image image=&#8221;2064&#8243; img_size=&#8221;full&#8221; alignment=&#8221;center&#8221; css=&#8221;.vc_custom_1711097447045{margin-top: 0px !important;margin-right: 0px !important;margin-bottom: 0px !important;margin-left: 0px !important;border-top-width: 0px !important;border-right-width: 0px !important;border-bottom-width: 0px !important;border-left-width: 0px !important;padding-top: 0px !important;padding-right: 0px !important;padding-bottom: 0px !important;padding-left: 0px !important;}&#8221;][\/vc_column][\/vc_row][vc_row full_width=&#8221;stretch_row_content_no_spaces&#8221; type=&#8221;vc_default&#8221; css=&#8221;.vc_custom_1699522972298{margin-top: 0px !important;padding-top: 0px !important;background-position: center !important;background-repeat: no-repeat !important;background-size: cover !important;}&#8221;][vc_column css=&#8221;.vc_custom_1699523036787{padding-top: 0px !important;}&#8221;][vc_single_image image=&#8221;2322&#8243; img_size=&#8221;full&#8221; alignment=&#8221;center&#8221; css=&#8221;.vc_custom_1712249509348{margin-top: 0px !important;margin-right: 0px !important;margin-bottom: 0px !important;margin-left: 0px !important;border-top-width: 0px !important;border-right-width: 0px !important;border-bottom-width: 0px !important;border-left-width: 0px !important;padding-top: 0px !important;padding-right: 0px !important;padding-bottom: 0px !important;padding-left: 0px !important;}&#8221;][\/vc_column][\/vc_row][vc_row][vc_column]<div class=\"ult-spacer spacer-69e90dc6f14b9\" data-id=\"69e90dc6f14b9\" data-height=\"100\" data-height-mobile=\"50\" data-height-tab=\"\" data-height-tab-portrait=\"\" data-height-mobile-landscape=\"\" style=\"clear:both;display:block;\"><\/div>[\/vc_column][\/vc_row][vc_row][vc_column width=&#8221;1\/3&#8243;][vc_single_image image=&#8221;2288&#8243; img_size=&#8221;full&#8221;][vc_custom_heading text=&#8221;Colazione a buffet&#8221; font_container=&#8221;tag:h5|text_align:left&#8221; use_theme_fonts=&#8221;yes&#8221;][vc_column_text]Saremo lieti di servirvi una squisita colazione a buffet a base di prodotti locali e biologici.[\/vc_column_text][\/vc_column][vc_column width=&#8221;1\/3&#8243;][vc_single_image image=&#8221;2301&#8243; img_size=&#8221;full&#8221;][vc_custom_heading text=&#8221;Consegna di pane e dolci&#8221; font_container=&#8221;tag:h5|text_align:left&#8221; use_theme_fonts=&#8221;yes&#8221;][vc_column_text]Per coloro che preferiscono una colazione pi\u00f9 intima, godendo della splendida vista dalla vostra terrazza, ci occuperemo di consegnare il pane e i dolci freschi ogni mattina.[\/vc_column_text][\/vc_column][vc_column width=&#8221;1\/3&#8243;][vc_single_image image=&#8221;2292&#8243; img_size=&#8221;full&#8221;][vc_custom_heading text=&#8221;Snack e aperitivi&#8221; font_container=&#8221;tag:h5|text_align:left&#8221; use_theme_fonts=&#8221;yes&#8221;][vc_column_text css=&#8221;&#8221;]Prenoteremo per voi un tavolo presso la piscina Laguna con il nostro irresistibile Pool Bar. Godetevi snack e cocktail fino al tramonto.[\/vc_column_text][\/vc_column][\/vc_row][vc_row][vc_column]<div class=\"ult-spacer spacer-69e90dc6f14cc\" data-id=\"69e90dc6f14cc\" data-height=\"100\" data-height-mobile=\"0\" data-height-tab=\"\" data-height-tab-portrait=\"\" data-height-mobile-landscape=\"\" style=\"clear:both;display:block;\"><\/div>[\/vc_column][\/vc_row][vc_row][vc_column width=&#8221;1\/3&#8243;][vc_single_image image=&#8221;2306&#8243; img_size=&#8221;full&#8221;][vc_custom_heading text=&#8221;Parcheggio con valet&#8221; font_container=&#8221;tag:h5|text_align:left&#8221; use_theme_fonts=&#8221;yes&#8221;][vc_column_text]Il nostro servizio di parcheggiatore \u00e8 sempre a disposizione per aiutarvi con i bagagli, accompagnarvi nella tenuta o portarvi in spiaggia.[\/vc_column_text][\/vc_column][vc_column width=&#8221;1\/3&#8243;][vc_single_image image=&#8221;2311&#8243; img_size=&#8221;full&#8221;][vc_custom_heading text=&#8221;Servizio concierge&#8221; font_container=&#8221;tag:h5|text_align:left&#8221; use_theme_fonts=&#8221;yes&#8221;][vc_column_text]Organizziamo il vostro soggiorno in Corsica del Sud con partner accuratamente selezionati. Gite in barca, immersioni subacquee, scoperte botaniche, passeggiate a cavallo e anche i nostri insoliti ristoranti della regione.[\/vc_column_text][\/vc_column][vc_column width=&#8221;1\/3&#8243;][vc_single_image image=&#8221;2316&#8243; img_size=&#8221;full&#8221;][vc_custom_heading text=&#8221;Il benessere&#8221; font_container=&#8221;tag:h5|text_align:left&#8221; use_theme_fonts=&#8221;yes&#8221;][vc_column_text]Abbiamo aperto la nostra macchia a voi, con un percorso che \u00e8 sia contemplativo che sportivo per chi preferisce quest&#8217;ultimo. Riconnettetevi con la natura, ascoltate il canto degli uccelli e respirate i profumi della macchia. Una curva del sentiero vi condurr\u00e0 alla nostra area yoga.[\/vc_column_text][\/vc_column][\/vc_row][vc_row][vc_column]<div class=\"ult-spacer spacer-69e90dc6f14db\" data-id=\"69e90dc6f14db\" data-height=\"100\" data-height-mobile=\"0\" data-height-tab=\"\" data-height-tab-portrait=\"\" data-height-mobile-landscape=\"\" style=\"clear:both;display:block;\"><\/div>[\/vc_column][\/vc_row][vc_row][vc_column width=&#8221;1\/3&#8243;][\/vc_column][vc_column width=&#8221;1\/3&#8243;][vc_single_image image=&#8221;3142&#8243; img_size=&#8221;full&#8221; css=&#8221;&#8221;][vc_custom_heading text=&#8221;Percorso sportivo&#8221; font_container=&#8221;tag:h5|text_align:left&#8221; use_theme_fonts=&#8221;yes&#8221; css=&#8221;&#8221;][vc_column_text css=&#8221;&#8221;]Concepito come un vero percorso di fitness immerso nella natura, il nostro spazio sportivo mette a disposizione parallele, sbarre per trazioni, una scala orizzontale e una panca multifunzione. Dal riscaldamento agli esercizi mirati, godetevi un circuito completo di rinforzo muscolare, accessibile a tutti i livelli, per tonificare l\u2019intero corpo respirando l\u2019aria fresca della macchia mediterranea.[\/vc_column_text][\/vc_column][vc_column width=&#8221;1\/3&#8243;][\/vc_column][\/vc_row][vc_row][vc_column]<div class=\"ult-spacer spacer-69e90dc6f14ea\" data-id=\"69e90dc6f14ea\" data-height=\"100\" data-height-mobile=\"50\" data-height-tab=\"\" data-height-tab-portrait=\"\" data-height-mobile-landscape=\"\" style=\"clear:both;display:block;\"><\/div>[\/vc_column][\/vc_row][vc_row full_width=&#8221;stretch_row_content_no_spaces&#8221; type=&#8221;vc_default&#8221;][vc_column css=&#8221;.vc_custom_1699527067217{padding-top: 0px !important;}&#8221;]<div class=\"sbvcgmap-map-wrapper\" style=\"width:100%;height:500px\"><div class=\"sbvcgmap-map\" zoom=\"10\" maptype=\"ROADMAP\" panoramatogglebutton=\"no\" pancontrol=\"yes\" pancontrol_position=\"TOP_LEFT\" zoomcontrol=\"yes\" zoomcontrol_position=\"TOP_LEFT\" zoomcontrolstyle=\"DEFAULT\" maptypecontrol=\"no\" maptypecontrol_position=\"TOP_RIGHT\" streetviewcontrol=\"no\" streetviewcontrol_position=\"TOP_LEFT\" overviewmapcontrol=\"yes\" overviewmapcontrolvisible=\"no\" maptypecontrolstyle=\"DEFAULT\" mapstyle=\"style-2\" weather=\"no\" traffic=\"no\" transit=\"no\" bicycle=\"no\" panoramio=\"no\" draggable=\"yes\" scrollwheel=\"no\" cplatitude=\"41.537686008547\" cplongitude=\"9.2759011831809\" scalecontrol=\"yes\" searchtype=\"disabled\" searchradius=\"500\" searchiconanimation=\"NONE\" searchdirectiontext=\"\" reloadonresize=\"no\" clustering=\"no\" style=\"width:100%;height:500px\"><div class=\"sbvcgmap-marker\" data-lat=\"41.537686008547\" data-lng=\"9.2759011831809\" infowindow=\"no\" icon=\"https:\/\/santa-giulia.net\/wp-content\/uploads\/2023\/11\/pin-dsgp.png\" animation=\"NONE\" customstyles=\"no\" ><\/p>\n<p style=\"text-align: center;\"><strong>Domaine de Santa Giulia Palace<\/strong><br \/>\nBaie de Santa Giulia<br \/>\n20137 Porto-Vecchio<\/p>\n<p><\/div><\/div><\/div>[\/vc_column][\/vc_row]<\/p>\n<\/div>","protected":false},"excerpt":{"rendered":"<p>[vc_row][vc_column width=&#8221;1\/6&#8243;][\/vc_column][vc_column width=&#8221;2\/3&#8243;][vc_custom_heading text=&#8221;I Servizi D\u2019UN ALBERGO&#8221; font_container=&#8221;tag:h1|text_align:center&#8221; use_theme_fonts=&#8221;yes&#8221;][vc_column_text css=&#8221;.vc_custom_1714733952019{margin-bottom: 10px !important;}&#8221;] Cosa cerchiamo in un residence? Appartamenti completamente attrezzati per le nostre vacanze, con pi\u00f9 spazio, privacy e serenit\u00e0. Cosa manca spesso? I servizi di un hotel. Al Domaine Santa Giulia Palace progettiamo la vostra vacanza in una magnifica cornice naturale, in appartamenti sempre&hellip;<\/p>\n","protected":false},"author":1,"featured_media":0,"parent":0,"menu_order":5,"comment_status":"closed","ping_status":"closed","template":"","meta":{"footnotes":""},"class_list":["post-2590","page","type-page","status-publish","hentry","description-off"],"yoast_head":"<!-- This site is optimized with the Yoast SEO plugin v27.4 - https:\/\/yoast.com\/product\/yoast-seo-wordpress\/ -->\n<title>I servizi Palazzo Domain Santa Giulia - Soggiorno di lusso in Corsica<\/title>\n<meta name=\"description\" content=\"Appartamenti completamente attrezzati combinati con i servizi di un hotel: respira, goditi, al resto pensiamo noi!\" \/>\n<meta name=\"robots\" content=\"index, follow, max-snippet:-1, max-image-preview:large, max-video-preview:-1\" \/>\n<link rel=\"canonical\" href=\"https:\/\/santa-giulia.net\/it\/servizi\/\" \/>\n<meta property=\"og:locale\" content=\"it_IT\" \/>\n<meta property=\"og:type\" content=\"article\" \/>\n<meta property=\"og:title\" content=\"I servizi Palazzo Domain Santa Giulia - Soggiorno di lusso in Corsica\" \/>\n<meta property=\"og:description\" content=\"Appartamenti completamente attrezzati combinati con i servizi di un hotel: respira, goditi, al resto pensiamo noi!\" \/>\n<meta property=\"og:url\" content=\"https:\/\/santa-giulia.net\/it\/servizi\/\" \/>\n<meta property=\"og:site_name\" content=\"Domaine Santa Giulia Palace - S\u00e9jour de luxe - Vue Mer en Corse\" \/>\n<meta property=\"article:publisher\" content=\"https:\/\/www.facebook.com\/ResidenceSantaGiuliaPalace\" \/>\n<meta property=\"article:modified_time\" content=\"2026-03-16T10:09:56+00:00\" \/>\n<meta name=\"twitter:card\" content=\"summary_large_image\" \/>\n<meta name=\"twitter:label1\" content=\"Tempo di lettura stimato\" \/>\n\t<meta name=\"twitter:data1\" content=\"4 minuti\" \/>\n<script type=\"application\/ld+json\" class=\"yoast-schema-graph\">{\"@context\":\"https:\\\/\\\/schema.org\",\"@graph\":[{\"@type\":\"WebPage\",\"@id\":\"https:\\\/\\\/santa-giulia.net\\\/it\\\/servizi\\\/\",\"url\":\"https:\\\/\\\/santa-giulia.net\\\/it\\\/servizi\\\/\",\"name\":\"I servizi Palazzo Domain Santa Giulia - Soggiorno di lusso in Corsica\",\"isPartOf\":{\"@id\":\"https:\\\/\\\/santa-giulia.net\\\/it\\\/#website\"},\"datePublished\":\"2024-04-04T15:22:47+00:00\",\"dateModified\":\"2026-03-16T10:09:56+00:00\",\"description\":\"Appartamenti completamente attrezzati combinati con i servizi di un hotel: respira, goditi, al resto pensiamo noi!\",\"breadcrumb\":{\"@id\":\"https:\\\/\\\/santa-giulia.net\\\/it\\\/servizi\\\/#breadcrumb\"},\"inLanguage\":\"it-IT\",\"potentialAction\":[{\"@type\":\"ReadAction\",\"target\":[\"https:\\\/\\\/santa-giulia.net\\\/it\\\/servizi\\\/\"]}]},{\"@type\":\"BreadcrumbList\",\"@id\":\"https:\\\/\\\/santa-giulia.net\\\/it\\\/servizi\\\/#breadcrumb\",\"itemListElement\":[{\"@type\":\"ListItem\",\"position\":1,\"name\":\"Accueil\",\"item\":\"https:\\\/\\\/santa-giulia.net\\\/it\\\/\"},{\"@type\":\"ListItem\",\"position\":2,\"name\":\"I servizi\"}]},{\"@type\":\"WebSite\",\"@id\":\"https:\\\/\\\/santa-giulia.net\\\/it\\\/#website\",\"url\":\"https:\\\/\\\/santa-giulia.net\\\/it\\\/\",\"name\":\"Domaine Santa Giulia Palace - S\u00e9jour de luxe - Vue Mer en Corse\",\"description\":\"Un Site d\u00e9velopp\u00e9 par PMT Hotels\",\"publisher\":{\"@id\":\"https:\\\/\\\/santa-giulia.net\\\/it\\\/#organization\"},\"potentialAction\":[{\"@type\":\"SearchAction\",\"target\":{\"@type\":\"EntryPoint\",\"urlTemplate\":\"https:\\\/\\\/santa-giulia.net\\\/it\\\/?s={search_term_string}\"},\"query-input\":{\"@type\":\"PropertyValueSpecification\",\"valueRequired\":true,\"valueName\":\"search_term_string\"}}],\"inLanguage\":\"it-IT\"},{\"@type\":\"Organization\",\"@id\":\"https:\\\/\\\/santa-giulia.net\\\/it\\\/#organization\",\"name\":\"Domaine Santa Giulia Palace - S\u00e9jour de luxe - Vue Mer en Corse\",\"url\":\"https:\\\/\\\/santa-giulia.net\\\/it\\\/\",\"logo\":{\"@type\":\"ImageObject\",\"inLanguage\":\"it-IT\",\"@id\":\"https:\\\/\\\/santa-giulia.net\\\/it\\\/#\\\/schema\\\/logo\\\/image\\\/\",\"url\":\"https:\\\/\\\/santagiulia.net\\\/wp-content\\\/uploads\\\/2023\\\/06\\\/Logo-Domaine-Santa-Giulia-Palace-600.png\",\"contentUrl\":\"https:\\\/\\\/santagiulia.net\\\/wp-content\\\/uploads\\\/2023\\\/06\\\/Logo-Domaine-Santa-Giulia-Palace-600.png\",\"width\":600,\"height\":438,\"caption\":\"Domaine Santa Giulia Palace - S\u00e9jour de luxe - Vue Mer en Corse\"},\"image\":{\"@id\":\"https:\\\/\\\/santa-giulia.net\\\/it\\\/#\\\/schema\\\/logo\\\/image\\\/\"},\"sameAs\":[\"https:\\\/\\\/www.facebook.com\\\/ResidenceSantaGiuliaPalace\",\"https:\\\/\\\/www.instagram.com\\\/santagiuliapalace\\\/\"]}]}<\/script>\n<!-- \/ Yoast SEO plugin. -->","yoast_head_json":{"title":"I servizi Palazzo Domain Santa Giulia - Soggiorno di lusso in Corsica","description":"Appartamenti completamente attrezzati combinati con i servizi di un hotel: respira, goditi, al resto pensiamo noi!","robots":{"index":"index","follow":"follow","max-snippet":"max-snippet:-1","max-image-preview":"max-image-preview:large","max-video-preview":"max-video-preview:-1"},"canonical":"https:\/\/santa-giulia.net\/it\/servizi\/","og_locale":"it_IT","og_type":"article","og_title":"I servizi Palazzo Domain Santa Giulia - Soggiorno di lusso in Corsica","og_description":"Appartamenti completamente attrezzati combinati con i servizi di un hotel: respira, goditi, al resto pensiamo noi!","og_url":"https:\/\/santa-giulia.net\/it\/servizi\/","og_site_name":"Domaine Santa Giulia Palace - S\u00e9jour de luxe - Vue Mer en Corse","article_publisher":"https:\/\/www.facebook.com\/ResidenceSantaGiuliaPalace","article_modified_time":"2026-03-16T10:09:56+00:00","twitter_card":"summary_large_image","twitter_misc":{"Tempo di lettura stimato":"4 minuti"},"schema":{"@context":"https:\/\/schema.org","@graph":[{"@type":"WebPage","@id":"https:\/\/santa-giulia.net\/it\/servizi\/","url":"https:\/\/santa-giulia.net\/it\/servizi\/","name":"I servizi Palazzo Domain Santa Giulia - Soggiorno di lusso in Corsica","isPartOf":{"@id":"https:\/\/santa-giulia.net\/it\/#website"},"datePublished":"2024-04-04T15:22:47+00:00","dateModified":"2026-03-16T10:09:56+00:00","description":"Appartamenti completamente attrezzati combinati con i servizi di un hotel: respira, goditi, al resto pensiamo noi!","breadcrumb":{"@id":"https:\/\/santa-giulia.net\/it\/servizi\/#breadcrumb"},"inLanguage":"it-IT","potentialAction":[{"@type":"ReadAction","target":["https:\/\/santa-giulia.net\/it\/servizi\/"]}]},{"@type":"BreadcrumbList","@id":"https:\/\/santa-giulia.net\/it\/servizi\/#breadcrumb","itemListElement":[{"@type":"ListItem","position":1,"name":"Accueil","item":"https:\/\/santa-giulia.net\/it\/"},{"@type":"ListItem","position":2,"name":"I servizi"}]},{"@type":"WebSite","@id":"https:\/\/santa-giulia.net\/it\/#website","url":"https:\/\/santa-giulia.net\/it\/","name":"Domaine Santa Giulia Palace - S\u00e9jour de luxe - Vue Mer en Corse","description":"Un Site d\u00e9velopp\u00e9 par PMT Hotels","publisher":{"@id":"https:\/\/santa-giulia.net\/it\/#organization"},"potentialAction":[{"@type":"SearchAction","target":{"@type":"EntryPoint","urlTemplate":"https:\/\/santa-giulia.net\/it\/?s={search_term_string}"},"query-input":{"@type":"PropertyValueSpecification","valueRequired":true,"valueName":"search_term_string"}}],"inLanguage":"it-IT"},{"@type":"Organization","@id":"https:\/\/santa-giulia.net\/it\/#organization","name":"Domaine Santa Giulia Palace - S\u00e9jour de luxe - Vue Mer en Corse","url":"https:\/\/santa-giulia.net\/it\/","logo":{"@type":"ImageObject","inLanguage":"it-IT","@id":"https:\/\/santa-giulia.net\/it\/#\/schema\/logo\/image\/","url":"https:\/\/santagiulia.net\/wp-content\/uploads\/2023\/06\/Logo-Domaine-Santa-Giulia-Palace-600.png","contentUrl":"https:\/\/santagiulia.net\/wp-content\/uploads\/2023\/06\/Logo-Domaine-Santa-Giulia-Palace-600.png","width":600,"height":438,"caption":"Domaine Santa Giulia Palace - S\u00e9jour de luxe - Vue Mer en Corse"},"image":{"@id":"https:\/\/santa-giulia.net\/it\/#\/schema\/logo\/image\/"},"sameAs":["https:\/\/www.facebook.com\/ResidenceSantaGiuliaPalace","https:\/\/www.instagram.com\/santagiuliapalace\/"]}]}},"_links":{"self":[{"href":"https:\/\/santa-giulia.net\/it\/wp-json\/wp\/v2\/pages\/2590","targetHints":{"allow":["GET"]}}],"collection":[{"href":"https:\/\/santa-giulia.net\/it\/wp-json\/wp\/v2\/pages"}],"about":[{"href":"https:\/\/santa-giulia.net\/it\/wp-json\/wp\/v2\/types\/page"}],"author":[{"embeddable":true,"href":"https:\/\/santa-giulia.net\/it\/wp-json\/wp\/v2\/users\/1"}],"replies":[{"embeddable":true,"href":"https:\/\/santa-giulia.net\/it\/wp-json\/wp\/v2\/comments?post=2590"}],"version-history":[{"count":7,"href":"https:\/\/santa-giulia.net\/it\/wp-json\/wp\/v2\/pages\/2590\/revisions"}],"predecessor-version":[{"id":3197,"href":"https:\/\/santa-giulia.net\/it\/wp-json\/wp\/v2\/pages\/2590\/revisions\/3197"}],"wp:attachment":[{"href":"https:\/\/santa-giulia.net\/it\/wp-json\/wp\/v2\/media?parent=2590"}],"curies":[{"name":"wp","href":"https:\/\/api.w.org\/{rel}","templated":true}]}}