{"id":2591,"date":"2024-03-21T12:58:54","date_gmt":"2024-03-21T11:58:54","guid":{"rendered":"https:\/\/santa-giulia.net\/evenements-celebrations\/"},"modified":"2024-06-03T23:41:25","modified_gmt":"2024-06-03T21:41:25","slug":"eventi-manifestazioni-festeggiamenti","status":"publish","type":"page","link":"https:\/\/santa-giulia.net\/it\/eventi-manifestazioni-festeggiamenti\/","title":{"rendered":"Eventi &amp; manifestazioni festeggiamenti"},"content":{"rendered":"<div class=\"wpb-content-wrapper\"><p>[vc_row full_width=&#8221;stretch_row_content_no_spaces&#8221; disable_element=&#8221;yes&#8221; type=&#8221;vc_default&#8221; css=&#8221;.vc_custom_1704812312106{margin-top: 0px !important;padding-top: 0px !important;background-position: center !important;background-repeat: no-repeat !important;background-size: cover !important;}&#8221;][vc_column css=&#8221;.vc_custom_1699523036787{padding-top: 0px !important;}&#8221;][vc_single_image image=&#8221;850&#8243; img_size=&#8221;full&#8221; alignment=&#8221;center&#8221; css=&#8221;.vc_custom_1704803043729{margin-top: 0px !important;margin-right: 0px !important;margin-bottom: 0px !important;margin-left: 0px !important;border-top-width: 0px !important;border-right-width: 0px !important;border-bottom-width: 0px !important;border-left-width: 0px !important;padding-top: 0px !important;padding-right: 0px !important;padding-bottom: 0px !important;padding-left: 0px !important;}&#8221;][\/vc_column][\/vc_row][vc_row][vc_column width=&#8221;1\/6&#8243;][\/vc_column][vc_column width=&#8221;2\/3&#8243;]<div class=\"ult-spacer spacer-69e8f79918319\" data-id=\"69e8f79918319\" data-height=\"100\" data-height-mobile=\"50\" data-height-tab=\"\" data-height-tab-portrait=\"\" data-height-mobile-landscape=\"\" style=\"clear:both;display:block;\"><\/div>[vc_custom_heading text=&#8221;CULTIVARE<i>belle <\/i> STORIE&#8221; font_container=&#8221;tag:h1|text_align:center&#8221; use_theme_fonts=&#8221;yes&#8221;]<div class=\"ult-spacer spacer-69e8f79918349\" data-id=\"69e8f79918349\" data-height=\"0\" data-height-mobile=\"25\" data-height-tab=\"\" data-height-tab-portrait=\"\" data-height-mobile-landscape=\"\" style=\"clear:both;display:block;\"><\/div>[vc_column_text css=&#8221;.vc_custom_1713806106898{margin-bottom: 10px !important;}&#8221;]<\/p>\n<p style=\"text-align: center;\">Al Domaine Santa Giulia Palace coltiviamo la bellezza e la prendiamo a cuore per creare occasioni memorabili per i nostri ospiti in questo giardino unico.<\/p>\n<p style=\"text-align: center;\">Con pi\u00f9 di sessanta opzioni di alloggio distribuite su una tenuta di 10 ettari che si affaccia sulla baia pi\u00f9 bella della Corsica, possiamo ospitare fino a 300 persone, in modo da poter celebrare le vostre occasioni speciali con stile, nel cuore della natura. Matrimoni, compleanni, riunioni con gli amici, la tenuta vi ispirer\u00e0 con servizi di alta gamma in un ambiente spazioso.<\/p>\n<p style=\"text-align: center;\">Il nostro team dedicato \u00e8 a disposizione per darvi consigli su tutto, dall&#8217;organizzazione del soggiorno alla gastronomia locale, dalle attivit\u00e0 alle foto.<\/p>\n<p style=\"text-align: center;\">Ogni esperienza al Domaine Santa Giulia Palace \u00e8 autentica. Ci assicureremo che ogni dettaglio del vostro evento sia realizzato alla perfezione.<\/p>\n<p style=\"text-align: center;\">Vi garantiamo ricordi che dureranno per tutta la vita.<\/p>\n<p>[\/vc_column_text]<div class=\"ult-spacer spacer-69e8f79918363\" data-id=\"69e8f79918363\" data-height=\"100\" data-height-mobile=\"50\" data-height-tab=\"\" data-height-tab-portrait=\"\" data-height-mobile-landscape=\"\" style=\"clear:both;display:block;\"><\/div>[\/vc_column][vc_column width=&#8221;1\/6&#8243;][\/vc_column][\/vc_row][vc_row][vc_column width=&#8221;1\/2&#8243;][vc_single_image image=&#8221;865&#8243; img_size=&#8221;full&#8221; css=&#8221;.vc_custom_1711024432701{margin-bottom: 0px !important;}&#8221;]<div class=\"ult-spacer spacer-69e8f79918377\" data-id=\"69e8f79918377\" data-height=\"100\" data-height-mobile=\"50\" data-height-tab=\"\" data-height-tab-portrait=\"\" data-height-mobile-landscape=\"\" style=\"clear:both;display:block;\"><\/div>[\/vc_column][vc_column width=&#8221;1\/2&#8243;]<div class=\"ult-spacer spacer-69e8f79918389\" data-id=\"69e8f79918389\" data-height=\"100\" data-height-mobile=\"0\" data-height-tab=\"\" data-height-tab-portrait=\"\" data-height-mobile-landscape=\"\" style=\"clear:both;display:block;\"><\/div>[vc_custom_heading text=&#8221;DITE <i>&#8220;Si&#8220;<\/i> IN CORSICA&#8221; font_container=&#8221;tag:h1|text_align:left&#8221; use_theme_fonts=&#8221;yes&#8221;]<div class=\"ult-spacer spacer-69e8f7991839a\" data-id=\"69e8f7991839a\" data-height=\"0\" data-height-mobile=\"25\" data-height-tab=\"\" data-height-tab-portrait=\"\" data-height-mobile-landscape=\"\" style=\"clear:both;display:block;\"><\/div>[vc_column_text css=&#8221;.vc_custom_1715330872578{margin-bottom: 10px !important;}&#8221;]Sognate un matrimonio romantico sotto il sole, alzando un bicchiere di champagne davanti al mare?<\/p>\n<p>Invitate i vostri ospiti al Domaine Santa Giulia Palace, con le sue circa sessanta sistemazioni ideali per coppie, famiglie e amici.<\/p>\n<p>Qualunque sia il vostro sogno, vi aiuteremo a realizzarlo.[\/vc_column_text]<style type=\"text\/css\" data-type=\"the7_shortcodes-inline-css\">#default-btn-a6e266053c06034a1859b37766afebab.ico-right-side > i {\n  margin-right: 0px;\n  margin-left: 8px;\n}\n#default-btn-a6e266053c06034a1859b37766afebab > i {\n  margin-right: 8px;\n}<\/style><div class=\"btn-align-left\"><a href=\"#\" class=\"default-btn-shortcode dt-btn dt-btn-m link-hover-off contact \" id=\"default-btn-a6e266053c06034a1859b37766afebab\" title=\"H\u00f4tel\"><span>Contattateci<\/span><\/a><\/div><div class=\"ult-spacer spacer-69e8f7991846c\" data-id=\"69e8f7991846c\" data-height=\"0\" data-height-mobile=\"25\" data-height-tab=\"\" data-height-tab-portrait=\"\" data-height-mobile-landscape=\"\" style=\"clear:both;display:block;\"><\/div>[\/vc_column][\/vc_row][vc_row][vc_column]<div class=\"ult-spacer spacer-69e8f79918482\" data-id=\"69e8f79918482\" data-height=\"100\" data-height-mobile=\"50\" data-height-tab=\"\" data-height-tab-portrait=\"\" data-height-mobile-landscape=\"\" style=\"clear:both;display:block;\"><\/div>[\/vc_column][\/vc_row][vc_row full_width=&#8221;stretch_row_content_no_spaces&#8221; type=&#8221;vc_default&#8221; css=&#8221;.vc_custom_1699522972298{margin-top: 0px !important;padding-top: 0px !important;background-position: center !important;background-repeat: no-repeat !important;background-size: cover !important;}&#8221;][vc_column css=&#8221;.vc_custom_1699523036787{padding-top: 0px !important;}&#8221;][vc_single_image image=&#8221;2043&#8243; img_size=&#8221;full&#8221; alignment=&#8221;center&#8221; css=&#8221;.vc_custom_1711027503431{margin-top: 0px !important;margin-right: 0px !important;margin-bottom: 0px !important;margin-left: 0px !important;border-top-width: 0px !important;border-right-width: 0px !important;border-bottom-width: 0px !important;border-left-width: 0px !important;padding-top: 0px !important;padding-right: 0px !important;padding-bottom: 0px !important;padding-left: 0px !important;}&#8221;][\/vc_column][\/vc_row][vc_row][vc_column]<div class=\"ult-spacer spacer-69e8f79918493\" data-id=\"69e8f79918493\" data-height=\"200\" data-height-mobile=\"50\" data-height-tab=\"\" data-height-tab-portrait=\"\" data-height-mobile-landscape=\"\" style=\"clear:both;display:block;\"><\/div>[\/vc_column][\/vc_row][vc_row][vc_column width=&#8221;1\/2&#8243; css=&#8221;.vc_custom_1700587249894{padding-top: 0px !important;}&#8221;][vc_single_image image=&#8221;869&#8243; img_size=&#8221;full&#8221; css=&#8221;.vc_custom_1711095708863{margin-bottom: 0px !important;}&#8221;]<div class=\"ult-spacer spacer-69e8f799184a7\" data-id=\"69e8f799184a7\" data-height=\"100\" data-height-mobile=\"50\" data-height-tab=\"\" data-height-tab-portrait=\"\" data-height-mobile-landscape=\"\" style=\"clear:both;display:block;\"><\/div>[\/vc_column][vc_column width=&#8221;1\/2&#8243; css=&#8221;.vc_custom_1700587258531{padding-top: 0px !important;}&#8221;]<div class=\"ult-spacer spacer-69e8f799184b7\" data-id=\"69e8f799184b7\" data-height=\"100\" data-height-mobile=\"0\" data-height-tab=\"\" data-height-tab-portrait=\"\" data-height-mobile-landscape=\"\" style=\"clear:both;display:block;\"><\/div>[vc_custom_heading text=&#8221;UN LUOGO <i>DALLE INFINITE <\/i> OPPORTUNIT\u00c0&#8221; font_container=&#8221;tag:h1|text_align:left&#8221; use_theme_fonts=&#8221;yes&#8221;]<div class=\"ult-spacer spacer-69e8f799184c6\" data-id=\"69e8f799184c6\" data-height=\"0\" data-height-mobile=\"25\" data-height-tab=\"\" data-height-tab-portrait=\"\" data-height-mobile-landscape=\"\" style=\"clear:both;display:block;\"><\/div>[vc_column_text css=&#8221;.vc_custom_1715330925613{margin-bottom: 10px !important;}&#8221;]Compleanni, battesimi, eventi sportivi, amanti delle belle auto: qualunque sia il vostro evento, offrite ai vostri ospiti la possibilit\u00e0 di scoprire la Corsica nel modo pi\u00f9 sfolgorante possibile.<\/p>\n<p>Al Domaine Santa Giulia Palace, godrete del meglio della Corsica meridionale, nel cuore della macchia mediterranea e con una sontuosa vista sulla baia di Santa Giulia. Immaginate eleganti cocktail sulla terrazza della piscina, con una vista mozzafiato sul Mediterraneo&#8230;<\/p>\n<p>Scoprite le nostre raffinate sistemazioni, dalla camera doppia all&#8217;appartamento o alla villa per 6 persone, o ancora le nostre Suite con Jacuzzi privata, il tutto immerso in un eccezionale ambiente naturale di 10 ettari che cerchiamo di preservare per il piacere dei nostri prossimi ospiti.<\/p>\n<p>I siti naturali e culturali pi\u00f9 affascinanti si concentrano nei dintorni della Corsica del Sud: Bonifacio, la citt\u00e0 millenaria, Porto-Vecchio e le sue belle spiagge di Santa Giulia e Palombaggia, le montagne e i suoi villaggi come Quenza, alle porte dell&#8217;altopiano di Cuscionu&#8230;<\/p>\n<p>Con noi le possibilit\u00e0 sono infinite, la vostra immaginazione prende il volo e l&#8217;ispirazione si fa strada. La nostra vasta gamma di possibilit\u00e0 ci permette di dare vita alla festa dei vostri sogni.[\/vc_column_text]<style type=\"text\/css\" data-type=\"the7_shortcodes-inline-css\">#default-btn-a6e266053c06034a1859b37766afebab.ico-right-side > i {\n  margin-right: 0px;\n  margin-left: 8px;\n}\n#default-btn-a6e266053c06034a1859b37766afebab > i {\n  margin-right: 8px;\n}<\/style><div class=\"btn-align-left\"><a href=\"#\" class=\"default-btn-shortcode dt-btn dt-btn-m link-hover-off contact \" id=\"default-btn-a6e266053c06034a1859b37766afebab\" title=\"H\u00f4tel\"><span>Contattateci<\/span><\/a><\/div><div class=\"ult-spacer spacer-69e8f7991853d\" data-id=\"69e8f7991853d\" data-height=\"0\" data-height-mobile=\"25\" data-height-tab=\"\" data-height-tab-portrait=\"\" data-height-mobile-landscape=\"\" style=\"clear:both;display:block;\"><\/div>[\/vc_column][\/vc_row][vc_row][vc_column]<div class=\"ult-spacer spacer-69e8f7991854f\" data-id=\"69e8f7991854f\" data-height=\"100\" data-height-mobile=\"50\" data-height-tab=\"\" data-height-tab-portrait=\"\" data-height-mobile-landscape=\"\" style=\"clear:both;display:block;\"><\/div>[\/vc_column][\/vc_row][vc_row full_width=&#8221;stretch_row_content_no_spaces&#8221; type=&#8221;vc_default&#8221; css=&#8221;.vc_custom_1699458741602{background-position: center !important;background-repeat: no-repeat !important;background-size: cover !important;}&#8221;][vc_column width=&#8221;1\/3&#8243; css=&#8221;.vc_custom_1699524849412{padding-top: 0px !important;}&#8221;][vc_single_image image=&#8221;2052&#8243; img_size=&#8221;full&#8221; alignment=&#8221;center&#8221; css=&#8221;.vc_custom_1711097431616{margin-top: 0px !important;margin-right: 0px !important;margin-bottom: 0px !important;margin-left: 0px !important;border-top-width: 0px !important;border-right-width: 0px !important;border-bottom-width: 0px !important;border-left-width: 0px !important;padding-top: 0px !important;padding-right: 0px !important;padding-bottom: 0px !important;padding-left: 0px !important;}&#8221;][\/vc_column][vc_column width=&#8221;1\/3&#8243; css=&#8221;.vc_custom_1704807305764{padding-top: 0px !important;}&#8221;][vc_single_image image=&#8221;2057&#8243; img_size=&#8221;full&#8221; alignment=&#8221;center&#8221; css=&#8221;.vc_custom_1711097464437{margin-top: 0px !important;margin-right: 0px !important;margin-bottom: 0px !important;margin-left: 0px !important;border-top-width: 0px !important;border-right-width: 0px !important;border-bottom-width: 0px !important;border-left-width: 0px !important;padding-top: 0px !important;padding-right: 0px !important;padding-bottom: 0px !important;padding-left: 0px !important;}&#8221;][\/vc_column][vc_column width=&#8221;1\/3&#8243; css=&#8221;.vc_custom_1704807299263{padding-top: 0px !important;}&#8221;][vc_single_image image=&#8221;2061&#8243; img_size=&#8221;full&#8221; alignment=&#8221;center&#8221; css=&#8221;.vc_custom_1711097447045{margin-top: 0px !important;margin-right: 0px !important;margin-bottom: 0px !important;margin-left: 0px !important;border-top-width: 0px !important;border-right-width: 0px !important;border-bottom-width: 0px !important;border-left-width: 0px !important;padding-top: 0px !important;padding-right: 0px !important;padding-bottom: 0px !important;padding-left: 0px !important;}&#8221;][\/vc_column][\/vc_row][vc_row][vc_column width=&#8221;1\/6&#8243;][\/vc_column][vc_column width=&#8221;2\/3&#8243;]<div class=\"ult-spacer spacer-69e8f7991855e\" data-id=\"69e8f7991855e\" data-height=\"100\" data-height-mobile=\"0\" data-height-tab=\"\" data-height-tab-portrait=\"\" data-height-mobile-landscape=\"\" style=\"clear:both;display:block;\"><\/div>[vc_custom_heading text=&#8221;ACCOGLIERE IL <i>Benessere<\/i>&#8221; font_container=&#8221;tag:h1|text_align:center&#8221; use_theme_fonts=&#8221;yes&#8221;]<div class=\"ult-spacer spacer-69e8f7991856f\" data-id=\"69e8f7991856f\" data-height=\"0\" data-height-mobile=\"25\" data-height-tab=\"\" data-height-tab-portrait=\"\" data-height-mobile-landscape=\"\" style=\"clear:both;display:block;\"><\/div>[vc_column_text css=&#8221;.vc_custom_1715330945644{margin-bottom: 10px !important;}&#8221;]<\/p>\n<p style=\"text-align: center;\">Quale posto migliore del Domaine de Santa Giulia sull&#8217;Isola della Bellezza per un intimo ritiro di benessere?<\/p>\n<p style=\"text-align: center;\">Ritornate a contatto con la natura in una superba pausa benessere in un ambiente mediterraneo che si affaccia sulla baia di Santa Giulia, con una piattaforma per lo yoga in mezzo alla macchia, piscine, un&#8217;area per l&#8217;aqua-bike, un chiosco per i massaggi di fronte al mare e un percorso naturalistico che vi avvolger\u00e0 sempre di pi\u00f9 con i suoi profumi e i canti della fauna selvatica.<\/p>\n<p style=\"text-align: center;\">Organizzate ritiri di yoga o di qualsiasi altra disciplina, in piccoli gruppi o in gruppo, lontano dalla frenesia della vita con il vostro insegnante o con uno dei nostri specialisti. Godetevi i grandi spazi aperti del Domaine in un&#8217;atmosfera amichevole.<\/p>\n<p style=\"text-align: center;\">Ci prenderemo cura di voi e del vostro comfort.<\/p>\n<p>[\/vc_column_text]<style type=\"text\/css\" data-type=\"the7_shortcodes-inline-css\">#default-btn-1341feb944200b3f8f9680b00d6ea4af.ico-right-side > i {\n  margin-right: 0px;\n  margin-left: 8px;\n}\n#default-btn-1341feb944200b3f8f9680b00d6ea4af > i {\n  margin-right: 8px;\n}<\/style><div class=\"btn-align-center\"><a href=\"#\" class=\"default-btn-shortcode dt-btn dt-btn-m link-hover-off contact \" id=\"default-btn-1341feb944200b3f8f9680b00d6ea4af\" title=\"H\u00f4tel\"><span>Contattateci<\/span><\/a><\/div><div class=\"ult-spacer spacer-69e8f799185d5\" data-id=\"69e8f799185d5\" data-height=\"150\" data-height-mobile=\"75\" data-height-tab=\"\" data-height-tab-portrait=\"\" data-height-mobile-landscape=\"\" style=\"clear:both;display:block;\"><\/div>[\/vc_column][vc_column width=&#8221;1\/6&#8243;][\/vc_column][\/vc_row]<\/p>\n<\/div>","protected":false},"excerpt":{"rendered":"<p>[vc_row full_width=&#8221;stretch_row_content_no_spaces&#8221; disable_element=&#8221;yes&#8221; type=&#8221;vc_default&#8221; css=&#8221;.vc_custom_1704812312106{margin-top: 0px !important;padding-top: 0px !important;background-position: center !important;background-repeat: no-repeat !important;background-size: cover !important;}&#8221;][vc_column css=&#8221;.vc_custom_1699523036787{padding-top: 0px !important;}&#8221;][vc_single_image image=&#8221;850&#8243; img_size=&#8221;full&#8221; alignment=&#8221;center&#8221; css=&#8221;.vc_custom_1704803043729{margin-top: 0px !important;margin-right: 0px !important;margin-bottom: 0px !important;margin-left: 0px !important;border-top-width: 0px !important;border-right-width: 0px !important;border-bottom-width: 0px !important;border-left-width: 0px !important;padding-top: 0px !important;padding-right: 0px !important;padding-bottom: 0px !important;padding-left: 0px !important;}&#8221;][\/vc_column][\/vc_row][vc_row][vc_column width=&#8221;1\/6&#8243;][\/vc_column][vc_column width=&#8221;2\/3&#8243;][vc_custom_heading text=&#8221;CULTIVAREbelle STORIE&#8221; font_container=&#8221;tag:h1|text_align:center&#8221; use_theme_fonts=&#8221;yes&#8221;][vc_column_text css=&#8221;.vc_custom_1713806106898{margin-bottom: 10px !important;}&#8221;]&hellip;<\/p>\n","protected":false},"author":1,"featured_media":0,"parent":0,"menu_order":7,"comment_status":"closed","ping_status":"closed","template":"","meta":{"footnotes":""},"class_list":["post-2591","page","type-page","status-publish","hentry","description-off"],"yoast_head":"<!-- This site is optimized with the Yoast SEO plugin v27.4 - https:\/\/yoast.com\/product\/yoast-seo-wordpress\/ -->\n<title>Eventi &amp; manifestazioni festeggiamenti Palazzo Domain Santa Giulia - Soggiorno di lusso in Corsica<\/title>\n<meta name=\"description\" content=\"Al Domaine Santa Giulia Palace coltiviamo la bellezza e siamo orgogliosi di creare occasioni memorabili per i nostri ospiti in questo giardino unico.\" \/>\n<meta name=\"robots\" content=\"index, follow, max-snippet:-1, max-image-preview:large, max-video-preview:-1\" \/>\n<link rel=\"canonical\" href=\"https:\/\/santa-giulia.net\/it\/eventi-manifestazioni-festeggiamenti\/\" \/>\n<meta property=\"og:locale\" content=\"it_IT\" \/>\n<meta property=\"og:type\" content=\"article\" \/>\n<meta property=\"og:title\" content=\"Eventi &amp; manifestazioni festeggiamenti Palazzo Domain Santa Giulia - Soggiorno di lusso in Corsica\" \/>\n<meta property=\"og:description\" content=\"Al Domaine Santa Giulia Palace coltiviamo la bellezza e siamo orgogliosi di creare occasioni memorabili per i nostri ospiti in questo giardino unico.\" \/>\n<meta property=\"og:url\" content=\"https:\/\/santa-giulia.net\/it\/eventi-manifestazioni-festeggiamenti\/\" \/>\n<meta property=\"og:site_name\" content=\"Domaine Santa Giulia Palace - S\u00e9jour de luxe - Vue Mer en Corse\" \/>\n<meta property=\"article:publisher\" content=\"https:\/\/www.facebook.com\/ResidenceSantaGiuliaPalace\" \/>\n<meta property=\"article:modified_time\" content=\"2024-06-03T21:41:25+00:00\" \/>\n<meta name=\"twitter:card\" content=\"summary_large_image\" \/>\n<meta name=\"twitter:label1\" content=\"Tempo di lettura stimato\" \/>\n\t<meta name=\"twitter:data1\" content=\"6 minuti\" \/>\n<script type=\"application\/ld+json\" class=\"yoast-schema-graph\">{\"@context\":\"https:\\\/\\\/schema.org\",\"@graph\":[{\"@type\":\"WebPage\",\"@id\":\"https:\\\/\\\/santa-giulia.net\\\/it\\\/eventi-manifestazioni-festeggiamenti\\\/\",\"url\":\"https:\\\/\\\/santa-giulia.net\\\/it\\\/eventi-manifestazioni-festeggiamenti\\\/\",\"name\":\"Eventi &amp; manifestazioni festeggiamenti Palazzo Domain Santa Giulia - Soggiorno di lusso in Corsica\",\"isPartOf\":{\"@id\":\"https:\\\/\\\/santa-giulia.net\\\/it\\\/#website\"},\"datePublished\":\"2024-03-21T11:58:54+00:00\",\"dateModified\":\"2024-06-03T21:41:25+00:00\",\"description\":\"Al Domaine Santa Giulia Palace coltiviamo la bellezza e siamo orgogliosi di creare occasioni memorabili per i nostri ospiti in questo giardino unico.\",\"breadcrumb\":{\"@id\":\"https:\\\/\\\/santa-giulia.net\\\/it\\\/eventi-manifestazioni-festeggiamenti\\\/#breadcrumb\"},\"inLanguage\":\"it-IT\",\"potentialAction\":[{\"@type\":\"ReadAction\",\"target\":[\"https:\\\/\\\/santa-giulia.net\\\/it\\\/eventi-manifestazioni-festeggiamenti\\\/\"]}]},{\"@type\":\"BreadcrumbList\",\"@id\":\"https:\\\/\\\/santa-giulia.net\\\/it\\\/eventi-manifestazioni-festeggiamenti\\\/#breadcrumb\",\"itemListElement\":[{\"@type\":\"ListItem\",\"position\":1,\"name\":\"Accueil\",\"item\":\"https:\\\/\\\/santa-giulia.net\\\/it\\\/\"},{\"@type\":\"ListItem\",\"position\":2,\"name\":\"Eventi &amp; manifestazioni festeggiamenti\"}]},{\"@type\":\"WebSite\",\"@id\":\"https:\\\/\\\/santa-giulia.net\\\/it\\\/#website\",\"url\":\"https:\\\/\\\/santa-giulia.net\\\/it\\\/\",\"name\":\"Domaine Santa Giulia Palace - S\u00e9jour de luxe - Vue Mer en Corse\",\"description\":\"Un Site d\u00e9velopp\u00e9 par PMT Hotels\",\"publisher\":{\"@id\":\"https:\\\/\\\/santa-giulia.net\\\/it\\\/#organization\"},\"potentialAction\":[{\"@type\":\"SearchAction\",\"target\":{\"@type\":\"EntryPoint\",\"urlTemplate\":\"https:\\\/\\\/santa-giulia.net\\\/it\\\/?s={search_term_string}\"},\"query-input\":{\"@type\":\"PropertyValueSpecification\",\"valueRequired\":true,\"valueName\":\"search_term_string\"}}],\"inLanguage\":\"it-IT\"},{\"@type\":\"Organization\",\"@id\":\"https:\\\/\\\/santa-giulia.net\\\/it\\\/#organization\",\"name\":\"Domaine Santa Giulia Palace - S\u00e9jour de luxe - Vue Mer en Corse\",\"url\":\"https:\\\/\\\/santa-giulia.net\\\/it\\\/\",\"logo\":{\"@type\":\"ImageObject\",\"inLanguage\":\"it-IT\",\"@id\":\"https:\\\/\\\/santa-giulia.net\\\/it\\\/#\\\/schema\\\/logo\\\/image\\\/\",\"url\":\"https:\\\/\\\/santagiulia.net\\\/wp-content\\\/uploads\\\/2023\\\/06\\\/Logo-Domaine-Santa-Giulia-Palace-600.png\",\"contentUrl\":\"https:\\\/\\\/santagiulia.net\\\/wp-content\\\/uploads\\\/2023\\\/06\\\/Logo-Domaine-Santa-Giulia-Palace-600.png\",\"width\":600,\"height\":438,\"caption\":\"Domaine Santa Giulia Palace - S\u00e9jour de luxe - Vue Mer en Corse\"},\"image\":{\"@id\":\"https:\\\/\\\/santa-giulia.net\\\/it\\\/#\\\/schema\\\/logo\\\/image\\\/\"},\"sameAs\":[\"https:\\\/\\\/www.facebook.com\\\/ResidenceSantaGiuliaPalace\",\"https:\\\/\\\/www.instagram.com\\\/santagiuliapalace\\\/\"]}]}<\/script>\n<!-- \/ Yoast SEO plugin. -->","yoast_head_json":{"title":"Eventi &amp; manifestazioni festeggiamenti Palazzo Domain Santa Giulia - Soggiorno di lusso in Corsica","description":"Al Domaine Santa Giulia Palace coltiviamo la bellezza e siamo orgogliosi di creare occasioni memorabili per i nostri ospiti in questo giardino unico.","robots":{"index":"index","follow":"follow","max-snippet":"max-snippet:-1","max-image-preview":"max-image-preview:large","max-video-preview":"max-video-preview:-1"},"canonical":"https:\/\/santa-giulia.net\/it\/eventi-manifestazioni-festeggiamenti\/","og_locale":"it_IT","og_type":"article","og_title":"Eventi &amp; manifestazioni festeggiamenti Palazzo Domain Santa Giulia - Soggiorno di lusso in Corsica","og_description":"Al Domaine Santa Giulia Palace coltiviamo la bellezza e siamo orgogliosi di creare occasioni memorabili per i nostri ospiti in questo giardino unico.","og_url":"https:\/\/santa-giulia.net\/it\/eventi-manifestazioni-festeggiamenti\/","og_site_name":"Domaine Santa Giulia Palace - S\u00e9jour de luxe - Vue Mer en Corse","article_publisher":"https:\/\/www.facebook.com\/ResidenceSantaGiuliaPalace","article_modified_time":"2024-06-03T21:41:25+00:00","twitter_card":"summary_large_image","twitter_misc":{"Tempo di lettura stimato":"6 minuti"},"schema":{"@context":"https:\/\/schema.org","@graph":[{"@type":"WebPage","@id":"https:\/\/santa-giulia.net\/it\/eventi-manifestazioni-festeggiamenti\/","url":"https:\/\/santa-giulia.net\/it\/eventi-manifestazioni-festeggiamenti\/","name":"Eventi &amp; manifestazioni festeggiamenti Palazzo Domain Santa Giulia - Soggiorno di lusso in Corsica","isPartOf":{"@id":"https:\/\/santa-giulia.net\/it\/#website"},"datePublished":"2024-03-21T11:58:54+00:00","dateModified":"2024-06-03T21:41:25+00:00","description":"Al Domaine Santa Giulia Palace coltiviamo la bellezza e siamo orgogliosi di creare occasioni memorabili per i nostri ospiti in questo giardino unico.","breadcrumb":{"@id":"https:\/\/santa-giulia.net\/it\/eventi-manifestazioni-festeggiamenti\/#breadcrumb"},"inLanguage":"it-IT","potentialAction":[{"@type":"ReadAction","target":["https:\/\/santa-giulia.net\/it\/eventi-manifestazioni-festeggiamenti\/"]}]},{"@type":"BreadcrumbList","@id":"https:\/\/santa-giulia.net\/it\/eventi-manifestazioni-festeggiamenti\/#breadcrumb","itemListElement":[{"@type":"ListItem","position":1,"name":"Accueil","item":"https:\/\/santa-giulia.net\/it\/"},{"@type":"ListItem","position":2,"name":"Eventi &amp; manifestazioni festeggiamenti"}]},{"@type":"WebSite","@id":"https:\/\/santa-giulia.net\/it\/#website","url":"https:\/\/santa-giulia.net\/it\/","name":"Domaine Santa Giulia Palace - S\u00e9jour de luxe - Vue Mer en Corse","description":"Un Site d\u00e9velopp\u00e9 par PMT Hotels","publisher":{"@id":"https:\/\/santa-giulia.net\/it\/#organization"},"potentialAction":[{"@type":"SearchAction","target":{"@type":"EntryPoint","urlTemplate":"https:\/\/santa-giulia.net\/it\/?s={search_term_string}"},"query-input":{"@type":"PropertyValueSpecification","valueRequired":true,"valueName":"search_term_string"}}],"inLanguage":"it-IT"},{"@type":"Organization","@id":"https:\/\/santa-giulia.net\/it\/#organization","name":"Domaine Santa Giulia Palace - S\u00e9jour de luxe - Vue Mer en Corse","url":"https:\/\/santa-giulia.net\/it\/","logo":{"@type":"ImageObject","inLanguage":"it-IT","@id":"https:\/\/santa-giulia.net\/it\/#\/schema\/logo\/image\/","url":"https:\/\/santagiulia.net\/wp-content\/uploads\/2023\/06\/Logo-Domaine-Santa-Giulia-Palace-600.png","contentUrl":"https:\/\/santagiulia.net\/wp-content\/uploads\/2023\/06\/Logo-Domaine-Santa-Giulia-Palace-600.png","width":600,"height":438,"caption":"Domaine Santa Giulia Palace - S\u00e9jour de luxe - Vue Mer en Corse"},"image":{"@id":"https:\/\/santa-giulia.net\/it\/#\/schema\/logo\/image\/"},"sameAs":["https:\/\/www.facebook.com\/ResidenceSantaGiuliaPalace","https:\/\/www.instagram.com\/santagiuliapalace\/"]}]}},"_links":{"self":[{"href":"https:\/\/santa-giulia.net\/it\/wp-json\/wp\/v2\/pages\/2591","targetHints":{"allow":["GET"]}}],"collection":[{"href":"https:\/\/santa-giulia.net\/it\/wp-json\/wp\/v2\/pages"}],"about":[{"href":"https:\/\/santa-giulia.net\/it\/wp-json\/wp\/v2\/types\/page"}],"author":[{"embeddable":true,"href":"https:\/\/santa-giulia.net\/it\/wp-json\/wp\/v2\/users\/1"}],"replies":[{"embeddable":true,"href":"https:\/\/santa-giulia.net\/it\/wp-json\/wp\/v2\/comments?post=2591"}],"version-history":[{"count":4,"href":"https:\/\/santa-giulia.net\/it\/wp-json\/wp\/v2\/pages\/2591\/revisions"}],"predecessor-version":[{"id":2720,"href":"https:\/\/santa-giulia.net\/it\/wp-json\/wp\/v2\/pages\/2591\/revisions\/2720"}],"wp:attachment":[{"href":"https:\/\/santa-giulia.net\/it\/wp-json\/wp\/v2\/media?parent=2591"}],"curies":[{"name":"wp","href":"https:\/\/api.w.org\/{rel}","templated":true}]}}