{"id":2592,"date":"2024-03-22T10:22:31","date_gmt":"2024-03-22T09:22:31","guid":{"rendered":"https:\/\/santa-giulia.net\/eco-responsabilite\/"},"modified":"2025-12-08T12:09:55","modified_gmt":"2025-12-08T11:09:55","slug":"eco-responsabilita","status":"publish","type":"page","link":"https:\/\/santa-giulia.net\/it\/eco-responsabilita\/","title":{"rendered":"Eco-responsabilit\u00e0"},"content":{"rendered":"<div class=\"wpb-content-wrapper\"><p>[vc_row full_width=&#8221;stretch_row_content_no_spaces&#8221; disable_element=&#8221;yes&#8221; type=&#8221;vc_default&#8221; css=&#8221;.vc_custom_1704812312106{margin-top: 0px !important;padding-top: 0px !important;background-position: center !important;background-repeat: no-repeat !important;background-size: cover !important;}&#8221;][vc_column css=&#8221;.vc_custom_1699523036787{padding-top: 0px !important;}&#8221;][vc_single_image image=&#8221;853&#8243; img_size=&#8221;full&#8221; alignment=&#8221;center&#8221; css=&#8221;.vc_custom_1704803043729{margin-top: 0px !important;margin-right: 0px !important;margin-bottom: 0px !important;margin-left: 0px !important;border-top-width: 0px !important;border-right-width: 0px !important;border-bottom-width: 0px !important;border-left-width: 0px !important;padding-top: 0px !important;padding-right: 0px !important;padding-bottom: 0px !important;padding-left: 0px !important;}&#8221;][\/vc_column][\/vc_row][vc_row][vc_column width=&#8221;1\/6&#8243;][\/vc_column][vc_column width=&#8221;2\/3&#8243;]<div class=\"ult-spacer spacer-69d4e20018e70\" data-id=\"69d4e20018e70\" data-height=\"100\" data-height-mobile=\"50\" data-height-tab=\"\" data-height-tab-portrait=\"\" data-height-mobile-landscape=\"\" style=\"clear:both;display:block;\"><\/div>[vc_custom_heading text=&#8221;IL<i>nostro <\/i> IMPEGNO&#8221; font_container=&#8221;tag:h1|text_align:center&#8221; use_theme_fonts=&#8221;yes&#8221;]<div class=\"ult-spacer spacer-69d4e20018e9e\" data-id=\"69d4e20018e9e\" data-height=\"0\" data-height-mobile=\"25\" data-height-tab=\"\" data-height-tab-portrait=\"\" data-height-mobile-landscape=\"\" style=\"clear:both;display:block;\"><\/div>[vc_column_text css=&#8221;.vc_custom_1715331001264{margin-bottom: 10px !important;}&#8221;]<\/p>\n<p style=\"text-align: center;\">Al Domaine Santa Giulia Palace il rispetto, soprattutto per la natura, \u00e8 l&#8217;essenza dei nostri valori.<\/p>\n<p style=\"text-align: center;\">La nostra casa di famiglia, che stiamo trasmettendo alle generazioni future, garantisce il rispetto delle buone pratiche affinch\u00e9 l&#8217;accoglienza dei nostri ospiti, la scoperta di questo luogo incantevole e la condivisione di momenti amichevoli e autentici possano continuare.<\/p>\n<p style=\"text-align: center;\">Ci impegniamo a preservare l&#8217;ambiente per lasciare un impatto positivo e duraturo sul territorio. Il Domaine Santa Giulia Palace \u00e8 stato un precursore in questo approccio, essendo uno dei primi nel 2017 ad aderire al programma Rispettu, un programma di sviluppo sostenibile della Corsica che integra le problematiche di questa splendida isola che ci sta a cuore e che desideriamo conservare a lungo termine.<\/p>\n<p style=\"text-align: center;\">Di seguito sono riportate alcune delle iniziative di sviluppo sostenibile che abbiamo introdotto nel nostro stabilimento.<\/p>\n<p>[\/vc_column_text][\/vc_column][vc_column width=&#8221;1\/6&#8243;][\/vc_column][\/vc_row][vc_row][vc_column]<div class=\"ult-spacer spacer-69d4e20018eb8\" data-id=\"69d4e20018eb8\" data-height=\"100\" data-height-mobile=\"50\" data-height-tab=\"\" data-height-tab-portrait=\"\" data-height-mobile-landscape=\"\" style=\"clear:both;display:block;\"><\/div>[\/vc_column][\/vc_row][vc_row full_width=&#8221;stretch_row_content&#8221;][vc_column width=&#8221;1\/2&#8243; css=&#8221;.vc_custom_1712243463787{margin-top: 0px !important;margin-right: 0px !important;margin-bottom: 0px !important;margin-left: 0px !important;padding-top: 0px !important;padding-right: 0px !important;padding-bottom: 0px !important;padding-left: 0px !important;}&#8221;][vc_single_image image=&#8221;2234&#8243; img_size=&#8221;full&#8221; css=&#8221;.vc_custom_1712243095289{margin-top: 0px !important;margin-right: 0px !important;margin-bottom: 0px !important;margin-left: 0px !important;padding-top: 0px !important;padding-right: 0px !important;padding-bottom: 0px !important;padding-left: 0px !important;}&#8221;][\/vc_column][vc_column width=&#8221;1\/2&#8243; css=&#8221;.vc_custom_1712243117823{margin-top: 0px !important;margin-right: 0px !important;margin-bottom: 0px !important;margin-left: 0px !important;padding-top: 0px !important;padding-right: 0px !important;padding-bottom: 0px !important;padding-left: 0px !important;}&#8221;][vc_single_image image=&#8221;2242&#8243; img_size=&#8221;full&#8221; css=&#8221;.vc_custom_1712243058311{margin-top: 0px !important;margin-right: 0px !important;margin-bottom: 0px !important;margin-left: 0px !important;padding-top: 0px !important;padding-right: 0px !important;padding-bottom: 0px !important;padding-left: 0px !important;}&#8221;][\/vc_column][\/vc_row][vc_row full_width=&#8221;stretch_row_content_no_spaces&#8221; disable_element=&#8221;yes&#8221; type=&#8221;vc_default&#8221; css=&#8221;.vc_custom_1712243350483{margin-top: 0px !important;padding-top: 0px !important;background-position: center !important;background-repeat: no-repeat !important;background-size: cover !important;}&#8221;][vc_column css=&#8221;.vc_custom_1699523036787{padding-top: 0px !important;}&#8221;][vc_single_image image=&#8221;2046&#8243; img_size=&#8221;full&#8221; alignment=&#8221;center&#8221; css=&#8221;.vc_custom_1711027503431{margin-top: 0px !important;margin-right: 0px !important;margin-bottom: 0px !important;margin-left: 0px !important;border-top-width: 0px !important;border-right-width: 0px !important;border-bottom-width: 0px !important;border-left-width: 0px !important;padding-top: 0px !important;padding-right: 0px !important;padding-bottom: 0px !important;padding-left: 0px !important;}&#8221;][\/vc_column][\/vc_row][vc_row][vc_column]<div class=\"ult-spacer spacer-69d4e20018ecf\" data-id=\"69d4e20018ecf\" data-height=\"100\" data-height-mobile=\"50\" data-height-tab=\"\" data-height-tab-portrait=\"\" data-height-mobile-landscape=\"\" style=\"clear:both;display:block;\"><\/div>[\/vc_column][\/vc_row][vc_row][vc_column width=&#8221;1\/3&#8243;]<div class=\"ult_row_spacer\"><div class=\"ult-sticky-anchor\"><div class=\"ult-sticky-section ult-sticky \"  data-gutter= '100' data-stick_behaviour= 'stick_with_scroll_row'  data-sticky_position= 'top' data-mobile='no' data-support='no'>[vc_custom_heading text=&#8221;LE NOSTRE <i>iniziative<\/i>&#8221; use_theme_fonts=&#8221;yes&#8221;]<div class=\"ult-spacer spacer-69d4e20018f24\" data-id=\"69d4e20018f24\" data-height=\"150\" data-height-mobile=\"50\" data-height-tab=\"\" data-height-tab-portrait=\"\" data-height-mobile-landscape=\"\" style=\"clear:both;display:block;\"><\/div><\/div><div class=\"ult-space\"><\/div><\/div><\/div>[\/vc_column][vc_column width=&#8221;2\/3&#8243;][vc_custom_heading text=&#8221;<i>Implementazione<\/i>&#8221; use_theme_fonts=&#8221;yes&#8221;]<div class=\"ult-spacer spacer-69d4e20018f3b\" data-id=\"69d4e20018f3b\" data-height=\"0\" data-height-mobile=\"25\" data-height-tab=\"\" data-height-tab-portrait=\"\" data-height-mobile-landscape=\"\" style=\"clear:both;display:block;\"><\/div>[vc_column_text css=&#8221;.vc_custom_1765192191602{margin-bottom: 10px !important;}&#8221;]<\/p>\n<ul>\n<li style=\"text-align: left;\"><strong>Le nostre costruzioni e ristrutturazioni:<\/strong> vogliamo sempre adattarci al nostro ambiente naturale. Proteggiamo i nostri alberi, ne piantiamo di nuovi ogni anno, manteniamo la nostra macchia&#8230; Non distruggiamo la natura quando costruiamo, al contrario, lo facciamo in armonia con essa. Ci integriamo con la natura e con il nostro ambiente. Il nostro valore \u00e8 pari a quello di ci\u00f2 che ci circonda.<\/li>\n<li><strong>Pannelli solari :<\/strong> i pannelli solari sono installati nei nostri parcheggi per contribuire alla produzione di acqua calda ed elettricit\u00e0.<\/li>\n<li><strong>Ricarica di auto elettriche :<\/strong> abbiamo installato diversi punti di ricarica nella propriet\u00e0 per incoraggiare l&#8217;uso di veicoli elettrici.<\/li>\n<li><strong>Riduzione della plastica :<\/strong> ci impegniamo costantemente per ridurre l&#8217;uso della plastica. Offriamo solo bottiglie di vetro, abbiamo eliminato le cannucce di plastica e offriamo prodotti per il bagno in grandi contenitori.<\/li>\n<li><strong>Approvvigionamento locale :<\/strong> laddove possibile, privilegiamo l&#8217;approvvigionamento locale, in particolare da produttori locali (ortolani, allevatori, prodotti lattiero-caseari, bevande, ecc.)<\/li>\n<li><strong>Prodotti per la pulizia :<\/strong> utilizziamo solo prodotti ecosostenibili.<\/li>\n<li><strong>Label Rispettu<\/strong> (che significa &#8220;Rispetto&#8221; in lingua corsa) <strong>:<\/strong> ogni anno contribuiamo a rafforzare questo marchio, sviluppandolo e rendendolo sempre pi\u00f9 restrittivo a favore di un approccio sempre pi\u00f9 responsabile.<\/li>\n<li><strong>Alveari nella tenuta : <\/strong>le api sono il primo anello della catena alimentare. Abbiamo installato alveari nella nostra tenuta di 10 ettari per dare una risposta rapida all&#8217;impollinazione e all&#8217;aumento diretto della fauna e della flora.<\/li>\n<\/ul>\n<p>[\/vc_column_text]<div class=\"ult-spacer spacer-69d4e20018f4b\" data-id=\"69d4e20018f4b\" data-height=\"50\" data-height-mobile=\"50\" data-height-tab=\"50\" data-height-tab-portrait=\"\" data-height-mobile-landscape=\"\" style=\"clear:both;display:block;\"><\/div>[vc_custom_heading text=&#8221;Progetti <i>FUTURI<\/i>&#8221; use_theme_fonts=&#8221;yes&#8221;]<div class=\"ult-spacer spacer-69d4e20018f5a\" data-id=\"69d4e20018f5a\" data-height=\"0\" data-height-mobile=\"25\" data-height-tab=\"\" data-height-tab-portrait=\"\" data-height-mobile-landscape=\"\" style=\"clear:both;display:block;\"><\/div>[vc_column_text css=&#8221;.vc_custom_1765192134202{margin-bottom: 10px !important;}&#8221;]<\/p>\n<ul>\n<li><strong>L&#8217;Eco Label :<\/strong> mentre ci siamo concentrati sulla sensibilizzazione locale e sull&#8217;adattamento delle misure restrittive da attuare negli stabilimenti turistici della Corsica, il marchio Eco \u00e8 l&#8217;unico riconosciuto in tutti i Paesi dell&#8217;Unione Europea. Ha il vantaggio di essere conosciuto da tutti ed \u00e8 un&#8217;ulteriore garanzia di riconoscimento per i nostri sforzi.<\/li>\n<li><strong>Less Plastic<\/strong> <strong>:<\/strong> chi non ha mai visto gli imballaggi di plastica finire sulle spiagge? Tutti ne siamo dispiaciuti. Quindi, se ridurre la plastica \u00e8 essenziale, lo \u00e8 ancora di pi\u00f9 quando siamo in riva al mare. Il nostro obiettivo \u00e8 obbligare i nostri fornitori a evitare la plastica e comunicare e finanziare azioni per combattere i rifiuti di plastica in mare.<\/li>\n<li><strong>Raccolta dell&#8217;acqua :<\/strong> abbiamo la fortuna di avere acqua di sorgente che scorre tutto l&#8217;anno nella nostra tenuta. Vogliamo essere in grado di sfruttarla per fornire l&#8217;acqua necessaria all&#8217;irrigazione delle nostre piante ed evitare di utilizzare le falde acquifere.<\/li>\n<li><strong>Lavorazione e recupero del vetro :<\/strong> ricavato da materiali naturali e disponibile in quantit\u00e0 sufficienti, il vetro \u00e8 un componente ecologico, neutro e riciclabile al 100%. Vogliamo rafforzare la nostra capacit\u00e0 di raccogliere e riciclare il vetro.<\/li>\n<li><strong>Diventare autosufficienti dal punto di vista energetico : <\/strong>in Corsica abbiamo la fortuna di avere il sole quasi ogni giorno. Tuttavia, l&#8217;energia elettrica non \u00e8 esente da carbonio. I pannelli solari fotovoltaici sono la soluzione pi\u00f9 vantaggiosa per raggiungere l&#8217;autonomia. Vogliamo aumentare la nostra capacit\u00e0 produttiva preservando l&#8217;estetica del sito.<\/li>\n<li><strong>Partecipare alla conservazione e al ripristino degli ambienti attraverso operazioni sostenibili.<\/strong><\/li>\n<\/ul>\n<p>[\/vc_column_text]<div class=\"ult-spacer spacer-69d4e20018f6c\" data-id=\"69d4e20018f6c\" data-height=\"150\" data-height-mobile=\"75\" data-height-tab=\"\" data-height-tab-portrait=\"\" data-height-mobile-landscape=\"\" style=\"clear:both;display:block;\"><\/div>[\/vc_column][\/vc_row]<\/p>\n<\/div>","protected":false},"excerpt":{"rendered":"<p>[vc_row full_width=&#8221;stretch_row_content_no_spaces&#8221; disable_element=&#8221;yes&#8221; type=&#8221;vc_default&#8221; css=&#8221;.vc_custom_1704812312106{margin-top: 0px !important;padding-top: 0px !important;background-position: center !important;background-repeat: no-repeat !important;background-size: cover !important;}&#8221;][vc_column css=&#8221;.vc_custom_1699523036787{padding-top: 0px !important;}&#8221;][vc_single_image image=&#8221;853&#8243; img_size=&#8221;full&#8221; alignment=&#8221;center&#8221; css=&#8221;.vc_custom_1704803043729{margin-top: 0px !important;margin-right: 0px !important;margin-bottom: 0px !important;margin-left: 0px !important;border-top-width: 0px !important;border-right-width: 0px !important;border-bottom-width: 0px !important;border-left-width: 0px !important;padding-top: 0px !important;padding-right: 0px !important;padding-bottom: 0px !important;padding-left: 0px !important;}&#8221;][\/vc_column][\/vc_row][vc_row][vc_column width=&#8221;1\/6&#8243;][\/vc_column][vc_column width=&#8221;2\/3&#8243;][vc_custom_heading text=&#8221;ILnostro IMPEGNO&#8221; font_container=&#8221;tag:h1|text_align:center&#8221; use_theme_fonts=&#8221;yes&#8221;][vc_column_text css=&#8221;.vc_custom_1715331001264{margin-bottom: 10px !important;}&#8221;]&hellip;<\/p>\n","protected":false},"author":1,"featured_media":0,"parent":0,"menu_order":8,"comment_status":"closed","ping_status":"closed","template":"","meta":{"footnotes":""},"class_list":["post-2592","page","type-page","status-publish","hentry","description-off"],"yoast_head":"<!-- This site is optimized with the Yoast SEO plugin v27.3 - https:\/\/yoast.com\/product\/yoast-seo-wordpress\/ -->\n<title>Eco-responsabilit\u00e0 Palazzo Domain Santa Giulia - Soggiorno di lusso in Corsica<\/title>\n<meta name=\"description\" content=\"Al Domaine Santa Giulia Palace il rispetto, soprattutto per la natura, \u00e8 l&#039;essenza dei nostri valori.\" \/>\n<meta name=\"robots\" content=\"index, follow, max-snippet:-1, max-image-preview:large, max-video-preview:-1\" \/>\n<link rel=\"canonical\" href=\"https:\/\/santa-giulia.net\/it\/eco-responsabilita\/\" \/>\n<meta property=\"og:locale\" content=\"it_IT\" \/>\n<meta property=\"og:type\" content=\"article\" \/>\n<meta property=\"og:title\" content=\"Eco-responsabilit\u00e0 Palazzo Domain Santa Giulia - Soggiorno di lusso in Corsica\" \/>\n<meta property=\"og:description\" content=\"Al Domaine Santa Giulia Palace il rispetto, soprattutto per la natura, \u00e8 l&#039;essenza dei nostri valori.\" \/>\n<meta property=\"og:url\" content=\"https:\/\/santa-giulia.net\/it\/eco-responsabilita\/\" \/>\n<meta property=\"og:site_name\" content=\"Domaine Santa Giulia Palace - S\u00e9jour de luxe - Vue Mer en Corse\" \/>\n<meta property=\"article:publisher\" content=\"https:\/\/www.facebook.com\/ResidenceSantaGiuliaPalace\" \/>\n<meta property=\"article:modified_time\" content=\"2025-12-08T11:09:55+00:00\" \/>\n<meta name=\"twitter:card\" content=\"summary_large_image\" \/>\n<meta name=\"twitter:label1\" content=\"Tempo di lettura stimato\" \/>\n\t<meta name=\"twitter:data1\" content=\"5 minuti\" \/>\n<script type=\"application\/ld+json\" class=\"yoast-schema-graph\">{\"@context\":\"https:\\\/\\\/schema.org\",\"@graph\":[{\"@type\":\"WebPage\",\"@id\":\"https:\\\/\\\/santa-giulia.net\\\/it\\\/eco-responsabilita\\\/\",\"url\":\"https:\\\/\\\/santa-giulia.net\\\/it\\\/eco-responsabilita\\\/\",\"name\":\"Eco-responsabilit\u00e0 Palazzo Domain Santa Giulia - Soggiorno di lusso in Corsica\",\"isPartOf\":{\"@id\":\"https:\\\/\\\/santa-giulia.net\\\/it\\\/#website\"},\"datePublished\":\"2024-03-22T09:22:31+00:00\",\"dateModified\":\"2025-12-08T11:09:55+00:00\",\"description\":\"Al Domaine Santa Giulia Palace il rispetto, soprattutto per la natura, \u00e8 l'essenza dei nostri valori.\",\"breadcrumb\":{\"@id\":\"https:\\\/\\\/santa-giulia.net\\\/it\\\/eco-responsabilita\\\/#breadcrumb\"},\"inLanguage\":\"it-IT\",\"potentialAction\":[{\"@type\":\"ReadAction\",\"target\":[\"https:\\\/\\\/santa-giulia.net\\\/it\\\/eco-responsabilita\\\/\"]}]},{\"@type\":\"BreadcrumbList\",\"@id\":\"https:\\\/\\\/santa-giulia.net\\\/it\\\/eco-responsabilita\\\/#breadcrumb\",\"itemListElement\":[{\"@type\":\"ListItem\",\"position\":1,\"name\":\"Accueil\",\"item\":\"https:\\\/\\\/santa-giulia.net\\\/it\\\/\"},{\"@type\":\"ListItem\",\"position\":2,\"name\":\"Eco-responsabilit\u00e0\"}]},{\"@type\":\"WebSite\",\"@id\":\"https:\\\/\\\/santa-giulia.net\\\/it\\\/#website\",\"url\":\"https:\\\/\\\/santa-giulia.net\\\/it\\\/\",\"name\":\"Domaine Santa Giulia Palace - S\u00e9jour de luxe - Vue Mer en Corse\",\"description\":\"Un Site d\u00e9velopp\u00e9 par PMT Hotels\",\"publisher\":{\"@id\":\"https:\\\/\\\/santa-giulia.net\\\/it\\\/#organization\"},\"potentialAction\":[{\"@type\":\"SearchAction\",\"target\":{\"@type\":\"EntryPoint\",\"urlTemplate\":\"https:\\\/\\\/santa-giulia.net\\\/it\\\/?s={search_term_string}\"},\"query-input\":{\"@type\":\"PropertyValueSpecification\",\"valueRequired\":true,\"valueName\":\"search_term_string\"}}],\"inLanguage\":\"it-IT\"},{\"@type\":\"Organization\",\"@id\":\"https:\\\/\\\/santa-giulia.net\\\/it\\\/#organization\",\"name\":\"Domaine Santa Giulia Palace - S\u00e9jour de luxe - Vue Mer en Corse\",\"url\":\"https:\\\/\\\/santa-giulia.net\\\/it\\\/\",\"logo\":{\"@type\":\"ImageObject\",\"inLanguage\":\"it-IT\",\"@id\":\"https:\\\/\\\/santa-giulia.net\\\/it\\\/#\\\/schema\\\/logo\\\/image\\\/\",\"url\":\"https:\\\/\\\/santagiulia.net\\\/wp-content\\\/uploads\\\/2023\\\/06\\\/Logo-Domaine-Santa-Giulia-Palace-600.png\",\"contentUrl\":\"https:\\\/\\\/santagiulia.net\\\/wp-content\\\/uploads\\\/2023\\\/06\\\/Logo-Domaine-Santa-Giulia-Palace-600.png\",\"width\":600,\"height\":438,\"caption\":\"Domaine Santa Giulia Palace - S\u00e9jour de luxe - Vue Mer en Corse\"},\"image\":{\"@id\":\"https:\\\/\\\/santa-giulia.net\\\/it\\\/#\\\/schema\\\/logo\\\/image\\\/\"},\"sameAs\":[\"https:\\\/\\\/www.facebook.com\\\/ResidenceSantaGiuliaPalace\",\"https:\\\/\\\/www.instagram.com\\\/santagiuliapalace\\\/\"]}]}<\/script>\n<!-- \/ Yoast SEO plugin. -->","yoast_head_json":{"title":"Eco-responsabilit\u00e0 Palazzo Domain Santa Giulia - Soggiorno di lusso in Corsica","description":"Al Domaine Santa Giulia Palace il rispetto, soprattutto per la natura, \u00e8 l'essenza dei nostri valori.","robots":{"index":"index","follow":"follow","max-snippet":"max-snippet:-1","max-image-preview":"max-image-preview:large","max-video-preview":"max-video-preview:-1"},"canonical":"https:\/\/santa-giulia.net\/it\/eco-responsabilita\/","og_locale":"it_IT","og_type":"article","og_title":"Eco-responsabilit\u00e0 Palazzo Domain Santa Giulia - Soggiorno di lusso in Corsica","og_description":"Al Domaine Santa Giulia Palace il rispetto, soprattutto per la natura, \u00e8 l'essenza dei nostri valori.","og_url":"https:\/\/santa-giulia.net\/it\/eco-responsabilita\/","og_site_name":"Domaine Santa Giulia Palace - S\u00e9jour de luxe - Vue Mer en Corse","article_publisher":"https:\/\/www.facebook.com\/ResidenceSantaGiuliaPalace","article_modified_time":"2025-12-08T11:09:55+00:00","twitter_card":"summary_large_image","twitter_misc":{"Tempo di lettura stimato":"5 minuti"},"schema":{"@context":"https:\/\/schema.org","@graph":[{"@type":"WebPage","@id":"https:\/\/santa-giulia.net\/it\/eco-responsabilita\/","url":"https:\/\/santa-giulia.net\/it\/eco-responsabilita\/","name":"Eco-responsabilit\u00e0 Palazzo Domain Santa Giulia - Soggiorno di lusso in Corsica","isPartOf":{"@id":"https:\/\/santa-giulia.net\/it\/#website"},"datePublished":"2024-03-22T09:22:31+00:00","dateModified":"2025-12-08T11:09:55+00:00","description":"Al Domaine Santa Giulia Palace il rispetto, soprattutto per la natura, \u00e8 l'essenza dei nostri valori.","breadcrumb":{"@id":"https:\/\/santa-giulia.net\/it\/eco-responsabilita\/#breadcrumb"},"inLanguage":"it-IT","potentialAction":[{"@type":"ReadAction","target":["https:\/\/santa-giulia.net\/it\/eco-responsabilita\/"]}]},{"@type":"BreadcrumbList","@id":"https:\/\/santa-giulia.net\/it\/eco-responsabilita\/#breadcrumb","itemListElement":[{"@type":"ListItem","position":1,"name":"Accueil","item":"https:\/\/santa-giulia.net\/it\/"},{"@type":"ListItem","position":2,"name":"Eco-responsabilit\u00e0"}]},{"@type":"WebSite","@id":"https:\/\/santa-giulia.net\/it\/#website","url":"https:\/\/santa-giulia.net\/it\/","name":"Domaine Santa Giulia Palace - S\u00e9jour de luxe - Vue Mer en Corse","description":"Un Site d\u00e9velopp\u00e9 par PMT Hotels","publisher":{"@id":"https:\/\/santa-giulia.net\/it\/#organization"},"potentialAction":[{"@type":"SearchAction","target":{"@type":"EntryPoint","urlTemplate":"https:\/\/santa-giulia.net\/it\/?s={search_term_string}"},"query-input":{"@type":"PropertyValueSpecification","valueRequired":true,"valueName":"search_term_string"}}],"inLanguage":"it-IT"},{"@type":"Organization","@id":"https:\/\/santa-giulia.net\/it\/#organization","name":"Domaine Santa Giulia Palace - S\u00e9jour de luxe - Vue Mer en Corse","url":"https:\/\/santa-giulia.net\/it\/","logo":{"@type":"ImageObject","inLanguage":"it-IT","@id":"https:\/\/santa-giulia.net\/it\/#\/schema\/logo\/image\/","url":"https:\/\/santagiulia.net\/wp-content\/uploads\/2023\/06\/Logo-Domaine-Santa-Giulia-Palace-600.png","contentUrl":"https:\/\/santagiulia.net\/wp-content\/uploads\/2023\/06\/Logo-Domaine-Santa-Giulia-Palace-600.png","width":600,"height":438,"caption":"Domaine Santa Giulia Palace - S\u00e9jour de luxe - Vue Mer en Corse"},"image":{"@id":"https:\/\/santa-giulia.net\/it\/#\/schema\/logo\/image\/"},"sameAs":["https:\/\/www.facebook.com\/ResidenceSantaGiuliaPalace","https:\/\/www.instagram.com\/santagiuliapalace\/"]}]}},"_links":{"self":[{"href":"https:\/\/santa-giulia.net\/it\/wp-json\/wp\/v2\/pages\/2592","targetHints":{"allow":["GET"]}}],"collection":[{"href":"https:\/\/santa-giulia.net\/it\/wp-json\/wp\/v2\/pages"}],"about":[{"href":"https:\/\/santa-giulia.net\/it\/wp-json\/wp\/v2\/types\/page"}],"author":[{"embeddable":true,"href":"https:\/\/santa-giulia.net\/it\/wp-json\/wp\/v2\/users\/1"}],"replies":[{"embeddable":true,"href":"https:\/\/santa-giulia.net\/it\/wp-json\/wp\/v2\/comments?post=2592"}],"version-history":[{"count":5,"href":"https:\/\/santa-giulia.net\/it\/wp-json\/wp\/v2\/pages\/2592\/revisions"}],"predecessor-version":[{"id":3067,"href":"https:\/\/santa-giulia.net\/it\/wp-json\/wp\/v2\/pages\/2592\/revisions\/3067"}],"wp:attachment":[{"href":"https:\/\/santa-giulia.net\/it\/wp-json\/wp\/v2\/media?parent=2592"}],"curies":[{"name":"wp","href":"https:\/\/api.w.org\/{rel}","templated":true}]}}