{"id":2593,"date":"2024-05-03T13:12:36","date_gmt":"2024-05-03T11:12:36","guid":{"rendered":"https:\/\/santa-giulia.net\/galleria-fotografica\/"},"modified":"2025-06-18T10:55:38","modified_gmt":"2025-06-18T08:55:38","slug":"galleria-fotografica","status":"publish","type":"page","link":"https:\/\/santa-giulia.net\/it\/galleria-fotografica\/","title":{"rendered":"Galerie Photo"},"content":{"rendered":"<div class=\"wpb-content-wrapper\"><p>[vc_row][vc_column]<div class=\"ult-spacer spacer-69deadeba3fea\" data-id=\"69deadeba3fea\" data-height=\"50\" data-height-mobile=\"25\" data-height-tab=\"\" data-height-tab-portrait=\"\" data-height-mobile-landscape=\"\" style=\"clear:both;display:block;\"><\/div>[\/vc_column][\/vc_row]<\/p>\n<\/div>","protected":false},"excerpt":{"rendered":"<p>[vc_row][vc_column][\/vc_column][\/vc_row]<\/p>\n","protected":false},"author":1,"featured_media":0,"parent":0,"menu_order":9,"comment_status":"closed","ping_status":"closed","template":"template-media.php","meta":{"footnotes":""},"class_list":["post-2593","page","type-page","status-publish","hentry","description-off"],"yoast_head":"<!-- This site is optimized with the Yoast SEO plugin v27.4 - https:\/\/yoast.com\/product\/yoast-seo-wordpress\/ -->\n<title>Galerie Photo Palazzo Domain Santa Giulia - Soggiorno di lusso in Corsica<\/title>\n<meta name=\"description\" content=\"Residence a Porto-Vecchio vicino a Bonifacio. Appartamenti e ville in affitto con vista mare, 3 piscine, jacuzzi. Spiaggia di Santa Giulia a 300 m a piedi.\" \/>\n<meta name=\"robots\" content=\"index, follow, max-snippet:-1, max-image-preview:large, max-video-preview:-1\" \/>\n<link rel=\"canonical\" href=\"https:\/\/santa-giulia.net\/it\/galleria-fotografica\/\" \/>\n<meta property=\"og:locale\" content=\"it_IT\" \/>\n<meta property=\"og:type\" content=\"article\" \/>\n<meta property=\"og:title\" content=\"Galerie Photo Palazzo Domain Santa Giulia - Soggiorno di lusso in Corsica\" \/>\n<meta property=\"og:description\" content=\"Residence a Porto-Vecchio vicino a Bonifacio. Appartamenti e ville in affitto con vista mare, 3 piscine, jacuzzi. Spiaggia di Santa Giulia a 300 m a piedi.\" \/>\n<meta property=\"og:url\" content=\"https:\/\/santa-giulia.net\/it\/galleria-fotografica\/\" \/>\n<meta property=\"og:site_name\" content=\"Domaine Santa Giulia Palace - S\u00e9jour de luxe - Vue Mer en Corse\" \/>\n<meta property=\"article:publisher\" content=\"https:\/\/www.facebook.com\/ResidenceSantaGiuliaPalace\" \/>\n<meta property=\"article:modified_time\" content=\"2025-06-18T08:55:38+00:00\" \/>\n<meta name=\"twitter:card\" content=\"summary_large_image\" \/>\n<meta name=\"twitter:label1\" content=\"Tempo di lettura stimato\" \/>\n\t<meta name=\"twitter:data1\" content=\"1 minuto\" \/>\n<script type=\"application\/ld+json\" class=\"yoast-schema-graph\">{\"@context\":\"https:\\\/\\\/schema.org\",\"@graph\":[{\"@type\":\"WebPage\",\"@id\":\"https:\\\/\\\/santa-giulia.net\\\/it\\\/galleria-fotografica\\\/\",\"url\":\"https:\\\/\\\/santa-giulia.net\\\/it\\\/galleria-fotografica\\\/\",\"name\":\"Galerie Photo Palazzo Domain Santa Giulia - Soggiorno di lusso in Corsica\",\"isPartOf\":{\"@id\":\"https:\\\/\\\/santa-giulia.net\\\/it\\\/#website\"},\"datePublished\":\"2024-05-03T11:12:36+00:00\",\"dateModified\":\"2025-06-18T08:55:38+00:00\",\"description\":\"Residence a Porto-Vecchio vicino a Bonifacio. Appartamenti e ville in affitto con vista mare, 3 piscine, jacuzzi. Spiaggia di Santa Giulia a 300 m a piedi.\",\"breadcrumb\":{\"@id\":\"https:\\\/\\\/santa-giulia.net\\\/it\\\/galleria-fotografica\\\/#breadcrumb\"},\"inLanguage\":\"it-IT\",\"potentialAction\":[{\"@type\":\"ReadAction\",\"target\":[\"https:\\\/\\\/santa-giulia.net\\\/it\\\/galleria-fotografica\\\/\"]}]},{\"@type\":\"BreadcrumbList\",\"@id\":\"https:\\\/\\\/santa-giulia.net\\\/it\\\/galleria-fotografica\\\/#breadcrumb\",\"itemListElement\":[{\"@type\":\"ListItem\",\"position\":1,\"name\":\"Accueil\",\"item\":\"https:\\\/\\\/santa-giulia.net\\\/it\\\/\"},{\"@type\":\"ListItem\",\"position\":2,\"name\":\"Galerie Photo\"}]},{\"@type\":\"WebSite\",\"@id\":\"https:\\\/\\\/santa-giulia.net\\\/it\\\/#website\",\"url\":\"https:\\\/\\\/santa-giulia.net\\\/it\\\/\",\"name\":\"Domaine Santa Giulia Palace - S\u00e9jour de luxe - Vue Mer en Corse\",\"description\":\"Un Site d\u00e9velopp\u00e9 par PMT Hotels\",\"publisher\":{\"@id\":\"https:\\\/\\\/santa-giulia.net\\\/it\\\/#organization\"},\"potentialAction\":[{\"@type\":\"SearchAction\",\"target\":{\"@type\":\"EntryPoint\",\"urlTemplate\":\"https:\\\/\\\/santa-giulia.net\\\/it\\\/?s={search_term_string}\"},\"query-input\":{\"@type\":\"PropertyValueSpecification\",\"valueRequired\":true,\"valueName\":\"search_term_string\"}}],\"inLanguage\":\"it-IT\"},{\"@type\":\"Organization\",\"@id\":\"https:\\\/\\\/santa-giulia.net\\\/it\\\/#organization\",\"name\":\"Domaine Santa Giulia Palace - S\u00e9jour de luxe - Vue Mer en Corse\",\"url\":\"https:\\\/\\\/santa-giulia.net\\\/it\\\/\",\"logo\":{\"@type\":\"ImageObject\",\"inLanguage\":\"it-IT\",\"@id\":\"https:\\\/\\\/santa-giulia.net\\\/it\\\/#\\\/schema\\\/logo\\\/image\\\/\",\"url\":\"https:\\\/\\\/santagiulia.net\\\/wp-content\\\/uploads\\\/2023\\\/06\\\/Logo-Domaine-Santa-Giulia-Palace-600.png\",\"contentUrl\":\"https:\\\/\\\/santagiulia.net\\\/wp-content\\\/uploads\\\/2023\\\/06\\\/Logo-Domaine-Santa-Giulia-Palace-600.png\",\"width\":600,\"height\":438,\"caption\":\"Domaine Santa Giulia Palace - S\u00e9jour de luxe - Vue Mer en Corse\"},\"image\":{\"@id\":\"https:\\\/\\\/santa-giulia.net\\\/it\\\/#\\\/schema\\\/logo\\\/image\\\/\"},\"sameAs\":[\"https:\\\/\\\/www.facebook.com\\\/ResidenceSantaGiuliaPalace\",\"https:\\\/\\\/www.instagram.com\\\/santagiuliapalace\\\/\"]}]}<\/script>\n<!-- \/ Yoast SEO plugin. -->","yoast_head_json":{"title":"Galerie Photo Palazzo Domain Santa Giulia - Soggiorno di lusso in Corsica","description":"Residence a Porto-Vecchio vicino a Bonifacio. Appartamenti e ville in affitto con vista mare, 3 piscine, jacuzzi. Spiaggia di Santa Giulia a 300 m a piedi.","robots":{"index":"index","follow":"follow","max-snippet":"max-snippet:-1","max-image-preview":"max-image-preview:large","max-video-preview":"max-video-preview:-1"},"canonical":"https:\/\/santa-giulia.net\/it\/galleria-fotografica\/","og_locale":"it_IT","og_type":"article","og_title":"Galerie Photo Palazzo Domain Santa Giulia - Soggiorno di lusso in Corsica","og_description":"Residence a Porto-Vecchio vicino a Bonifacio. Appartamenti e ville in affitto con vista mare, 3 piscine, jacuzzi. Spiaggia di Santa Giulia a 300 m a piedi.","og_url":"https:\/\/santa-giulia.net\/it\/galleria-fotografica\/","og_site_name":"Domaine Santa Giulia Palace - S\u00e9jour de luxe - Vue Mer en Corse","article_publisher":"https:\/\/www.facebook.com\/ResidenceSantaGiuliaPalace","article_modified_time":"2025-06-18T08:55:38+00:00","twitter_card":"summary_large_image","twitter_misc":{"Tempo di lettura stimato":"1 minuto"},"schema":{"@context":"https:\/\/schema.org","@graph":[{"@type":"WebPage","@id":"https:\/\/santa-giulia.net\/it\/galleria-fotografica\/","url":"https:\/\/santa-giulia.net\/it\/galleria-fotografica\/","name":"Galerie Photo Palazzo Domain Santa Giulia - Soggiorno di lusso in Corsica","isPartOf":{"@id":"https:\/\/santa-giulia.net\/it\/#website"},"datePublished":"2024-05-03T11:12:36+00:00","dateModified":"2025-06-18T08:55:38+00:00","description":"Residence a Porto-Vecchio vicino a Bonifacio. Appartamenti e ville in affitto con vista mare, 3 piscine, jacuzzi. Spiaggia di Santa Giulia a 300 m a piedi.","breadcrumb":{"@id":"https:\/\/santa-giulia.net\/it\/galleria-fotografica\/#breadcrumb"},"inLanguage":"it-IT","potentialAction":[{"@type":"ReadAction","target":["https:\/\/santa-giulia.net\/it\/galleria-fotografica\/"]}]},{"@type":"BreadcrumbList","@id":"https:\/\/santa-giulia.net\/it\/galleria-fotografica\/#breadcrumb","itemListElement":[{"@type":"ListItem","position":1,"name":"Accueil","item":"https:\/\/santa-giulia.net\/it\/"},{"@type":"ListItem","position":2,"name":"Galerie Photo"}]},{"@type":"WebSite","@id":"https:\/\/santa-giulia.net\/it\/#website","url":"https:\/\/santa-giulia.net\/it\/","name":"Domaine Santa Giulia Palace - S\u00e9jour de luxe - Vue Mer en Corse","description":"Un Site d\u00e9velopp\u00e9 par PMT Hotels","publisher":{"@id":"https:\/\/santa-giulia.net\/it\/#organization"},"potentialAction":[{"@type":"SearchAction","target":{"@type":"EntryPoint","urlTemplate":"https:\/\/santa-giulia.net\/it\/?s={search_term_string}"},"query-input":{"@type":"PropertyValueSpecification","valueRequired":true,"valueName":"search_term_string"}}],"inLanguage":"it-IT"},{"@type":"Organization","@id":"https:\/\/santa-giulia.net\/it\/#organization","name":"Domaine Santa Giulia Palace - S\u00e9jour de luxe - Vue Mer en Corse","url":"https:\/\/santa-giulia.net\/it\/","logo":{"@type":"ImageObject","inLanguage":"it-IT","@id":"https:\/\/santa-giulia.net\/it\/#\/schema\/logo\/image\/","url":"https:\/\/santagiulia.net\/wp-content\/uploads\/2023\/06\/Logo-Domaine-Santa-Giulia-Palace-600.png","contentUrl":"https:\/\/santagiulia.net\/wp-content\/uploads\/2023\/06\/Logo-Domaine-Santa-Giulia-Palace-600.png","width":600,"height":438,"caption":"Domaine Santa Giulia Palace - S\u00e9jour de luxe - Vue Mer en Corse"},"image":{"@id":"https:\/\/santa-giulia.net\/it\/#\/schema\/logo\/image\/"},"sameAs":["https:\/\/www.facebook.com\/ResidenceSantaGiuliaPalace","https:\/\/www.instagram.com\/santagiuliapalace\/"]}]}},"_links":{"self":[{"href":"https:\/\/santa-giulia.net\/it\/wp-json\/wp\/v2\/pages\/2593","targetHints":{"allow":["GET"]}}],"collection":[{"href":"https:\/\/santa-giulia.net\/it\/wp-json\/wp\/v2\/pages"}],"about":[{"href":"https:\/\/santa-giulia.net\/it\/wp-json\/wp\/v2\/types\/page"}],"author":[{"embeddable":true,"href":"https:\/\/santa-giulia.net\/it\/wp-json\/wp\/v2\/users\/1"}],"replies":[{"embeddable":true,"href":"https:\/\/santa-giulia.net\/it\/wp-json\/wp\/v2\/comments?post=2593"}],"version-history":[{"count":2,"href":"https:\/\/santa-giulia.net\/it\/wp-json\/wp\/v2\/pages\/2593\/revisions"}],"predecessor-version":[{"id":3002,"href":"https:\/\/santa-giulia.net\/it\/wp-json\/wp\/v2\/pages\/2593\/revisions\/3002"}],"wp:attachment":[{"href":"https:\/\/santa-giulia.net\/it\/wp-json\/wp\/v2\/media?parent=2593"}],"curies":[{"name":"wp","href":"https:\/\/api.w.org\/{rel}","templated":true}]}}